{"id":9246,"date":"2024-09-17T14:41:57","date_gmt":"2024-09-17T12:41:57","guid":{"rendered":"https:\/\/antcube.shop\/en\/product\/antcube-gipsnest-60x30-stehend\/"},"modified":"2026-03-03T21:23:18","modified_gmt":"2026-03-03T20:23:18","slug":"antcube-gipsrede-60x30-staende","status":"publish","type":"product","link":"https:\/\/antcube.shop\/nb\/produkt\/antcube-gipsrede-60x30-staende\/","title":{"rendered":"ANTCUBE - Gipsrede 60\u00d730 - st\u00e5ende"},"content":{"rendered":"<p><span data-text-color=\"alert\"><strong>Frakt kun mulig via GO! i Tyskland eller via palett i Europa (ingen \u00f8yer)<\/strong><\/span><\/p>\n<p><strong>Dimensjoner:<\/strong> 582 x 239 x 45,5 mm<\/p>\n<p><strong>Materiell:<\/strong> gips<\/p>\n<p>Passer bare i v\u00e5re maurfarmer av st\u00f8rrelsen <span style=\"font-size: 10.5pt; font-family: Arial; color: #ff0000; background-color: transparent; font-weight: bold; font-style: normal; font-variant: normal; text-decoration: none; vertical-align: baseline;\">XL<\/span><\/p>\n<p><strong>Beskrivelse:<\/strong> Gipsreiret v\u00e5rt med prefabrikkerte ganger og kamre er egnet for mange maurarter, spesielt for arter som bygger reirene sine i sv\u00e6rt sandholdig eller steinete jord. Det har to tilkoblingsstusser for tilgang til reiret. Gips har den egenskapen at det absorberer vann, slik at en viss mengde fuktighet lagres. Likevel b\u00f8r gipsreiret ikke brukes permanent fuktig, da det ellers kan dannes mugg (p\u00e5 grunn av matrester eller ekskrementer fra maurene). Derfor b\u00f8r arter fra ganske t\u00f8rre regioner holdes her hvis mulig. Dette kan for eksempel v\u00e6re arter fra middelhavs- eller \u00f8rkenomr\u00e5der.<\/p>","protected":false},"excerpt":{"rendered":"<p>Frakt kun mulig via GO! i Tyskland eller via palett i Europa (ingen \u00f8yer) M\u00e5l: 282 x 239 x 45,5 mm Materiale: gips Passer kun i v\u00e5re maurtuer i st\u00f8rrelse XL Beskrivelse: Gipsreiret v\u00e5rt med prefabrikkerte passasjer og kamre er egnet for mange maurarter, spesielt for arter som bygger","protected":false},"featured_media":9680,"comment_status":"open","ping_status":"closed","template":"","meta":{"_acf_changed":false,"content-type":"","_monsterinsights_skip_tracking":false,"_monsterinsights_sitenote_active":false,"_monsterinsights_sitenote_note":"","_monsterinsights_sitenote_category":0},"product_brand":[],"product_cat":[87,90],"product_tag":[],"class_list":{"0":"post-9246","1":"product","2":"type-product","3":"status-publish","4":"has-post-thumbnail","6":"product_cat-nest-insets","7":"product_cat-gypsum","9":"first","10":"instock","11":"taxable","12":"shipping-taxable","13":"purchasable","14":"product-type-simple"},"acf":[],"aioseo_notices":[],"jetpack_sharing_enabled":true,"_links":{"self":[{"href":"https:\/\/antcube.shop\/nb\/wp-json\/wp\/v2\/product\/9246","targetHints":{"allow":["GET"]}}],"collection":[{"href":"https:\/\/antcube.shop\/nb\/wp-json\/wp\/v2\/product"}],"about":[{"href":"https:\/\/antcube.shop\/nb\/wp-json\/wp\/v2\/types\/product"}],"replies":[{"embeddable":true,"href":"https:\/\/antcube.shop\/nb\/wp-json\/wp\/v2\/comments?post=9246"}],"wp:featuredmedia":[{"embeddable":true,"href":"https:\/\/antcube.shop\/nb\/wp-json\/wp\/v2\/media\/9680"}],"wp:attachment":[{"href":"https:\/\/antcube.shop\/nb\/wp-json\/wp\/v2\/media?parent=9246"}],"wp:term":[{"taxonomy":"product_brand","embeddable":true,"href":"https:\/\/antcube.shop\/nb\/wp-json\/wp\/v2\/product_brand?post=9246"},{"taxonomy":"product_cat","embeddable":true,"href":"https:\/\/antcube.shop\/nb\/wp-json\/wp\/v2\/product_cat?post=9246"},{"taxonomy":"product_tag","embeddable":true,"href":"https:\/\/antcube.shop\/nb\/wp-json\/wp\/v2\/product_tag?post=9246"}],"curies":[{"name":"wp","href":"https:\/\/api.w.org\/{rel}","templated":true}]}}