{"id":9242,"date":"2024-09-17T14:39:53","date_gmt":"2024-09-17T12:39:53","guid":{"rendered":"https:\/\/antcube.shop\/en\/product\/antcube-digfix-platte-30x30-xl\/"},"modified":"2026-03-29T14:39:22","modified_gmt":"2026-03-29T12:39:22","slug":"antcube-digfix-plate-30x30-xl","status":"publish","type":"product","link":"https:\/\/antcube.shop\/nb\/produkt\/antcube-digfix-plate-30x30-xl\/","title":{"rendered":"ANTCUBE - Digfix-plate 30\u00d730 - XL"},"content":{"rendered":"<p><span data-text-color=\"alert\"><strong>Frakt kun mulig via GO! i Tyskland eller via palett i Europa (ingen \u00f8yer)<\/strong><\/span><\/p>\n<p><strong>Dimensjoner:<\/strong> 284x230x50 mm (toleranse 282-285 mm)<\/p>\n<p><strong>Materiell:<\/strong> Digfix<\/p>\n<p><strong>Beskrivelse:<\/strong> Digfix-platen er laget av gravebart materiale og passer perfekt til v\u00e5re ANTCUBE maurfarmer. Den kan brukes b\u00e5de t\u00f8rr og v\u00e5t. Den er ogs\u00e5 egnet for mange maurarter, spesielt for arter som bygger reir i sand og (d\u00f8dt) treverk. Det kan brukes i stedet for sand\/leire-blandinger eller korkreir. En stor fordel i forhold til korkreir er at Digfix ikke mugner selv om det blir v\u00e5tt. Det betyr at maurarter med et h\u00f8yt fuktighetsbehov enkelt kan forsynes med tilstrekkelig vann. Digfix har ogs\u00e5 den fordelen at gravende maurarter ikke skitner til glassrutene i reiret n\u00e5r de graver, noe som gir perfekt innsyn i reiret.<\/p>\n<p><strong>Merk:<\/strong> Den naturlige fargen kan variere mellom gr\u00f8nn\/gr\u00e5brun og jordbrun. Fargetonen har ingen innvirkning p\u00e5 kvaliteten.<br \/>\nP\u00e5 grunn av produksjonsprosessen kan dimensjonene variere med +\/- 1 mm.<\/p>","protected":false},"excerpt":{"rendered":"<p>St\u00f8rrelse: <span style=\"color: #ff0000;\"><strong>XL<\/strong><\/span><\/p>","protected":false},"featured_media":9672,"comment_status":"open","ping_status":"closed","template":"","meta":{"_acf_changed":false,"content-type":"","_monsterinsights_skip_tracking":false,"_monsterinsights_sitenote_active":false,"_monsterinsights_sitenote_note":"","_monsterinsights_sitenote_category":0},"product_brand":[],"product_cat":[87,88],"product_tag":[],"class_list":{"0":"post-9242","1":"product","2":"type-product","3":"status-publish","4":"has-post-thumbnail","6":"product_cat-nest-insets","7":"product_cat-digfix","9":"first","10":"instock","11":"taxable","12":"shipping-taxable","13":"purchasable","14":"product-type-simple"},"acf":[],"aioseo_notices":[],"jetpack_sharing_enabled":true,"_links":{"self":[{"href":"https:\/\/antcube.shop\/nb\/wp-json\/wp\/v2\/product\/9242","targetHints":{"allow":["GET"]}}],"collection":[{"href":"https:\/\/antcube.shop\/nb\/wp-json\/wp\/v2\/product"}],"about":[{"href":"https:\/\/antcube.shop\/nb\/wp-json\/wp\/v2\/types\/product"}],"replies":[{"embeddable":true,"href":"https:\/\/antcube.shop\/nb\/wp-json\/wp\/v2\/comments?post=9242"}],"wp:featuredmedia":[{"embeddable":true,"href":"https:\/\/antcube.shop\/nb\/wp-json\/wp\/v2\/media\/9672"}],"wp:attachment":[{"href":"https:\/\/antcube.shop\/nb\/wp-json\/wp\/v2\/media?parent=9242"}],"wp:term":[{"taxonomy":"product_brand","embeddable":true,"href":"https:\/\/antcube.shop\/nb\/wp-json\/wp\/v2\/product_brand?post=9242"},{"taxonomy":"product_cat","embeddable":true,"href":"https:\/\/antcube.shop\/nb\/wp-json\/wp\/v2\/product_cat?post=9242"},{"taxonomy":"product_tag","embeddable":true,"href":"https:\/\/antcube.shop\/nb\/wp-json\/wp\/v2\/product_tag?post=9242"}],"curies":[{"name":"wp","href":"https:\/\/api.w.org\/{rel}","templated":true}]}}