{"id":9236,"date":"2024-09-17T14:31:58","date_gmt":"2024-09-17T12:31:58","guid":{"rendered":"https:\/\/antcube.shop\/en\/product\/ameisenarena-rahmen-20x10\/"},"modified":"2026-03-31T12:29:33","modified_gmt":"2026-03-31T10:29:33","slug":"maur-arena-ramme-20x10","status":"publish","type":"product","link":"https:\/\/antcube.shop\/nb\/produkt\/maur-arena-ramme-20x10\/","title":{"rendered":"Ramme for maurarena 20\u00d710"},"content":{"rendered":"<p><strong>Dimensjoner (LxBxH):<\/strong> 20x10x0,4 cm<\/p>\n<p><strong>Materiell:<\/strong> Flytende glass<\/p>\n<p><strong>Farge:<\/strong> klar \/ gjennomsiktig<\/p>\n<p><strong>Innhold:<\/strong><br \/>\n1x ramme for maurarena<\/p>\n<p><strong>Beskrivelse:<\/strong><br \/>\nRamme av glass til en maurarena som r\u00f8mningsbeskyttelse.<\/p>\n<p><strong>Bruksomr\u00e5de:<\/strong><br \/>\nMaurarena-rammen er en ramme laget av glass, som er plassert p\u00e5 en maurarena og er utstyrt med en utbruddsbeskyttelse (olje, pulver eller lakk) fra undersiden, og forhindrer dermed maur i \u00e5 bryte ut.<\/p>\n<p><strong>Merknad:<\/strong><br \/>\nSiden artikkelen er laget av glass og derfor er f\u00f8lsom, b\u00f8r den h\u00e5ndteres sv\u00e6rt forsiktig. Glass er kuttet i henhold til DIN 1249 med en toleranse p\u00e5 +\/- 1 mm. For ekstremt sm\u00e5 maurarter er det viktig med ekstra utbruddsbeskyttelse.<\/p>","protected":false},"excerpt":{"rendered":"<p>Dimensjoner (LxBxH): 60x30x0,4 cm Materiale: Flyteglass Farge: klar \/ gjennomsiktig Innhold: 1x Ramme til maurarena Beskrivelse: Ramme av glass til en maurarena som r\u00f8mningsbeskyttelse. Bruksomr\u00e5de: En maurarena-ramme er en ramme av glass som plasseres p\u00e5 en maurarena og er utstyrt med en utbruddsbeskyttelse (olje, pulver, etc.).","protected":false},"featured_media":9498,"comment_status":"open","ping_status":"closed","template":"","meta":{"_acf_changed":false,"content-type":"","_monsterinsights_skip_tracking":false,"_monsterinsights_sitenote_active":false,"_monsterinsights_sitenote_note":"","_monsterinsights_sitenote_category":0},"product_brand":[],"product_cat":[91,93],"product_tag":[],"class_list":{"0":"post-9236","1":"product","2":"type-product","3":"status-publish","4":"has-post-thumbnail","6":"product_cat-formicarium-modules","7":"product_cat-arena-frame","9":"first","10":"instock","11":"taxable","12":"shipping-taxable","13":"purchasable","14":"product-type-simple"},"acf":[],"aioseo_notices":[],"jetpack_sharing_enabled":true,"_links":{"self":[{"href":"https:\/\/antcube.shop\/nb\/wp-json\/wp\/v2\/product\/9236","targetHints":{"allow":["GET"]}}],"collection":[{"href":"https:\/\/antcube.shop\/nb\/wp-json\/wp\/v2\/product"}],"about":[{"href":"https:\/\/antcube.shop\/nb\/wp-json\/wp\/v2\/types\/product"}],"replies":[{"embeddable":true,"href":"https:\/\/antcube.shop\/nb\/wp-json\/wp\/v2\/comments?post=9236"}],"wp:featuredmedia":[{"embeddable":true,"href":"https:\/\/antcube.shop\/nb\/wp-json\/wp\/v2\/media\/9498"}],"wp:attachment":[{"href":"https:\/\/antcube.shop\/nb\/wp-json\/wp\/v2\/media?parent=9236"}],"wp:term":[{"taxonomy":"product_brand","embeddable":true,"href":"https:\/\/antcube.shop\/nb\/wp-json\/wp\/v2\/product_brand?post=9236"},{"taxonomy":"product_cat","embeddable":true,"href":"https:\/\/antcube.shop\/nb\/wp-json\/wp\/v2\/product_cat?post=9236"},{"taxonomy":"product_tag","embeddable":true,"href":"https:\/\/antcube.shop\/nb\/wp-json\/wp\/v2\/product_tag?post=9236"}],"curies":[{"name":"wp","href":"https:\/\/api.w.org\/{rel}","templated":true}]}}