{"id":9235,"date":"2024-09-17T14:31:37","date_gmt":"2024-09-17T12:31:37","guid":{"rendered":"https:\/\/antcube.shop\/en\/product\/ameisenarena-abdeckung-20x10\/"},"modified":"2026-04-03T22:49:10","modified_gmt":"2026-04-03T20:49:10","slug":"myr-arena-dekke-20x10","status":"publish","type":"product","link":"https:\/\/antcube.shop\/nb\/produkt\/myr-arena-dekke-20x10\/","title":{"rendered":"Myr arena dekke 20\u00d710"},"content":{"rendered":"<p><strong>Dimensjoner (LxBxH):<\/strong> 20x10x0,4 cm<\/p>\n<p><strong>Materiell:<\/strong> floatglass<\/p>\n<p><strong>Farge:<\/strong> krystallklar \/ gjennomsiktig<\/p>\n<p><strong>Innhold:<\/strong><br \/>\n1x myr arena deksel<br \/>\n1x festepunkter \u00e0 4 stk.<\/p>\n<p><strong>Beskrivelse:<\/strong><br \/>\nGlassdeksel for maurarenaen som r\u00f8mningsbeskyttelse<\/p>\n<p><strong>Bruksomr\u00e5de:<\/strong><br \/>\nMaurarenaens glassdeksel plasseres p\u00e5 en maurarena og brukes ogs\u00e5 til klimaregulering.<br \/>\nI de 50 mm store \u00e5pningene kan det settes inn ulike klimakontrollmoduler, f.eks. ventilasjonsrister, belysning eller luftfukting.<br \/>\nFor \u00e5 hindre maur i \u00e5 r\u00f8mme gjennom \u00e5pningene, b\u00f8r det p\u00e5f\u00f8res en r\u00f8mningsbeskyttelse (olje, pulver eller lakk) p\u00e5 undersiden rundt hullene.<\/p>\n<p><strong>Merk:<\/strong><br \/>\nEttersom gjenstanden er laget av glass og derfor er skj\u00f8r, b\u00f8r den h\u00e5ndteres med stor forsiktighet.<\/p>","protected":false},"excerpt":{"rendered":"<p>M\u00e5l (LxBxH): 20x10x0,4 cm Materiale: floatglass Farge: krystallklar \/ gjennomsiktig Innhold: 1x maurarena deksel 1x festepunkter \u00e0 4 stk. Beskrivelse: Glassdeksel for maurarenaen som r\u00f8mningsbeskyttelse Bruksomr\u00e5de: Glassdekselet til maurarenaen plasseres p\u00e5 en maurarena og brukes ogs\u00e5 til klimaregulering. Ulike klimakontroller","protected":false},"featured_media":9568,"comment_status":"open","ping_status":"closed","template":"","meta":{"_acf_changed":false,"content-type":"","_monsterinsights_skip_tracking":false,"_monsterinsights_sitenote_active":false,"_monsterinsights_sitenote_note":"","_monsterinsights_sitenote_category":0},"product_brand":[],"product_cat":[91,92],"product_tag":[],"class_list":{"0":"post-9235","1":"product","2":"type-product","3":"status-publish","4":"has-post-thumbnail","6":"product_cat-formicarium-modules","7":"product_cat-arena-cover","9":"first","10":"instock","11":"taxable","12":"shipping-taxable","13":"purchasable","14":"product-type-simple"},"acf":[],"aioseo_notices":[],"jetpack_sharing_enabled":true,"_links":{"self":[{"href":"https:\/\/antcube.shop\/nb\/wp-json\/wp\/v2\/product\/9235","targetHints":{"allow":["GET"]}}],"collection":[{"href":"https:\/\/antcube.shop\/nb\/wp-json\/wp\/v2\/product"}],"about":[{"href":"https:\/\/antcube.shop\/nb\/wp-json\/wp\/v2\/types\/product"}],"replies":[{"embeddable":true,"href":"https:\/\/antcube.shop\/nb\/wp-json\/wp\/v2\/comments?post=9235"}],"wp:featuredmedia":[{"embeddable":true,"href":"https:\/\/antcube.shop\/nb\/wp-json\/wp\/v2\/media\/9568"}],"wp:attachment":[{"href":"https:\/\/antcube.shop\/nb\/wp-json\/wp\/v2\/media?parent=9235"}],"wp:term":[{"taxonomy":"product_brand","embeddable":true,"href":"https:\/\/antcube.shop\/nb\/wp-json\/wp\/v2\/product_brand?post=9235"},{"taxonomy":"product_cat","embeddable":true,"href":"https:\/\/antcube.shop\/nb\/wp-json\/wp\/v2\/product_cat?post=9235"},{"taxonomy":"product_tag","embeddable":true,"href":"https:\/\/antcube.shop\/nb\/wp-json\/wp\/v2\/product_tag?post=9235"}],"curies":[{"name":"wp","href":"https:\/\/api.w.org\/{rel}","templated":true}]}}