{"id":9234,"date":"2024-09-17T14:31:14","date_gmt":"2024-09-17T12:31:14","guid":{"rendered":"https:\/\/antcube.shop\/en\/product\/ameisenarena-lufter-50mm\/"},"modified":"2026-04-14T12:07:22","modified_gmt":"2026-04-14T10:07:22","slug":"ameisenarena-lufter-50mm","status":"publish","type":"product","link":"https:\/\/antcube.shop\/nb\/produkt\/ameisenarena-lufter-50mm\/","title":{"rendered":"Maur Arena - vifte 50 mm"},"content":{"rendered":"<p><span data-text-color=\"alert\"><strong>Frakt kun mulig i Tyskland!<\/strong><\/span><\/p>\n<p><strong>Innhold:<\/strong><br \/>\n- Vifte 42 mm<br \/>\n- Gitterinnsats 50 mm - gjennomsiktig<br \/>\n- Plugg\/kontakt<\/p>\n<p><strong>Tekniske spesifikasjoner:<\/strong><br \/>\nEffekt: 1W<br \/>\nSpenning: 12 V<br \/>\nKabellengde: 10 cm<br \/>\nTemperaturomr\u00e5de -10 - +60 \u00b0C<br \/>\nLevetid 50 000 timer<br \/>\nLuftmengde 10 m\u00b3\/t (med p\u00e5montert gitter, luftmengden reduseres avhengig av \u00e5pningsst\u00f8rrelsen)<\/p>\n<p><strong>Materiell:<\/strong> plast<\/p>\n<p><strong>Farge:<\/strong> hvit \/ gjennomsiktig<\/p>\n<p><strong>Beskrivelse:<\/strong><br \/>\nFor \u00e5 ventilere en maurarena kan denne viften kobles direkte til maurarenaens lokk.<\/p>\n<p><strong>Milj\u00f8informasjon:<\/strong><br \/>\nSpesiell avhending kan v\u00e6re n\u00f8dvendig. Ta kontakt med lokale myndigheter.<br \/>\nYtterligere informasjon:<\/p>\n<blockquote class=\"wp-embedded-content\" data-secret=\"E5wsFkHgL8\"><p><a href=\"https:\/\/antcube.shop\/en\/electrical-devices-act\/\">Lov om elektrisk utstyr<\/a><\/p><\/blockquote>\n<p><iframe loading=\"lazy\" class=\"wp-embedded-content\" sandbox=\"allow-scripts\" security=\"restricted\" style=\"position: absolute; visibility: hidden;\" title=\"&quot;Lov om elektriske apparater&quot; - ANTCUBE\" src=\"https:\/\/antcube.shop\/en\/electrical-devices-act\/embed\/#?secret=BvHuHVTyVI#?secret=E5wsFkHgL8\" data-secret=\"E5wsFkHgL8\" width=\"600\" height=\"338\" frameborder=\"0\" marginwidth=\"0\" marginheight=\"0\" scrolling=\"no\"><\/iframe><\/p>\n<p>&nbsp;<\/p>\n<p>Denne artikkelen er registrert i henhold til WEEE-Reg. DE 54590387.<\/p>\n<p>&nbsp;<\/p>","protected":false},"excerpt":{"rendered":"<p>Frakt kun mulig i Tyskland! Innhold: - Vifte 42 mm - Gitterinnsats 50 mm - gjennomsiktig - Plugg \/ kontakt Tekniske spesifikasjoner: Effekt: 1W Spenning: 12V Kabellengde: 10 cm Temperaturomr\u00e5de -10 - +60 \u00b0C Levetid 50 000 timer Luftmengde 10 m\u00b3\/t (med gitterinnsats reduseres luftmengden avhengig av [...]","protected":false},"featured_media":9512,"comment_status":"open","ping_status":"closed","template":"","meta":{"_acf_changed":false,"content-type":"","_monsterinsights_skip_tracking":false,"_monsterinsights_sitenote_active":false,"_monsterinsights_sitenote_note":"","_monsterinsights_sitenote_category":0},"product_brand":[],"product_cat":[359,119],"product_tag":[],"class_list":{"0":"post-9234","1":"product","2":"type-product","3":"status-publish","4":"has-post-thumbnail","6":"product_cat-light-heat-humidity","7":"product_cat-formicarium-components","9":"first","10":"instock","11":"taxable","12":"shipping-taxable","13":"purchasable","14":"product-type-simple"},"acf":[],"aioseo_notices":[],"jetpack_sharing_enabled":true,"_links":{"self":[{"href":"https:\/\/antcube.shop\/nb\/wp-json\/wp\/v2\/product\/9234","targetHints":{"allow":["GET"]}}],"collection":[{"href":"https:\/\/antcube.shop\/nb\/wp-json\/wp\/v2\/product"}],"about":[{"href":"https:\/\/antcube.shop\/nb\/wp-json\/wp\/v2\/types\/product"}],"replies":[{"embeddable":true,"href":"https:\/\/antcube.shop\/nb\/wp-json\/wp\/v2\/comments?post=9234"}],"wp:featuredmedia":[{"embeddable":true,"href":"https:\/\/antcube.shop\/nb\/wp-json\/wp\/v2\/media\/9512"}],"wp:attachment":[{"href":"https:\/\/antcube.shop\/nb\/wp-json\/wp\/v2\/media?parent=9234"}],"wp:term":[{"taxonomy":"product_brand","embeddable":true,"href":"https:\/\/antcube.shop\/nb\/wp-json\/wp\/v2\/product_brand?post=9234"},{"taxonomy":"product_cat","embeddable":true,"href":"https:\/\/antcube.shop\/nb\/wp-json\/wp\/v2\/product_cat?post=9234"},{"taxonomy":"product_tag","embeddable":true,"href":"https:\/\/antcube.shop\/nb\/wp-json\/wp\/v2\/product_tag?post=9234"}],"curies":[{"name":"wp","href":"https:\/\/api.w.org\/{rel}","templated":true}]}}