{"id":9233,"date":"2024-09-17T14:30:50","date_gmt":"2024-09-17T12:30:50","guid":{"rendered":"https:\/\/antcube.shop\/en\/product\/ameisenarena-lufter-set-50mm-mit-netzgerat\/"},"modified":"2026-04-02T18:12:07","modified_gmt":"2026-04-02T16:12:07","slug":"ameisenarena-lufter-sett-50mm-mit-netzgerat","status":"publish","type":"product","link":"https:\/\/antcube.shop\/nb\/produkt\/ameisenarena-lufter-sett-50mm-mit-netzgerat\/","title":{"rendered":"Ant Arena - viftesett 50 mm med str\u00f8mforsyning"},"content":{"rendered":"<p><span data-text-color=\"alert\"><strong>Frakt kun mulig i Tyskland!<\/strong><\/span><\/p>\n<p><strong>Innhold:<\/strong><br \/>\n- Vifte 42 mm<br \/>\n- p\u00e5 gitterinnsats 50 mm - gjennomsiktig<br \/>\n- Str\u00f8mforsyningsenhet<br \/>\n- Plugg\/kontakt<\/p>\n<p><strong>Tekniske spesifikasjoner:<\/strong><br \/>\nStr\u00f8mforsyningsenhetens utgang: 2,5 A (12 W)<br \/>\nInngangsspenning: 100V-240V<br \/>\nSpenningsutgang: 5V<br \/>\nKabellengde: 10 cm (vifte)<br \/>\nKabellengde: 90 cm (str\u00f8mforsyningsenhet)<br \/>\nStr\u00f8mvifte 1 W<br \/>\nTemperaturomr\u00e5de -10 - +60 \u00b0C<br \/>\nLevetid 50 000 timer<br \/>\nLuftmengde 10 m\u00b3\/t (med p\u00e5montert gitter, luftmengden reduseres avhengig av \u00e5pningsst\u00f8rrelsen)<\/p>\n<p><strong>Dimensjoner:<\/strong> 5 x 5 x 1 cm (vifte)<\/p>\n<p><strong>Materiell:<\/strong> plast<\/p>\n<p><strong>Farge:<\/strong> gjennomsiktig, gjennomskinnelig (vifte); svart (str\u00f8mforsyningsenhet)<\/p>\n<p><strong>Beskrivelse:<\/strong><br \/>\nVentilasjon er spesielt viktig for \u00e5 oppn\u00e5 et mest mulig naturlig klima i et formicarium og for \u00e5 forhindre muggvekst. Viften kan enten monteres ved hjelp av de fire skrue\u00e5pningene eller m\u00e5 festes med silikon eller plastlim. Motoren g\u00e5r nesten lydl\u00f8st og vibrasjonsfritt.<\/p>\n<p><strong>Milj\u00f8informasjon:<\/strong><br \/>\nSpesiell avhending kan v\u00e6re n\u00f8dvendig. Ta kontakt med lokale myndigheter.<br \/>\nYtterligere informasjon:<\/p>\n<blockquote class=\"wp-embedded-content\" data-secret=\"jOGF5OPQCF\"><p><a href=\"https:\/\/antcube.shop\/en\/electrical-devices-act\/\">Lov om elektrisk utstyr<\/a><\/p><\/blockquote>\n<p><iframe loading=\"lazy\" class=\"wp-embedded-content\" sandbox=\"allow-scripts\" security=\"restricted\" style=\"position: absolute; visibility: hidden;\" title=\"&quot;Lov om elektriske apparater&quot; - ANTCUBE\" src=\"https:\/\/antcube.shop\/en\/electrical-devices-act\/embed\/#?secret=NfRYQNwKWB#?secret=jOGF5OPQCF\" data-secret=\"jOGF5OPQCF\" width=\"600\" height=\"338\" frameborder=\"0\" marginwidth=\"0\" marginheight=\"0\" scrolling=\"no\"><\/iframe><\/p>","protected":false},"excerpt":{"rendered":"<p>Shipping only possible in Germany! Contents: &#8211; Fan 42mm &#8211; on grille insert 50mm &#8211; transparent &#8211; Power supply unit &#8211; Plug \/ connector Technical specifications: Power supply unit output: 2.5 A (12W) Voltage input: 100V-240V Voltage output: 5V Cable length: 10 cm (fan) Cable length: 90 cm (power supply unit) Power fan 1 W [&#8230;]","protected":false},"featured_media":9507,"comment_status":"open","ping_status":"closed","template":"","meta":{"_acf_changed":false,"content-type":"","_monsterinsights_skip_tracking":false,"_monsterinsights_sitenote_active":false,"_monsterinsights_sitenote_note":"","_monsterinsights_sitenote_category":0},"product_brand":[],"product_cat":[359,119],"product_tag":[],"class_list":{"0":"post-9233","1":"product","2":"type-product","3":"status-publish","4":"has-post-thumbnail","6":"product_cat-light-heat-humidity","7":"product_cat-formicarium-components","9":"first","10":"outofstock","11":"taxable","12":"shipping-taxable","13":"purchasable","14":"product-type-simple"},"acf":[],"aioseo_notices":[],"jetpack_sharing_enabled":true,"_links":{"self":[{"href":"https:\/\/antcube.shop\/nb\/wp-json\/wp\/v2\/product\/9233","targetHints":{"allow":["GET"]}}],"collection":[{"href":"https:\/\/antcube.shop\/nb\/wp-json\/wp\/v2\/product"}],"about":[{"href":"https:\/\/antcube.shop\/nb\/wp-json\/wp\/v2\/types\/product"}],"replies":[{"embeddable":true,"href":"https:\/\/antcube.shop\/nb\/wp-json\/wp\/v2\/comments?post=9233"}],"wp:featuredmedia":[{"embeddable":true,"href":"https:\/\/antcube.shop\/nb\/wp-json\/wp\/v2\/media\/9507"}],"wp:attachment":[{"href":"https:\/\/antcube.shop\/nb\/wp-json\/wp\/v2\/media?parent=9233"}],"wp:term":[{"taxonomy":"product_brand","embeddable":true,"href":"https:\/\/antcube.shop\/nb\/wp-json\/wp\/v2\/product_brand?post=9233"},{"taxonomy":"product_cat","embeddable":true,"href":"https:\/\/antcube.shop\/nb\/wp-json\/wp\/v2\/product_cat?post=9233"},{"taxonomy":"product_tag","embeddable":true,"href":"https:\/\/antcube.shop\/nb\/wp-json\/wp\/v2\/product_tag?post=9233"}],"curies":[{"name":"wp","href":"https:\/\/api.w.org\/{rel}","templated":true}]}}