{"id":9221,"date":"2024-09-17T14:26:05","date_gmt":"2024-09-17T12:26:05","guid":{"rendered":"https:\/\/antcube.shop\/en\/product\/antcube-ameisenfarm-xl-30x30-stehend\/"},"modified":"2026-03-29T14:39:20","modified_gmt":"2026-03-29T12:39:20","slug":"antcube-ameisenfarm-xl-30x30-stehend","status":"publish","type":"product","link":"https:\/\/antcube.shop\/nb\/produkt\/antcube-ameisenfarm-xl-30x30-stehend\/","title":{"rendered":"ANTCUBE - Maurfarm - XL - 30\u00d730 - st\u00e5ende"},"content":{"rendered":"<p><strong>Dimensjoner (LxBxH):<\/strong><br \/>\nutvendig: 290x58x299 mm<br \/>\ninnvendig: 284x50x290 mm<\/p>\n<p><strong>Materiell:<\/strong><br \/>\nFlyteglass, plast<\/p>\n<p><strong>farge:<\/strong><br \/>\nkrystallklart<\/p>\n<p><strong>Innhold:<\/strong><br \/>\n1x ANTCUBE maurfarm - 52 mm plateavstand<br \/>\n1x maurtue XL 30\u00d76<br \/>\n2x plugger 4 mm<\/p>\n<p><strong>Forbindelse:<\/strong><br \/>\nDet er et 27 mm hull p\u00e5 begge sider, slik at denne g\u00e5rden kan kobles til en 28 mm slange eller v\u00e5r \"tankkobling med slange for 27 mm hull\".<br \/>\n2x 4mm hull med 4mm plugger.<\/p>\n<p><strong>Beskrivelse:<\/strong><br \/>\nDenne helt gjennomsiktige maurfarmen er egnet for maurarter i st\u00f8rrelse M.<\/p>\n<p><strong>Merknader om produksjon<\/strong><br \/>\nGlasset er sk\u00e5ret i henhold til DIN 1249 med en toleranse p\u00e5 +\/- 1 mm. For ekstremt sm\u00e5 maurarter er ekstra r\u00f8mningsbeskyttelse viktig.<\/p>\n<p><strong>Merknad om g\u00e5rden<\/strong><br \/>\nV\u00e6r oppmerksom p\u00e5 f\u00f8lgende n\u00e5r du monterer slangene:<br \/>\nHvis slangen er sv\u00e6rt vanskelig \u00e5 f\u00e5 p\u00e5 plass p\u00e5 tilkoblingsstussen, b\u00f8r stussen gnides lett med en dr\u00e5pe av v\u00e5r utbruddsbeskyttende olje eller pulver. Deretter skyves slangen p\u00e5 muffen med vridende eller skruende bevegelser uten \u00e5 belaste muffen med opp- og nedbevegelser.<\/p>","protected":false},"excerpt":{"rendered":"<p><strong>Tilkobling<\/strong>: 27 mm boring<br \/>\n<strong>St\u00f8rrelse<\/strong>: <span style=\"font-size: small;\"><span style=\"font-family: Arial;\"><strong>XL<\/strong><\/span><\/span><\/p>","protected":false},"featured_media":9540,"comment_status":"open","ping_status":"closed","template":"","meta":{"_acf_changed":false,"content-type":"","_monsterinsights_skip_tracking":false,"_monsterinsights_sitenote_active":false,"_monsterinsights_sitenote_note":"","_monsterinsights_sitenote_category":0},"product_brand":[],"product_cat":[80,84],"product_tag":[],"class_list":{"0":"post-9221","1":"product","2":"type-product","3":"status-publish","4":"has-post-thumbnail","6":"product_cat-antfarms","7":"product_cat-antfarms-xl","9":"first","10":"instock","11":"taxable","12":"shipping-taxable","13":"purchasable","14":"product-type-simple"},"acf":[],"aioseo_notices":[],"jetpack_sharing_enabled":true,"_links":{"self":[{"href":"https:\/\/antcube.shop\/nb\/wp-json\/wp\/v2\/product\/9221","targetHints":{"allow":["GET"]}}],"collection":[{"href":"https:\/\/antcube.shop\/nb\/wp-json\/wp\/v2\/product"}],"about":[{"href":"https:\/\/antcube.shop\/nb\/wp-json\/wp\/v2\/types\/product"}],"replies":[{"embeddable":true,"href":"https:\/\/antcube.shop\/nb\/wp-json\/wp\/v2\/comments?post=9221"}],"wp:featuredmedia":[{"embeddable":true,"href":"https:\/\/antcube.shop\/nb\/wp-json\/wp\/v2\/media\/9540"}],"wp:attachment":[{"href":"https:\/\/antcube.shop\/nb\/wp-json\/wp\/v2\/media?parent=9221"}],"wp:term":[{"taxonomy":"product_brand","embeddable":true,"href":"https:\/\/antcube.shop\/nb\/wp-json\/wp\/v2\/product_brand?post=9221"},{"taxonomy":"product_cat","embeddable":true,"href":"https:\/\/antcube.shop\/nb\/wp-json\/wp\/v2\/product_cat?post=9221"},{"taxonomy":"product_tag","embeddable":true,"href":"https:\/\/antcube.shop\/nb\/wp-json\/wp\/v2\/product_tag?post=9221"}],"curies":[{"name":"wp","href":"https:\/\/api.w.org\/{rel}","templated":true}]}}