{"id":9218,"date":"2024-09-17T14:24:56","date_gmt":"2024-09-17T12:24:56","guid":{"rendered":"https:\/\/antcube.shop\/en\/product\/antcube-ameisenfarm-xl-60x30-stehend\/"},"modified":"2026-04-02T09:54:11","modified_gmt":"2026-04-02T07:54:11","slug":"antcube-maurfarm-xl-60x30-staende","status":"publish","type":"product","link":"https:\/\/antcube.shop\/nb\/produkt\/antcube-maurfarm-xl-60x30-staende\/","title":{"rendered":"ANTCUBE - Maurfarm - L - 60\u00d730 - st\u00e5ende"},"content":{"rendered":"<p><span data-text-color=\"alert\"><strong>Frakt kun mulig via GO! i Tyskland eller via palett i Europa (ingen \u00f8yer)<\/strong><\/span><\/p>\n<p><strong>Dimensjoner (LxBxH):<\/strong><br \/>\nutvendig: 590x58x299 mm<br \/>\ninnvendig: 584x50x290 mm<\/p>\n<p><strong>Materiell:<\/strong><br \/>\nFlyteglass, plast<\/p>\n<p><strong>farge:<\/strong><br \/>\nkrystallklart<\/p>\n<p><strong>Innhold:<\/strong><br \/>\n1x ANTCUBE maurfarm - 52 mm plateavstand<br \/>\n1x maurfarmdeksel XL 60\u00d76<br \/>\n2x plugger 4 mm<\/p>\n<p><strong>Forbindelse:<\/strong><br \/>\nDet er et 27 mm hull p\u00e5 begge sider, slik at denne g\u00e5rden kan kobles til en 28 mm slange eller v\u00e5r \"tankkobling med slange for 27 mm hull\".<br \/>\n2x 4mm hull med 4mm plugger.<\/p>\n<p><strong>Beskrivelse:<\/strong><br \/>\nDenne helt gjennomsiktige maurfarmen er egnet for maurarter i st\u00f8rrelse M.<\/p>\n<p><strong>Merknader om produksjon<\/strong><br \/>\nGlasset er sk\u00e5ret i henhold til DIN 1249 med en toleranse p\u00e5 +\/- 1 mm. For ekstremt sm\u00e5 maurarter er ekstra r\u00f8mningsbeskyttelse viktig.<\/p>\n<p><strong>Merknad om g\u00e5rden<\/strong><br \/>\nV\u00e6r oppmerksom p\u00e5 f\u00f8lgende n\u00e5r du monterer slangene:<br \/>\nHvis slangen er sv\u00e6rt vanskelig \u00e5 f\u00e5 p\u00e5 plass p\u00e5 tilkoblingsstussen, b\u00f8r stussen gnides lett med en dr\u00e5pe av v\u00e5r utbruddsbeskyttende olje eller pulver. Deretter skyves slangen p\u00e5 muffen med vridende eller skruende bevegelser uten \u00e5 belaste muffen med opp- og nedbevegelser.<\/p>","protected":false},"excerpt":{"rendered":"<p><strong>Tilkobling<\/strong>: 27 mm hull for 28 mm slange eller \"kumkobling med slange for 27 mm hull\" + deksel Plateavstand: Innvendig 52 mm<\/p>\n<p><strong>St\u00f8rrelse<\/strong>: XL<\/p>","protected":false},"featured_media":9546,"comment_status":"open","ping_status":"closed","template":"","meta":{"_acf_changed":false,"content-type":"","_monsterinsights_skip_tracking":false,"_monsterinsights_sitenote_active":false,"_monsterinsights_sitenote_note":"","_monsterinsights_sitenote_category":0},"product_brand":[],"product_cat":[80,84],"product_tag":[],"class_list":{"0":"post-9218","1":"product","2":"type-product","3":"status-publish","4":"has-post-thumbnail","6":"product_cat-antfarms","7":"product_cat-antfarms-xl","8":"product_shipping_class-fragile","10":"first","11":"instock","12":"taxable","13":"shipping-taxable","14":"purchasable","15":"product-type-simple"},"acf":[],"aioseo_notices":[],"jetpack_sharing_enabled":true,"_links":{"self":[{"href":"https:\/\/antcube.shop\/nb\/wp-json\/wp\/v2\/product\/9218","targetHints":{"allow":["GET"]}}],"collection":[{"href":"https:\/\/antcube.shop\/nb\/wp-json\/wp\/v2\/product"}],"about":[{"href":"https:\/\/antcube.shop\/nb\/wp-json\/wp\/v2\/types\/product"}],"replies":[{"embeddable":true,"href":"https:\/\/antcube.shop\/nb\/wp-json\/wp\/v2\/comments?post=9218"}],"wp:featuredmedia":[{"embeddable":true,"href":"https:\/\/antcube.shop\/nb\/wp-json\/wp\/v2\/media\/9546"}],"wp:attachment":[{"href":"https:\/\/antcube.shop\/nb\/wp-json\/wp\/v2\/media?parent=9218"}],"wp:term":[{"taxonomy":"product_brand","embeddable":true,"href":"https:\/\/antcube.shop\/nb\/wp-json\/wp\/v2\/product_brand?post=9218"},{"taxonomy":"product_cat","embeddable":true,"href":"https:\/\/antcube.shop\/nb\/wp-json\/wp\/v2\/product_cat?post=9218"},{"taxonomy":"product_tag","embeddable":true,"href":"https:\/\/antcube.shop\/nb\/wp-json\/wp\/v2\/product_tag?post=9218"}],"curies":[{"name":"wp","href":"https:\/\/api.w.org\/{rel}","templated":true}]}}