{"id":9217,"date":"2024-09-17T14:24:20","date_gmt":"2024-09-17T12:24:20","guid":{"rendered":"https:\/\/antcube.shop\/en\/product\/antcube-ameisenfarm-m-20x10-stehend\/"},"modified":"2026-02-25T17:50:54","modified_gmt":"2026-02-25T16:50:54","slug":"antcube-maurfarm-m-20x10-staende","status":"publish","type":"product","link":"https:\/\/antcube.shop\/nb\/produkt\/antcube-maurfarm-m-20x10-staende\/","title":{"rendered":"ANTCUBE - maurfarm - L - 20\u00d720 - st\u00e5ende"},"content":{"rendered":"<p><strong>Dimensjoner (LxBxH):<\/strong><br \/>\nutvendig: 232x58x99 mm<br \/>\ninnvendig: 184x10x90 mm<\/p>\n<p><strong>Materiell:<\/strong><br \/>\nFlyteglass, plast<\/p>\n<p><strong>farge:<\/strong><br \/>\nkrystallklart<\/p>\n<p><strong>Innhold:<\/strong><br \/>\n1x ANTCUBE maurfarm - 10 mm plateavstand<br \/>\n1x maurfarmdeksel M 20\u00d72<br \/>\n2x plugger 4 mm<\/p>\n<p><strong>Forbindelse:<\/strong><br \/>\n2x 8\/10 x 10 mm stikkontakt<br \/>\n2x 4 mm hull med 4 mm plugger<\/p>\n<p><strong>Beskrivelse:<\/strong><br \/>\nDenne helt gjennomsiktige maurfarmen er egnet for maurarter i st\u00f8rrelse M.<\/p>\n<p><strong>Merknader om produksjon<\/strong><br \/>\nGlasset er sk\u00e5ret i henhold til DIN 1249 med en toleranse p\u00e5 +\/- 1 mm. For ekstremt sm\u00e5 maurarter er ekstra r\u00f8mningsbeskyttelse viktig.<\/p>\n<p><strong>Merknad om g\u00e5rden<\/strong><br \/>\nV\u00e6r oppmerksom p\u00e5 f\u00f8lgende n\u00e5r du monterer eller fjerner slanger:<br \/>\nHvis slangen er sv\u00e6rt vanskelig \u00e5 f\u00e5 p\u00e5 plass p\u00e5 tilkoblingsmuffen, b\u00f8r muffen gnides lett inn med en dr\u00e5pe av v\u00e5r olje eller pulver som beskytter mot utbrudd. Deretter skal slangen skyves p\u00e5 muffen ved hjelp av vridnings- eller skrubevegelser uten \u00e5 belaste muffen med opp- og nedbevegelser. Det samme gjelder n\u00e5r du fjerner slangene fra g\u00e5rdsstussen. Ikke bare dra den av!<\/p>","protected":false},"excerpt":{"rendered":"<p><strong>Forbindelse:<\/strong> Stikkontakt 2x 8\/10 mm + deksel Plateavstand: Innvendig 10 mm \/ utvendig 18 mm<\/p>\n<p><strong>St\u00f8rrelse<\/strong>: M<\/p>","protected":false},"featured_media":9547,"comment_status":"open","ping_status":"closed","template":"","meta":{"_acf_changed":false,"content-type":"","_monsterinsights_skip_tracking":false,"_monsterinsights_sitenote_active":false,"_monsterinsights_sitenote_note":"","_monsterinsights_sitenote_category":0},"product_brand":[],"product_cat":[80,82],"product_tag":[],"class_list":{"0":"post-9217","1":"product","2":"type-product","3":"status-publish","4":"has-post-thumbnail","6":"product_cat-antfarms","7":"product_cat-antfarms-m","9":"first","10":"instock","11":"taxable","12":"shipping-taxable","13":"purchasable","14":"product-type-simple"},"acf":[],"aioseo_notices":[],"jetpack_sharing_enabled":true,"_links":{"self":[{"href":"https:\/\/antcube.shop\/nb\/wp-json\/wp\/v2\/product\/9217","targetHints":{"allow":["GET"]}}],"collection":[{"href":"https:\/\/antcube.shop\/nb\/wp-json\/wp\/v2\/product"}],"about":[{"href":"https:\/\/antcube.shop\/nb\/wp-json\/wp\/v2\/types\/product"}],"replies":[{"embeddable":true,"href":"https:\/\/antcube.shop\/nb\/wp-json\/wp\/v2\/comments?post=9217"}],"wp:featuredmedia":[{"embeddable":true,"href":"https:\/\/antcube.shop\/nb\/wp-json\/wp\/v2\/media\/9547"}],"wp:attachment":[{"href":"https:\/\/antcube.shop\/nb\/wp-json\/wp\/v2\/media?parent=9217"}],"wp:term":[{"taxonomy":"product_brand","embeddable":true,"href":"https:\/\/antcube.shop\/nb\/wp-json\/wp\/v2\/product_brand?post=9217"},{"taxonomy":"product_cat","embeddable":true,"href":"https:\/\/antcube.shop\/nb\/wp-json\/wp\/v2\/product_cat?post=9217"},{"taxonomy":"product_tag","embeddable":true,"href":"https:\/\/antcube.shop\/nb\/wp-json\/wp\/v2\/product_tag?post=9217"}],"curies":[{"name":"wp","href":"https:\/\/api.w.org\/{rel}","templated":true}]}}