{"id":9213,"date":"2024-09-17T14:22:15","date_gmt":"2024-09-17T12:22:15","guid":{"rendered":"https:\/\/antcube.shop\/en\/product\/tiger-aloe-10cm\/"},"modified":"2026-04-13T09:32:19","modified_gmt":"2026-04-13T07:32:19","slug":"tigeraloe-10cm","status":"publish","type":"product","link":"https:\/\/antcube.shop\/nb\/produkt\/tigeraloe-10cm\/","title":{"rendered":"Tiger Aloe - 10 cm"},"content":{"rendered":"<p><strong>Dimensjoner:<\/strong> 99 x 95 x 105 mm<\/p>\n<p><strong>Materiell:<\/strong> polymerbetong, leire, plast<\/p>\n<p><strong>Farge:<\/strong><br \/>\nBase: gr\u00e5gr\u00f8nn<br \/>\nPlante: gr\u00f8nn med r\u00f8dbrune spisser<\/p>\n<p><strong>Innhold:<\/strong> 1 stk.<\/p>\n<p><strong>Beskrivelse:<\/strong> Tiger Aloe er laget av robust plast og har en base av kunstharpiks med steinutseende. Det gj\u00f8r den ekstremt slitesterk og gj\u00f8r at den ikke kan skades av maur.<br \/>\nLikevel ser den veldig naturlig og attraktiv ut og kan enkelt integreres i et formicarium.<\/p>\n<p><strong>Merk:<\/strong> Rengj\u00f8r under rennende vann f\u00f8r bruk!<\/p>","protected":false},"excerpt":{"rendered":"<p>Dimensjoner: 99 x 95 x 105 mm Materiale: polymerbetong, leire, plast Farge: Base: gr\u00e5gr\u00f8nn Plante: gr\u00f8nn med r\u00f8dbrune spisser Innhold: 1 stk Beskrivelse: Tiger Aloe er laget av robust plast og har en base av kunstharpiks med steinutseende. Det gj\u00f8r den ekstremt slitesterk og gj\u00f8r at den ikke kan skades av maur. Likevel er den","protected":false},"featured_media":9662,"comment_status":"open","ping_status":"closed","template":"","meta":{"_acf_changed":false,"content-type":"","_monsterinsights_skip_tracking":false,"_monsterinsights_sitenote_active":false,"_monsterinsights_sitenote_note":"","_monsterinsights_sitenote_category":0},"product_brand":[],"product_cat":[98,99],"product_tag":[],"class_list":{"0":"post-9213","1":"product","2":"type-product","3":"status-publish","4":"has-post-thumbnail","6":"product_cat-decoration","7":"product_cat-desert","9":"first","10":"instock","11":"taxable","12":"shipping-taxable","13":"purchasable","14":"product-type-simple"},"acf":[],"aioseo_notices":[],"jetpack_sharing_enabled":true,"_links":{"self":[{"href":"https:\/\/antcube.shop\/nb\/wp-json\/wp\/v2\/product\/9213","targetHints":{"allow":["GET"]}}],"collection":[{"href":"https:\/\/antcube.shop\/nb\/wp-json\/wp\/v2\/product"}],"about":[{"href":"https:\/\/antcube.shop\/nb\/wp-json\/wp\/v2\/types\/product"}],"replies":[{"embeddable":true,"href":"https:\/\/antcube.shop\/nb\/wp-json\/wp\/v2\/comments?post=9213"}],"wp:featuredmedia":[{"embeddable":true,"href":"https:\/\/antcube.shop\/nb\/wp-json\/wp\/v2\/media\/9662"}],"wp:attachment":[{"href":"https:\/\/antcube.shop\/nb\/wp-json\/wp\/v2\/media?parent=9213"}],"wp:term":[{"taxonomy":"product_brand","embeddable":true,"href":"https:\/\/antcube.shop\/nb\/wp-json\/wp\/v2\/product_brand?post=9213"},{"taxonomy":"product_cat","embeddable":true,"href":"https:\/\/antcube.shop\/nb\/wp-json\/wp\/v2\/product_cat?post=9213"},{"taxonomy":"product_tag","embeddable":true,"href":"https:\/\/antcube.shop\/nb\/wp-json\/wp\/v2\/product_tag?post=9213"}],"curies":[{"name":"wp","href":"https:\/\/api.w.org\/{rel}","templated":true}]}}