{"id":9212,"date":"2024-09-17T14:21:53","date_gmt":"2024-09-17T12:21:53","guid":{"rendered":"https:\/\/antcube.shop\/en\/product\/agave-10cm\/"},"modified":"2026-03-11T13:48:49","modified_gmt":"2026-03-11T12:48:49","slug":"agave-10cm","status":"publish","type":"product","link":"https:\/\/antcube.shop\/nb\/produkt\/agave-10cm\/","title":{"rendered":"Agave - 10 cm"},"content":{"rendered":"<p><strong>Dimensjoner:<\/strong> 104 x 97 x 103 mm<\/p>\n<p><strong>Materiell:<\/strong> polymerbetong, leire, plast<\/p>\n<p><strong>Farge:<\/strong><br \/>\nUnderlag: gr\u00e5brun<br \/>\nPlante: m\u00f8rkegr\u00f8nn-lysegr\u00f8nn med gr\u00e5 kant<\/p>\n<p><strong>Innhold:<\/strong> 1 stk.<\/p>\n<p><strong>Beskrivelse:<\/strong> Den lille agaven er laget av robust plast og har en base av kunstharpiks med steinutseende. Dette gj\u00f8r den ekstremt holdbar og kan ikke skades av maur.<br \/>\nLikevel ser den veldig naturlig og attraktiv ut og kan enkelt integreres i et formicarium.<\/p>\n<p><strong>Merk:<\/strong> Rengj\u00f8r under rennende vann f\u00f8r bruk!<\/p>","protected":false},"excerpt":{"rendered":"<p>Dimensjoner: 104 x 97 x 103 mm Materiale: polymerbetong, leire, plast Farge: Base: gr\u00e5brun Plante: m\u00f8rkegr\u00f8nn-lysegr\u00f8nn med gr\u00e5 kant Innhold: 1 stk Beskrivelse: Den lille agaven er laget av robust plast og har en base av kunstharpiks med steinutseende. Dette gj\u00f8r den ekstremt holdbar og kan ikke skades av maur.","protected":false},"featured_media":9659,"comment_status":"open","ping_status":"closed","template":"","meta":{"_acf_changed":false,"content-type":"","_monsterinsights_skip_tracking":false,"_monsterinsights_sitenote_active":false,"_monsterinsights_sitenote_note":"","_monsterinsights_sitenote_category":0},"product_brand":[],"product_cat":[98,99],"product_tag":[],"class_list":{"0":"post-9212","1":"product","2":"type-product","3":"status-publish","4":"has-post-thumbnail","6":"product_cat-decoration","7":"product_cat-desert","9":"first","10":"instock","11":"taxable","12":"shipping-taxable","13":"purchasable","14":"product-type-simple"},"acf":[],"aioseo_notices":[],"jetpack_sharing_enabled":true,"_links":{"self":[{"href":"https:\/\/antcube.shop\/nb\/wp-json\/wp\/v2\/product\/9212","targetHints":{"allow":["GET"]}}],"collection":[{"href":"https:\/\/antcube.shop\/nb\/wp-json\/wp\/v2\/product"}],"about":[{"href":"https:\/\/antcube.shop\/nb\/wp-json\/wp\/v2\/types\/product"}],"replies":[{"embeddable":true,"href":"https:\/\/antcube.shop\/nb\/wp-json\/wp\/v2\/comments?post=9212"}],"wp:featuredmedia":[{"embeddable":true,"href":"https:\/\/antcube.shop\/nb\/wp-json\/wp\/v2\/media\/9659"}],"wp:attachment":[{"href":"https:\/\/antcube.shop\/nb\/wp-json\/wp\/v2\/media?parent=9212"}],"wp:term":[{"taxonomy":"product_brand","embeddable":true,"href":"https:\/\/antcube.shop\/nb\/wp-json\/wp\/v2\/product_brand?post=9212"},{"taxonomy":"product_cat","embeddable":true,"href":"https:\/\/antcube.shop\/nb\/wp-json\/wp\/v2\/product_cat?post=9212"},{"taxonomy":"product_tag","embeddable":true,"href":"https:\/\/antcube.shop\/nb\/wp-json\/wp\/v2\/product_tag?post=9212"}],"curies":[{"name":"wp","href":"https:\/\/api.w.org\/{rel}","templated":true}]}}