{"id":9207,"date":"2024-09-17T14:19:09","date_gmt":"2024-09-17T12:19:09","guid":{"rendered":"https:\/\/antcube.shop\/en\/product\/grasstein-3cm\/"},"modified":"2026-04-17T23:17:17","modified_gmt":"2026-04-17T21:17:17","slug":"grasstein-3cm","status":"publish","type":"product","link":"https:\/\/antcube.shop\/nb\/produkt\/grasstein-3cm\/","title":{"rendered":"Gressstein - 3 cm"},"content":{"rendered":"<p><strong>Dimensjoner:<\/strong> ca. 86 x 29 x 30 mm<\/p>\n<p><strong>Materiell:<\/strong> polymerbetong, leire, plast<\/p>\n<p><strong>Farge:<\/strong><br \/>\nBase: gr\u00f8nn, m\u00f8rkegr\u00e5<br \/>\nPlante: lysegr\u00f8nn-m\u00f8rkegr\u00f8nn<\/p>\n<p><strong>Innhold:<\/strong> 1 stk.<\/p>\n<p><strong>Beskrivelse:<\/strong> Disse plantene er laget av robust plast og har en base av kunstharpiks med steinutseende. Dette gj\u00f8r dem ekstremt holdbare, og de kan ikke skades av maur. Likevel ser de veldig naturlige og attraktive ut og kan enkelt integreres i et formicarium.<\/p>\n<p><strong>Merk:<\/strong> Rengj\u00f8r under rennende vann f\u00f8r bruk!<\/p>\n<p>&nbsp;<\/p>","protected":false},"excerpt":{"rendered":"<p>M\u00e5l: ca. 86 x 29 x 30 mm Materiale: polymerbetong, leire, plast Farge: Base: gr\u00f8nn, m\u00f8rkegr\u00e5 Plante: lysegr\u00f8nn-m\u00f8rkegr\u00f8nn Innhold: 1 stk. Beskrivelse: Disse plantene er laget av robust plast og har en base av kunstharpiks med steinutseende. Dette gj\u00f8r dem ekstremt holdbare, og de kan ikke skades av maur.","protected":false},"featured_media":9356,"comment_status":"open","ping_status":"closed","template":"","meta":{"_acf_changed":false,"content-type":"","_monsterinsights_skip_tracking":false,"_monsterinsights_sitenote_active":false,"_monsterinsights_sitenote_note":"","_monsterinsights_sitenote_category":0},"product_brand":[],"product_cat":[98,102],"product_tag":[],"class_list":{"0":"post-9207","1":"product","2":"type-product","3":"status-publish","4":"has-post-thumbnail","6":"product_cat-decoration","7":"product_cat-meadow","9":"first","10":"instock","11":"taxable","12":"shipping-taxable","13":"purchasable","14":"product-type-simple"},"acf":[],"aioseo_notices":[],"jetpack_sharing_enabled":true,"_links":{"self":[{"href":"https:\/\/antcube.shop\/nb\/wp-json\/wp\/v2\/product\/9207","targetHints":{"allow":["GET"]}}],"collection":[{"href":"https:\/\/antcube.shop\/nb\/wp-json\/wp\/v2\/product"}],"about":[{"href":"https:\/\/antcube.shop\/nb\/wp-json\/wp\/v2\/types\/product"}],"replies":[{"embeddable":true,"href":"https:\/\/antcube.shop\/nb\/wp-json\/wp\/v2\/comments?post=9207"}],"wp:featuredmedia":[{"embeddable":true,"href":"https:\/\/antcube.shop\/nb\/wp-json\/wp\/v2\/media\/9356"}],"wp:attachment":[{"href":"https:\/\/antcube.shop\/nb\/wp-json\/wp\/v2\/media?parent=9207"}],"wp:term":[{"taxonomy":"product_brand","embeddable":true,"href":"https:\/\/antcube.shop\/nb\/wp-json\/wp\/v2\/product_brand?post=9207"},{"taxonomy":"product_cat","embeddable":true,"href":"https:\/\/antcube.shop\/nb\/wp-json\/wp\/v2\/product_cat?post=9207"},{"taxonomy":"product_tag","embeddable":true,"href":"https:\/\/antcube.shop\/nb\/wp-json\/wp\/v2\/product_tag?post=9207"}],"curies":[{"name":"wp","href":"https:\/\/api.w.org\/{rel}","templated":true}]}}