{"id":9030,"date":"2024-08-27T16:21:31","date_gmt":"2024-08-27T14:21:31","guid":{"rendered":"https:\/\/antcube.shop\/product\/antcube-digfix-terra-nidum-platte-40x20-l-beige\/"},"modified":"2026-04-14T14:05:23","modified_gmt":"2026-04-14T12:05:23","slug":"antcube-digfix-terra-nidum-plate-40x20-l-beige","status":"publish","type":"product","link":"https:\/\/antcube.shop\/nb\/produkt\/antcube-digfix-terra-nidum-plate-40x20-l-beige\/","title":{"rendered":"ANTCUBE - Digfix Terra nidum-plate 40\u00d720 - L - beige"},"content":{"rendered":"<p><strong>Dimensjoner:<\/strong> 383x160x19 mm<\/p>\n<p><strong>Materiell:<\/strong> Diggbart harpiksbasert materiale<\/p>\n<p><strong>Beskrivelse:<\/strong> Terra nidum-platen (latin for jordreir) er laget av gravedyktig materiale og passer perfekt til v\u00e5re ANTCUBE maurtuer. Den kan brukes b\u00e5de t\u00f8rt og v\u00e5tt. Den er ogs\u00e5 egnet for mange maurarter, spesielt arter som bygger reir i sand og (d\u00f8dt) treverk. Det kan brukes i stedet for sand\/leire-blandinger eller korkbolinnlegg. Fordelen med dette bolet er at det er lettere \u00e5 kontrollere fuktingen av platen p\u00e5 grunn av en godt synlig misfarging, og fargen p\u00e5 platen gir en super kontrast til de vanligvis m\u00f8rkere maurartene. I tillegg kan de indre rutene i maurtuen ikke tilsmusses med substrat, slik tilfellet er med for eksempel sand\/leire-blandinger, noe som gir perfekt innsyn til reiret. V\u00e5rt reirmateriale har ogs\u00e5 en mye fastere struktur, slik at tunneler og kamre som maurene graver, ikke kollapser.<\/p>\n<p><strong>Merk:<\/strong> Den naturlige fargen kan variere mellom beige \/ sand og lysebrun. Fargetonen har ingen innflytelse p\u00e5 kvaliteten.<br \/>\nDimensjonene kan variere med +\/- 1 mm p\u00e5 grunn av produksjonsprosessen<\/p>","protected":false},"excerpt":{"rendered":"<p>St\u00f8rrelse: <strong>L<\/strong><\/p>","protected":false},"featured_media":9039,"comment_status":"open","ping_status":"closed","template":"","meta":{"_acf_changed":false,"content-type":"","_monsterinsights_skip_tracking":false,"_monsterinsights_sitenote_active":false,"_monsterinsights_sitenote_note":"","_monsterinsights_sitenote_category":0},"product_brand":[],"product_cat":[257,87,88],"product_tag":[],"class_list":{"0":"post-9030","1":"product","2":"type-product","3":"status-publish","4":"has-post-thumbnail","6":"product_cat-new-innovatve-products","7":"product_cat-nest-insets","8":"product_cat-digfix","10":"first","11":"instock","12":"taxable","13":"shipping-taxable","14":"purchasable","15":"product-type-simple"},"acf":[],"aioseo_notices":[],"jetpack_sharing_enabled":true,"_links":{"self":[{"href":"https:\/\/antcube.shop\/nb\/wp-json\/wp\/v2\/product\/9030","targetHints":{"allow":["GET"]}}],"collection":[{"href":"https:\/\/antcube.shop\/nb\/wp-json\/wp\/v2\/product"}],"about":[{"href":"https:\/\/antcube.shop\/nb\/wp-json\/wp\/v2\/types\/product"}],"replies":[{"embeddable":true,"href":"https:\/\/antcube.shop\/nb\/wp-json\/wp\/v2\/comments?post=9030"}],"wp:featuredmedia":[{"embeddable":true,"href":"https:\/\/antcube.shop\/nb\/wp-json\/wp\/v2\/media\/9039"}],"wp:attachment":[{"href":"https:\/\/antcube.shop\/nb\/wp-json\/wp\/v2\/media?parent=9030"}],"wp:term":[{"taxonomy":"product_brand","embeddable":true,"href":"https:\/\/antcube.shop\/nb\/wp-json\/wp\/v2\/product_brand?post=9030"},{"taxonomy":"product_cat","embeddable":true,"href":"https:\/\/antcube.shop\/nb\/wp-json\/wp\/v2\/product_cat?post=9030"},{"taxonomy":"product_tag","embeddable":true,"href":"https:\/\/antcube.shop\/nb\/wp-json\/wp\/v2\/product_tag?post=9030"}],"curies":[{"name":"wp","href":"https:\/\/api.w.org\/{rel}","templated":true}]}}