{"id":8975,"date":"2024-08-19T20:52:02","date_gmt":"2024-08-19T18:52:02","guid":{"rendered":"https:\/\/antcube.shop\/product\/abstandshalter-fur-50mm-rohr\/"},"modified":"2026-01-12T12:40:38","modified_gmt":"2026-01-12T11:40:38","slug":"avstandsstykke-for-50-mm-ror","status":"publish","type":"product","link":"https:\/\/antcube.shop\/nb\/produkt\/avstandsstykke-for-50-mm-ror\/","title":{"rendered":"Avstandsstykke for 50 mm r\u00f8r"},"content":{"rendered":"<p><strong>Produktets dimensjoner:<\/strong> 49x19x8 mm (avstandsstykke)<\/p>\n<p><strong>Materiell:<\/strong> akrylglass, fj\u00e6rst\u00e5l<\/p>\n<p><strong>Farge:<\/strong> hvit, st\u00e5lgr\u00e5<\/p>\n<p><strong>Innhold:<\/strong><br \/>\n1x avstandsstykke<br \/>\n1x klemmeholder - fj\u00e6rst\u00e5l for 50 mm<br \/>\n2 x skrue og plugg for veggmontering<br \/>\n2 x liten skrue for \u00e5 feste klemmeholderen til avstandsstykket<\/p>\n<p><strong>Beskrivelse:<\/strong><br \/>\nAvstandsstykker for \u00e5 feste akrylr\u00f8r til veggen. Disse er utviklet for \u00e5 koble v\u00e5re veggarenaer og veggmaurfarmer til hverandre eller til andre elementer via akrylr\u00f8r. Dette bygger bro mellom veggen og akrylr\u00f8rene og gj\u00f8r det mulig \u00e5 feste akrylr\u00f8rene sikkert, solid og visuelt attraktivt med klemmeholdere.<\/p>\n<p><strong>Merk:<\/strong><br \/>\nLeveres i enkeltdeler og m\u00e5 festes ved hjelp av en stjerneskrutrekker<br \/>\nDet er tynne beskyttelsesfilmer p\u00e5 begge sider av avstandsstykket. Det er bare \u00e5 trekke disse av.<\/p>\n<p><strong>Festing:<\/strong><br \/>\nFor \u00e5 feste de 2 \"S6\"-pluggene i veggen trenger du et bor med et 6 mm bor (tre, stein eller metall avhengig av materialet).<br \/>\nDet m\u00e5 bores 40 mm dype hull i veggen for \u00e5 kunne senke ned de 6x30 mm pluggene med 4,5x40 mm skruer.<br \/>\n<strong>N\u00f8dvendig for montering:<\/strong><br \/>\n- Vaterpass<br \/>\n- Teip slik at du ikke trenger \u00e5 merke veggen under.<br \/>\n- Stjerneskrutrekker<br \/>\n- Drill\/driver avhengig av veggen<br \/>\n- 6 mm bor (tre, stein eller metall, avhengig av underlaget)<\/p>","protected":false},"excerpt":{"rendered":"<p>Produktdimensjoner: 49x14x8mm (avstandsstykke) Materiale: akrylglass, fj\u00e6rst\u00e5l Farge: hvit, st\u00e5lgr\u00e5 Innhold: 1x avstandsstykke 1x klemmeholder - fj\u00e6rst\u00e5l for 20 mm 2x skrue og dybel for veggmontering 1x liten skrue for \u00e5 feste klemmeholderen til avstandsstykket Beskrivelse: Avstandsstykker for \u00e5 feste akrylr\u00f8r p\u00e5 veggen. Disse er utviklet for \u00e5","protected":false},"featured_media":8988,"comment_status":"open","ping_status":"closed","template":"","meta":{"_acf_changed":false,"content-type":"","_monsterinsights_skip_tracking":false,"_monsterinsights_sitenote_active":false,"_monsterinsights_sitenote_note":"","_monsterinsights_sitenote_category":0},"product_brand":[],"product_cat":[345,119,120],"product_tag":[],"class_list":{"0":"post-8975","1":"product","2":"type-product","3":"status-publish","4":"has-post-thumbnail","6":"product_cat-pipe-connectors","7":"product_cat-formicarium-components","8":"product_cat-hoses","10":"first","11":"instock","12":"taxable","13":"shipping-taxable","14":"purchasable","15":"product-type-simple"},"acf":[],"aioseo_notices":[],"jetpack_sharing_enabled":true,"_links":{"self":[{"href":"https:\/\/antcube.shop\/nb\/wp-json\/wp\/v2\/product\/8975","targetHints":{"allow":["GET"]}}],"collection":[{"href":"https:\/\/antcube.shop\/nb\/wp-json\/wp\/v2\/product"}],"about":[{"href":"https:\/\/antcube.shop\/nb\/wp-json\/wp\/v2\/types\/product"}],"replies":[{"embeddable":true,"href":"https:\/\/antcube.shop\/nb\/wp-json\/wp\/v2\/comments?post=8975"}],"wp:featuredmedia":[{"embeddable":true,"href":"https:\/\/antcube.shop\/nb\/wp-json\/wp\/v2\/media\/8988"}],"wp:attachment":[{"href":"https:\/\/antcube.shop\/nb\/wp-json\/wp\/v2\/media?parent=8975"}],"wp:term":[{"taxonomy":"product_brand","embeddable":true,"href":"https:\/\/antcube.shop\/nb\/wp-json\/wp\/v2\/product_brand?post=8975"},{"taxonomy":"product_cat","embeddable":true,"href":"https:\/\/antcube.shop\/nb\/wp-json\/wp\/v2\/product_cat?post=8975"},{"taxonomy":"product_tag","embeddable":true,"href":"https:\/\/antcube.shop\/nb\/wp-json\/wp\/v2\/product_tag?post=8975"}],"curies":[{"name":"wp","href":"https:\/\/api.w.org\/{rel}","templated":true}]}}