{"id":8970,"date":"2024-08-19T20:48:32","date_gmt":"2024-08-19T18:48:32","guid":{"rendered":"https:\/\/antcube.shop\/product\/wand-formicarien-set\/"},"modified":"2026-03-04T17:24:31","modified_gmt":"2026-03-04T16:24:31","slug":"veggmontert-formicariumsett","status":"publish","type":"product","link":"https:\/\/antcube.shop\/nb\/produkt\/veggmontert-formicariumsett\/","title":{"rendered":"Veggmontert formicariumsett"},"content":{"rendered":"<p><strong>Inkluderer:<\/strong><br \/>\n1x Veggmontert maurarena - 30x15x15<br \/>\n1x veggmontert maurfarm - L - 30\u00d730 - glass<br \/>\n1x maur arena ramme 30\u00d715<br \/>\n1x maur arena dekke 30\u00d715<\/p>\n<p>3 x krystallklar r\u00f8rkobling for 20 mm - L<br \/>\n1x krystallklar r\u00f8rkobling for 20 mm - I<br \/>\n1x kumkontakt 3\/4 \u2033 til 20 mm - krystallklar<br \/>\n1x maurr\u00f8r - krystallklar 20 mm (3x3 cm og 1x30 cm)<br \/>\n1x avstandsstykke med 20 mm klemmeholder<br \/>\n1x Gitterhette - 16 mm - rustfritt st\u00e5l<br \/>\n2x Grid insert acrylic &#8211; 50 mm with sealing ring<br \/>\n1x Grid insert acrylic &#8211; 27 mm with sealing ring<br \/>\n1x formicariummutter 3\/4 tommer - krystallklar<br \/>\n8x gummiinnsats for borehull som beskyttelse<br \/>\n8x skiver<br \/>\ninkl. 8 skruer og plugger<\/p>\n<p><strong>Beskrivelse:<\/strong><br \/>\nDette veggmonterte formicariumsettet er utviklet for veggmontering og er enkelt \u00e5 montere p\u00e5 tre- og steinvegger. B\u00e5de arenaen og maurfarmene er helt gjennomsiktige, slik at man har god oversikt over reiret. Som redemateriale for maurene kan man enten bruke sand og leire eller en av v\u00e5re matchende kork- eller Digfix-innlegg. For \u00e5 koble sammen maurfarm og arena har vi lagt ved akrylr\u00f8r som er sk\u00e5ret til i riktig st\u00f8rrelse. Skruer og plugger til \u00e5 feste til veggen er ogs\u00e5 inkludert i settet.<\/p>\n<p><strong>Instruksjoner for montering:<\/strong><\/p>\n<p><strong>P\u00e5 grunn av glassplaten som bakvegg skal veggen under v\u00e6re helt rett.<\/strong><br \/>\nFor \u00e5 feste de 8 \"S6\"-pluggene i veggen trenger du et bor med et 6 mm bor (tre, stein eller metall, avhengig av materialet). Det m\u00e5 bores 45 mm dype hull i veggen for \u00e5 senke ned de 6x30 mm dyvelene med 4,5x40 mm skruer.<br \/>\n<strong>N\u00f8dvendig for montering:<\/strong><br \/>\n- vaterpass<br \/>\n- Teip for \u00e5 unng\u00e5 \u00e5 m\u00e5tte merke p\u00e5 veggen under.<br \/>\n- Stjerneskrutrekker<br \/>\n- Drill\/driver avhengig av veggen<br \/>\n- 6 mm bor (tre, stein eller metall, avhengig av underlaget)<br \/>\n- Det er ogs\u00e5 nyttig \u00e5 lage en mal for borehullene av et papirark. Legg det under bakveggen og merk av hullene.<\/p>\n<p><strong>Detaljer om maurfarmen:<\/strong><br \/>\nDimensjoner (LxH):<br \/>\nBakvegg (6 mm tykk): 400x293 mm<\/p>\n<p>Utvendig (uten bakpanel)<br \/>\n334x28x296 mm<\/p>\n<p>P\u00e5 innsiden<br \/>\n284x20x290 mm<\/p>\n<p><strong>Materiell:<\/strong><br \/>\nFlytende glass<\/p>\n<p><strong>farge:<\/strong><br \/>\nkrystallklart<\/p>\n<p><strong>Detaljer om maurarenaen:<\/strong><br \/>\nDimensjoner (LxBxH):<br \/>\nBakvegg (6 mm): 400x150mm<\/p>\n<p>Arena (uten bakvegg): 300x146x150mm<\/p>\n<p><strong>materiale:<\/strong><br \/>\nFlytende glass<\/p>\n<p><strong>Farge:<\/strong><br \/>\nkrystallklart<\/p>\n<p><strong>Dimensjoner (LxBxH):<\/strong><br \/>\nBakvegg (6 mm): 400x150mm<\/p>\n<p>Arena (uten bakpanel): 300x146x150 mm<\/p>\n<p><strong>materiale:<\/strong><br \/>\nFlytende glass<\/p>\n<p><strong>Farge:<\/strong><br \/>\nkrystallklart<\/p>\n<p><strong>Merknader om produksjon<\/strong><br \/>\nGlasset er tilsk\u00e5ret i henhold til DIN 1249 med en toleranse p\u00e5 +\/- 1 mm. Ekstra beskyttelse mot utbrudd er n\u00f8dvendig for ekstremt sm\u00e5 maurarter.<br \/>\nEttersom produktene v\u00e5re produseres for h\u00e5nd, kan det forekomme minimale avvik til tross for den st\u00f8rste forsiktighet.<\/p>\n<p><strong>Merknad om g\u00e5rden<\/strong><br \/>\n<strong>V\u00e6r oppmerksom p\u00e5 f\u00f8lgende n\u00e5r du monterer eller fjerner slanger:<\/strong><br \/>\nHvis slangen er sv\u00e6rt vanskelig \u00e5 f\u00e5 p\u00e5 plass p\u00e5 tilkoblingsmuffen, b\u00f8r muffen gnides lett inn med en dr\u00e5pe av v\u00e5r olje eller pulver som beskytter mot utbrudd. Deretter skal slangen skyves p\u00e5 muffen ved hjelp av vridnings- eller skrubevegelser uten \u00e5 belaste muffen med opp- og nedbevegelser. Det samme gjelder n\u00e5r du fjerner slangene fra g\u00e5rdsstussen. Ikke bare dra den av!<\/p>","protected":false},"excerpt":{"rendered":"<p>Dette settet best\u00e5r av 21 deler<\/p>\n<p>St\u00f8rrelse: <span style=\"color: #0000ff;\"><strong>L<\/strong> <\/span><\/p>","protected":false},"featured_media":8995,"comment_status":"open","ping_status":"closed","template":"","meta":{"_acf_changed":false,"content-type":"","_monsterinsights_skip_tracking":false,"_monsterinsights_sitenote_active":false,"_monsterinsights_sitenote_note":"","_monsterinsights_sitenote_category":0},"product_brand":[],"product_cat":[257,73,86],"product_tag":[],"class_list":{"0":"post-8970","1":"product","2":"type-product","3":"status-publish","4":"has-post-thumbnail","6":"product_cat-new-innovatve-products","7":"product_cat-starter-sets","8":"product_cat-formicariums","10":"first","11":"instock","12":"taxable","13":"shipping-taxable","14":"purchasable","15":"product-type-simple"},"acf":[],"aioseo_notices":[],"jetpack_sharing_enabled":true,"_links":{"self":[{"href":"https:\/\/antcube.shop\/nb\/wp-json\/wp\/v2\/product\/8970","targetHints":{"allow":["GET"]}}],"collection":[{"href":"https:\/\/antcube.shop\/nb\/wp-json\/wp\/v2\/product"}],"about":[{"href":"https:\/\/antcube.shop\/nb\/wp-json\/wp\/v2\/types\/product"}],"replies":[{"embeddable":true,"href":"https:\/\/antcube.shop\/nb\/wp-json\/wp\/v2\/comments?post=8970"}],"wp:featuredmedia":[{"embeddable":true,"href":"https:\/\/antcube.shop\/nb\/wp-json\/wp\/v2\/media\/8995"}],"wp:attachment":[{"href":"https:\/\/antcube.shop\/nb\/wp-json\/wp\/v2\/media?parent=8970"}],"wp:term":[{"taxonomy":"product_brand","embeddable":true,"href":"https:\/\/antcube.shop\/nb\/wp-json\/wp\/v2\/product_brand?post=8970"},{"taxonomy":"product_cat","embeddable":true,"href":"https:\/\/antcube.shop\/nb\/wp-json\/wp\/v2\/product_cat?post=8970"},{"taxonomy":"product_tag","embeddable":true,"href":"https:\/\/antcube.shop\/nb\/wp-json\/wp\/v2\/product_tag?post=8970"}],"curies":[{"name":"wp","href":"https:\/\/api.w.org\/{rel}","templated":true}]}}