{"id":8969,"date":"2024-08-19T20:48:04","date_gmt":"2024-08-19T18:48:04","guid":{"rendered":"https:\/\/antcube.shop\/product\/wand-ameisenarena-30x15x30\/"},"modified":"2026-04-01T13:28:19","modified_gmt":"2026-04-01T11:28:19","slug":"vegg-maur-arena-30x15x30","status":"publish","type":"product","link":"https:\/\/antcube.shop\/nb\/produkt\/vegg-maur-arena-30x15x30\/","title":{"rendered":"Maurarena p\u00e5 vegg - 30x15x30"},"content":{"rendered":"<p><strong>Dimensjoner (LxH):<\/strong><br \/>\nBakvegg (6 mm): 400x300mm<\/p>\n<p><strong>Arena (uten bakpanel):<\/strong> 300x146x300mm<\/p>\n<p><strong>Materiell:<\/strong><br \/>\nFlytende glass<\/p>\n<p><strong>Farge:<\/strong><br \/>\nkrystallklart<\/p>\n<p><strong>Innhold:<\/strong><br \/>\n1x maurarena p\u00e5 vegg - 30x15x30<br \/>\n4 x gummiinnsats for borehull som beskyttelse<br \/>\n4x skive for borehull<br \/>\n4x plugger og skruer<\/p>\n<p><strong>Forbindelse:<\/strong><br \/>\n<strong>OBS: 4 stk. plugger\/ gitterinnsatser\/ koblinger (etter behov) for 50 mm-hullene p\u00e5 siden er ikke inkludert i leveringsomfanget<\/strong><br \/>\n2x 50 mm hull i bunnen (hullets senter 4 cm fra underkanten)<br \/>\n2 x 50 mm hull \u00f8verst (hullets senter 4 cm fra overkanten)<\/p>\n<p><strong>Beskrivelse:<\/strong><br \/>\nDenne maurarenaen er utviklet for veggmontering og er enkel \u00e5 montere p\u00e5 tre- og steinvegger. Flere maurfarmer og arenaer kan kobles til via de 50 mm store hullene p\u00e5 siden. Enten en slange eller et gjennomsiktig akrylr\u00f8r kan brukes som tilkobling. Vi tilbyr ogs\u00e5 en veggmaurfarm som passer til veggmaurarenaen.<br \/>\nDe matchende artiklene Ant arena cover 30\u00d715 og Ant arena frame 30\u00d715 m\u00e5 bestilles separat.<\/p>\n<p><strong>Instruksjoner for montering:<\/strong><br \/>\n<strong>P\u00e5 grunn av glassplaten som bakvegg skal veggen under v\u00e6re helt rett.<\/strong><br \/>\nFor \u00e5 feste de 4 \"S6\" pluggene i veggen trenger du et bor med et 6 mm bor (tre, stein eller metall avhengig av materialet).<br \/>\nDet m\u00e5 bores 45 mm dype hull i veggen for \u00e5 senke ned de 6x30 mm pluggene med 4,5x40 mm skruer.<br \/>\n<strong>N\u00f8dvendig for montering:<\/strong><br \/>\n- vaterpass<br \/>\n- Teip for \u00e5 unng\u00e5 \u00e5 m\u00e5tte merke p\u00e5 veggen under.<br \/>\n- Stjerneskrutrekker<br \/>\n- Drill\/driver avhengig av veggen<br \/>\n- 6 mm bor (tre, stein eller metall, avhengig av underlaget)<br \/>\n- Det er ogs\u00e5 nyttig \u00e5 lage en mal for borehullene av et papirark. Legg det under bakveggen og merk av hullene.<\/p>\n<p><strong>Merknader om produksjon<\/strong><br \/>\nGlasset er sk\u00e5ret i henhold til DIN 1249 med en toleranse p\u00e5 +\/- 1 mm. For ekstremt sm\u00e5 maurarter er ekstra r\u00f8mningsbeskyttelse viktig.<br \/>\nEttersom produktene v\u00e5re produseres for h\u00e5nd, kan det forekomme minimale avvik til tross for at vi er sv\u00e6rt n\u00f8ye<\/p>\n<p><strong>Merknad om g\u00e5rden<\/strong><br \/>\nV\u00e6r oppmerksom p\u00e5 f\u00f8lgende n\u00e5r du monterer eller fjerner slanger:<br \/>\nHvis slangen er sv\u00e6rt vanskelig \u00e5 f\u00e5 p\u00e5 plass p\u00e5 tilkoblingsmuffen, b\u00f8r muffen gnides lett inn med en dr\u00e5pe av v\u00e5r olje eller pulver som beskytter mot utbrudd. Deretter skal slangen skyves p\u00e5 muffen ved hjelp av vridnings- eller skrubevegelser uten \u00e5 belaste muffen med opp- og nedbevegelser. Det samme gjelder n\u00e5r du fjerner slangene fra g\u00e5rdsstussen. Ikke bare dra den av!<\/p>","protected":false},"excerpt":{"rendered":"<p>Tilkobling: Hull 4x 50 mm<\/p>","protected":false},"featured_media":9001,"comment_status":"open","ping_status":"closed","template":"","meta":{"_acf_changed":false,"content-type":"","_monsterinsights_skip_tracking":false,"_monsterinsights_sitenote_active":false,"_monsterinsights_sitenote_note":"","_monsterinsights_sitenote_category":0},"product_brand":[],"product_cat":[257,85,86],"product_tag":[],"class_list":{"0":"post-8969","1":"product","2":"type-product","3":"status-publish","4":"has-post-thumbnail","6":"product_cat-new-innovatve-products","7":"product_cat-ant-arenas","8":"product_cat-formicariums","10":"first","11":"instock","12":"taxable","13":"shipping-taxable","14":"purchasable","15":"product-type-simple"},"acf":[],"aioseo_notices":[],"jetpack_sharing_enabled":true,"_links":{"self":[{"href":"https:\/\/antcube.shop\/nb\/wp-json\/wp\/v2\/product\/8969","targetHints":{"allow":["GET"]}}],"collection":[{"href":"https:\/\/antcube.shop\/nb\/wp-json\/wp\/v2\/product"}],"about":[{"href":"https:\/\/antcube.shop\/nb\/wp-json\/wp\/v2\/types\/product"}],"replies":[{"embeddable":true,"href":"https:\/\/antcube.shop\/nb\/wp-json\/wp\/v2\/comments?post=8969"}],"wp:featuredmedia":[{"embeddable":true,"href":"https:\/\/antcube.shop\/nb\/wp-json\/wp\/v2\/media\/9001"}],"wp:attachment":[{"href":"https:\/\/antcube.shop\/nb\/wp-json\/wp\/v2\/media?parent=8969"}],"wp:term":[{"taxonomy":"product_brand","embeddable":true,"href":"https:\/\/antcube.shop\/nb\/wp-json\/wp\/v2\/product_brand?post=8969"},{"taxonomy":"product_cat","embeddable":true,"href":"https:\/\/antcube.shop\/nb\/wp-json\/wp\/v2\/product_cat?post=8969"},{"taxonomy":"product_tag","embeddable":true,"href":"https:\/\/antcube.shop\/nb\/wp-json\/wp\/v2\/product_tag?post=8969"}],"curies":[{"name":"wp","href":"https:\/\/api.w.org\/{rel}","templated":true}]}}