{"id":8968,"date":"2024-08-19T20:47:21","date_gmt":"2024-08-19T18:47:21","guid":{"rendered":"https:\/\/antcube.shop\/product\/wand-ameisenfarm-l-30x30-glas\/"},"modified":"2026-01-12T12:39:31","modified_gmt":"2026-01-12T11:39:31","slug":"vegg-maur-gard-l-30x30-glass","status":"publish","type":"product","link":"https:\/\/antcube.shop\/nb\/produkt\/vegg-maur-gard-l-30x30-glass\/","title":{"rendered":"Veggmaurfarm - L - 30\u00d730 - Glass"},"content":{"rendered":"<p><strong>Dimensjoner (LxH):<\/strong><br \/>\nBakvegg (6 mm tykk) : 400x293mm<\/p>\n<p>Utvendig (uten bakpanel)<br \/>\n334x28x296 mm<\/p>\n<p>P\u00e5 innsiden<br \/>\n284x20x290 mm<\/p>\n<p><strong>Materiell:<\/strong><br \/>\nFlytende glass<\/p>\n<p><strong>Farge:<\/strong><br \/>\nkrystallklart<\/p>\n<p><strong>Innhold:<\/strong><br \/>\nVeggmaurfarm - L - 30\u00d730 - Glass<br \/>\n1x dekkmaurfarm<br \/>\n4 x gummiinnsats for borehull som beskyttelse<br \/>\n4x skive for borehull<br \/>\n4x plugger og skruer<\/p>\n<p><strong>Forbindelse:<\/strong><br \/>\n2x 14\/16\/18\/20 x 20mm stikkontakt<\/p>\n<p>14\/10-slangen settes godt inn i 14 mm-muffen<br \/>\n20\/16-slangen er godt festet til det f\u00f8rste 16 mm-trinnet<\/p>\n<p><strong>Beskrivelse:<\/strong><br \/>\nDenne maurfarmen er utviklet for veggmontering og er enkel \u00e5 montere p\u00e5 tre- og steinvegger. Den er helt gjennomsiktig og gir god sikt inn i reiret. Som redemateriale for maurene kan man enten bruke sand og leire eller en av v\u00e5re matchende reirinnsatser av kork eller Digfix. I tillegg kan enten en slange, et gjennomsiktig akrylr\u00f8r eller \"maurtrappa\" kobles til tilkoblingsstikkene p\u00e5 siden. Vi tilbyr ogs\u00e5 maurtuer i st\u00f8rrelsene 30\u00d715 eller 30\u00d730 for \u00e5 matche maurfarmene.<\/p>\n<p><strong>Instruksjoner for montering:<\/strong><br \/>\n<strong>P\u00e5 grunn av glassplaten som bakvegg skal veggen under v\u00e6re helt rett.<\/strong><br \/>\nFor \u00e5 feste de 4 \"S6\" pluggene i veggen trenger du et bor med et 6 mm bor (tre, stein eller metall avhengig av materialet).<br \/>\nDet m\u00e5 bores 45 mm dype hull i veggen for \u00e5 senke ned de 6x30 mm pluggene med 4,5x40 mm skruer.<br \/>\n<strong>N\u00f8dvendig for montering:<\/strong><br \/>\n- vaterpass<br \/>\n- Teip for \u00e5 unng\u00e5 \u00e5 m\u00e5tte merke p\u00e5 veggen under.<br \/>\n- Stjerneskrutrekker<br \/>\n- Drill\/driver avhengig av veggen<br \/>\n- 6 mm bor (tre, stein eller metall, avhengig av underlaget)<br \/>\n- Det er ogs\u00e5 nyttig \u00e5 lage en mal for borehullene av et papirark. Legg det under bakveggen og merk av hullene.<\/p>\n<p><strong>Merknader om produksjon<\/strong><br \/>\nGlasset er sk\u00e5ret i henhold til DIN 1249 med en toleranse p\u00e5 +\/- 1 mm. For ekstremt sm\u00e5 maurarter er ekstra r\u00f8mningsbeskyttelse viktig.<br \/>\nEttersom produktene v\u00e5re produseres for h\u00e5nd, kan det forekomme minimale avvik til tross for den st\u00f8rste forsiktighet.<\/p>\n<p><strong>Merknad om g\u00e5rden<\/strong><br \/>\nV\u00e6r oppmerksom p\u00e5 f\u00f8lgende n\u00e5r du monterer eller fjerner slanger:<br \/>\nHvis slangen er sv\u00e6rt vanskelig \u00e5 f\u00e5 p\u00e5 plass p\u00e5 tilkoblingsmuffen, b\u00f8r muffen gnides lett inn med en dr\u00e5pe av v\u00e5r olje eller pulver som beskytter mot utbrudd. Deretter skal slangen skyves p\u00e5 muffen ved hjelp av vridnings- eller skrubevegelser uten \u00e5 belaste muffen med opp- og nedbevegelser. Det samme gjelder n\u00e5r du fjerner slangene fra g\u00e5rdsstussen. Ikke bare dra den av!<\/p>","protected":false},"excerpt":{"rendered":"<p>Tilkobling: Stikkontakt 2x 14\/16 x 20 mm; Plateavstand: Innvendig 20 mm<\/p>\n<p>St\u00f8rrelse: <span style=\"color: #0000ff;\"><strong>L<\/strong> <\/span><\/p>","protected":false},"featured_media":8997,"comment_status":"open","ping_status":"closed","template":"","meta":{"_acf_changed":false,"content-type":"","_monsterinsights_skip_tracking":false,"_monsterinsights_sitenote_active":false,"_monsterinsights_sitenote_note":"","_monsterinsights_sitenote_category":0},"product_brand":[],"product_cat":[257,80,83,86],"product_tag":[],"class_list":{"0":"post-8968","1":"product","2":"type-product","3":"status-publish","4":"has-post-thumbnail","6":"product_cat-new-innovatve-products","7":"product_cat-antfarms","8":"product_cat-antfarms-l","9":"product_cat-formicariums","11":"first","12":"instock","13":"taxable","14":"shipping-taxable","15":"purchasable","16":"product-type-simple"},"acf":[],"aioseo_notices":[],"jetpack_sharing_enabled":true,"_links":{"self":[{"href":"https:\/\/antcube.shop\/nb\/wp-json\/wp\/v2\/product\/8968","targetHints":{"allow":["GET"]}}],"collection":[{"href":"https:\/\/antcube.shop\/nb\/wp-json\/wp\/v2\/product"}],"about":[{"href":"https:\/\/antcube.shop\/nb\/wp-json\/wp\/v2\/types\/product"}],"replies":[{"embeddable":true,"href":"https:\/\/antcube.shop\/nb\/wp-json\/wp\/v2\/comments?post=8968"}],"wp:featuredmedia":[{"embeddable":true,"href":"https:\/\/antcube.shop\/nb\/wp-json\/wp\/v2\/media\/8997"}],"wp:attachment":[{"href":"https:\/\/antcube.shop\/nb\/wp-json\/wp\/v2\/media?parent=8968"}],"wp:term":[{"taxonomy":"product_brand","embeddable":true,"href":"https:\/\/antcube.shop\/nb\/wp-json\/wp\/v2\/product_brand?post=8968"},{"taxonomy":"product_cat","embeddable":true,"href":"https:\/\/antcube.shop\/nb\/wp-json\/wp\/v2\/product_cat?post=8968"},{"taxonomy":"product_tag","embeddable":true,"href":"https:\/\/antcube.shop\/nb\/wp-json\/wp\/v2\/product_tag?post=8968"}],"curies":[{"name":"wp","href":"https:\/\/api.w.org\/{rel}","templated":true}]}}