{"id":8853,"date":"2024-08-01T15:35:42","date_gmt":"2024-08-01T13:35:42","guid":{"rendered":"https:\/\/antcube.shop\/product\/bundle-offer-pseudoneoponera-rufipes\/"},"modified":"2025-10-19T16:10:44","modified_gmt":"2025-10-19T14:10:44","slug":"pakketilbud-pseudoneoponera-rufipes","status":"publish","type":"product","link":"https:\/\/antcube.shop\/nb\/produkt\/pakketilbud-pseudoneoponera-rufipes\/","title":{"rendered":"Pakketilbud - Pseudoneoponera rufipes"},"content":{"rendered":"<p><span data-text-color=\"secondary\"><strong>Pakketilbud inkludert en maurkoloni Pseudoneoponera rufipes (dronning med 11-25 arbeidere + yngel)<\/strong><\/span><\/p>\n<p><span data-text-color=\"alert\"><strong>Bare s\u00e5 lenge lageret rekker.<\/strong><\/span><\/p>\n<p><span data-text-color=\"alert\"><strong>Frakt kun mulig via GO! i Tyskland.<\/strong><\/span><\/p>\n<p><strong>Alt du trenger for en Pseudoneoponera rufipes maurkoloni:<\/strong><br \/>\nDenne pakken inneholder alt du trenger for \u00e5 f\u00e5 en Pseudoneoponera rufipes-koloni gjennom de f\u00f8rste m\u00e5nedene. Den er fleksibelt utvidbar og har blitt testet over flere \u00e5r med denne maurarten.<\/p>\n<p><strong>Maurarten Pseudoneoponera rufipes:<\/strong><br \/>\nPseudoneoponera rufipes er en stor maurart fra S\u00f8r\u00f8st-Asia. Der hekker de vanligvis i leirjord og noen ganger ogs\u00e5 p\u00e5 tr\u00e6r. P\u00e5 grunn av sin opprinnelse i tropiske str\u00f8k g\u00e5r de ikke i dvale. Koloniene deres kan n\u00e5 en maksimal st\u00f8rrelse p\u00e5 flere hundre dyr, men vanligvis ikke mer enn 200.<\/p>\n<p>De virker relativt trege om dagen, ettersom de er mer aktive om natten og i skumringen. De er imidlertid ogs\u00e5 aktive om dagen, og den stille atferden gj\u00f8r det til en spesiell opplevelse \u00e5 observere dem. Som en forsvarsmekanisme dekker de fiendene sine med et skumlignende forsvarssekret.<\/p>\n<p><strong>Reir til Pseudoneoponera rufipes:<\/strong><br \/>\nSiden de vanligvis hekker i leirjord i de tropiske regnskogene i S\u00f8r\u00f8st-Asia, har vi valgt en XL-maurfarm med regnskogsjord.<\/p>\n<p><strong>Mat for Pseudoneoponera rufipes:<\/strong><br \/>\nVi har inkludert v\u00e5re hele, blancherte sirisser og honningdugg-blanding som mat i dette settet. Begge deler er sv\u00e6rt godt akseptert av Pseudoneoponera rufipes og st\u00f8tter en naturlig og positiv utvikling av kolonien p\u00e5 grunn av n\u00e6ringsstoffene de inneholder.<\/p>\n<p><strong>De optimale klimatiske forholdene for Pseudoneoponera rufipes er som f\u00f8lger:<\/strong><br \/>\nLuftfuktighet:<br \/>\nArena: 60 - 70% Reiromr\u00e5de: 60 - 80%<br \/>\nTemperatur:<br \/>\nArena: 21 - 30 \u00b0C Reiromr\u00e5de: 24 - 28\u00b0C<\/p>\n<p><strong>Innhold:<\/strong><br \/>\n1x Pseudoneoponera rufipes (dronning + 11-25 arbeidere + yngel)<\/p>\n<p>1x honningduggblanding (HT) - p\u00e5fyllingspakke 10 ml<br \/>\n1x hel blancherte gresshopper 10 g<br \/>\n1x arenastativ 20\u00d720<br \/>\n1x formicarium base - 20\u00d76<\/p>\n<p>1x ANTCUBE - Arena 20x20x10 - flatt<br \/>\n1x ANTCUBE - Myretue - L - 20\u00d720 - st\u00e5ende<br \/>\n1x maur arena ramme 20\u00d720<br \/>\n1x maur arena deksel 20\u00d720<br \/>\n4x festepunkt for arenadekke<\/p>\n<p>1x 0,5 m gjennomsiktig slange 20\/16 mm<br \/>\n2 stk. kumslangekobling 27 mm -14,16,20 mm - gjennomsiktig<br \/>\n1x selvklebende klemmer - gjennomsiktig 2 stk.<br \/>\n2x ANTCUBE - r\u00f8d folie 20\u00d720 - filter<\/p>\n<p>2x substrat - regnskog - 1 kg<br \/>\n1x fotoryggpanel - regnskog - 20\u00d710<\/p>\n<p>2x gitterinnsats - 50mm - rustfritt st\u00e5l<br \/>\n1x gitterinnsats - 27mm - rustfritt st\u00e5l<\/p>\n<p>1x Mini termohygrometer analog - display - hengende<br \/>\n1x fj\u00e6rst\u00e5l pinsett bred - myk<br \/>\n1x plastpincett standard<br \/>\n1x plastpipette 3 ml<br \/>\n1x Olje for beskyttelse mot maurutbrudd 10 ml<br \/>\n1x Drikkekar 2ml - 360 grader<br \/>\n1x bolle klar 1\u00d720 - svamp<br \/>\n1x drikketr\u00e5kk klart 20 ml - svamp<br \/>\n1x h\u00e5ndlupe - 2x - 30 mm<br \/>\n1x skum visker 150x18x2.5mm<\/p>\n<p><strong>Beskrivelse:<\/strong><br \/>\nDette utvidbare startsettet for Pseudoneoponera rufipes inneholder ikke bare det optimalt tilpassede formicariumet, men ogs\u00e5 det passende tilbeh\u00f8ret for \u00e5 holde denne maurarten. \"Drikker klar 20 ml - svamp\" er beregnet for vann, \"Drikker 2 ml - 360 grader\" for honningduggblandingen.<\/p>\n<p><span data-text-color=\"alert\"><strong>Viktig:<\/strong><\/span> Fukt substratet f\u00f8r bruk, slik at blandingen kan binde seg og utvikle et fast grep i maurfarmen. I tillegg kan et t\u00f8rt og st\u00f8vete substrat f\u00f8re til at maurens luftveier blokkeres og i verste fall f\u00f8re til at dyrene kveles.<\/p>\n<p><strong>Merknader om produksjon<\/strong><br \/>\nGlasset er tilsk\u00e5ret i henhold til DIN 1249 med en toleranse p\u00e5 +\/- 1 mm. Ekstra beskyttelse mot utbrudd er n\u00f8dvendig for ekstremt sm\u00e5 maurarter.<\/p>\n<p><strong>Merknad om de blancherte sirissene:<\/strong><br \/>\nV\u00e5re blancherte sirisser er en enkel m\u00e5te \u00e5 gi maurene dine nykonserverte proteiner uten \u00e5 m\u00e5tte f\u00f4re med levende insekter. De inneholdte sirissene (Acheta domesticus) er sk\u00e5nsomt blancherte for \u00e5 sikre at n\u00e6ringsverdier, smak og aroma beholdes. I tillegg mykgj\u00f8res insektenes kitinskall p\u00e5 denne m\u00e5ten, slik at det blir lettere \u00e5 ford\u00f8ye. Bindingene i kollagenproteinene brytes ned slik at maurene kan utnytte dem bedre. Acheta domesticus p\u00e5 boks har samme n\u00e6ringsverdi som levende sirisser, men er lettere \u00e5 ford\u00f8ye.<\/p>\n<p>De blancherte sirissene egner seg ikke til jakt p\u00e5 maurarter som krever levende mat (f.eks. poneriner som Harpegnathos eller Odontomachus).<\/p>\n<p><strong>Ytterligere fordeler:<\/strong><br \/>\nGarantert fri for midd<br \/>\nKan porsjoneres<br \/>\nSterilisert og st\u00f8vsugd<br \/>\nUten tilsetningsstoffer<br \/>\nF\u00e5rekyllinger fra b\u00e6rekraftig, rent \u00f8kologisk oppdrett, f\u00f4ret med organisk avfall.<\/p>\n<p><strong>V\u00e6r oppmerksom p\u00e5 dette:<\/strong><br \/>\nKan oppbevares i kj\u00f8leskapet i ca. fire dager etter \u00e5pning. Lengre holdbarhet hvis den fryses.<\/p>\n<p><strong>Merknad om honningdugg:<\/strong><br \/>\nInnhold: 10 ml<br \/>\nDette er et naturlig produkt, som vi har raffinert etter omfattende testing i laboratoriet v\u00e5rt og utviklet til en mat som maurene aksepterer sv\u00e6rt godt. \u00c5rsaken er at ubehandlet honningdugghonning i sin konsentrerte opprinnelige form ikke aksepteres godt av maur og deres metabolisme.<br \/>\nHonningduggen v\u00e5r ble samlet i de uforurensede, ville fjellskogene i Bulgaria. Honningdugg produseres bare i en sv\u00e6rt begrenset periode, omtrent to m\u00e5neder om sommeren. Den er derfor sv\u00e6rt sjelden. P\u00e5 grunn av skogens spesielle jordsmonn og klimaet lagres viktige n\u00e6ringsstoffer i tr\u00e6rnes blader, som absorberes av bladlusene. Det er dette som gj\u00f8r denne honningduggblandingen s\u00e5 ettertraktet for maur.<\/p>\n<p><strong>Bruksomr\u00e5de:<\/strong><br \/>\nMengden mat b\u00f8r konsumeres innen ca. 3 dager.<\/p>\n<p><strong>Beskrivelse:<\/strong><br \/>\nI motsetning til blomsterhonning utvinnes honningdugg av sekreter fra insekter som suger p\u00e5 planter, for eksempel bladlus. Honningdugg er en popul\u00e6r matkilde for mange insekter som maur, bier og humler. Bier og humler slikker honningdugg fra bladene eller n\u00e5lene p\u00e5 ulike tr\u00e6r. Maur som Lasius niger holder bokstavelig talt bladlusene i live. De forsvarer dem til og med mot rovdyr og b\u00e6rer dem til nye skudd.<\/p>\n<p>Honningdugg er spesielt popul\u00e6rt blant maur p\u00e5 grunn av sine noe annerledes bestanddeler. De viktigste sukkerartene i honningdugg er sukrose og fruktose, men det finnes ogs\u00e5 mindre mengder maltose, trehalose, melezitose, raffinose og andre oligosakkarider. I tillegg til sukker og vann inneholder honningdugg ogs\u00e5 essensielle aminosyrer, mineraler, sporstoffer, adenosiner, fosfater og andre ingredienser som vitaminer.<\/p>\n<p><strong>Bruk:<\/strong><br \/>\nFor honningspisende maurarter (Meliphagidae)<br \/>\nDette er et tilleggsf\u00f4r<br \/>\nDet kan tilbys dyrene etter hvert som de f\u00e5r det. Ettersom sukkerkonsentrasjonen reduseres p\u00e5 grunn av fuktigheten og en gj\u00e6ringsprosess starter, b\u00f8r f\u00f4ret skiftes ut hver 3. dag. Rengj\u00f8r f\u00f4rsk\u00e5len\/r\u00f8ret grundig f\u00f8r det brukes p\u00e5 nytt.<br \/>\nN\u00e5r en pakning er \u00e5pnet, skal den oppbevares tett lukket frem til utl\u00f8psdatoen.<\/p>\n<p><strong>N\u00e6ringsinnhold per 100 g:<\/strong><br \/>\nca. 2,7 % fettstoffer<br \/>\nhvorav mettet ca. 0,45 %<br \/>\nca. 95 % karbohydrater<br \/>\nhvorav sukker ca. 71<br \/>\nca. 2,85%-protein<\/p>\n<p>Mineraler (kalium, kalsium, kobber, jern, natrium, magnesium, fosfor, sink og andre sporstoffer) Aminosyrer (prolin, leucin, fenylalanin, alanin, histidin, isoleucin, glutaminsyre, arginin, asparaginsyre, etc.) Organiske syrer Enzymer (fermenter)Smaksstoffer Inhibiner (antibakterielle stoffer) Blomster Pollen<\/p>\n<p><strong>Lagring:<\/strong><br \/>\nFor \u00e5 sikre kvaliteten p\u00e5 f\u00f4ret b\u00f8r det oppbevares m\u00f8rkt og t\u00f8rt.<\/p>\n<p><strong>Merk:<\/strong><br \/>\nTilleggsf\u00f4r for honningspisende maur.<br \/>\nSe pakningsvedlegget for sammensetning, analytiske ingredienser, holdbarhetsdato og batchnummer.<\/p>\n<p>Informasjonstelefon +49 30 439703870<\/p>\n<p><strong>Ansvarlig veterin\u00e6r- og mattilsyn:<\/strong><br \/>\nSteglitz veterin\u00e6rkontor<br \/>\nK\u00f6nigin-Luise-Str. 92<br \/>\n14195 Berlin<\/p>","protected":false},"excerpt":{"rendered":"<p>Settet best\u00e5r av 35 deler<\/p>","protected":false},"featured_media":8855,"comment_status":"open","ping_status":"closed","template":"","meta":{"_acf_changed":false,"content-type":"","_monsterinsights_skip_tracking":false,"_monsterinsights_sitenote_active":false,"_monsterinsights_sitenote_note":"","_monsterinsights_sitenote_category":0},"product_brand":[],"product_cat":[355,73],"product_tag":[],"class_list":{"0":"post-8853","1":"product","2":"type-product","3":"status-publish","4":"has-post-thumbnail","6":"product_cat-bundle-offers","7":"product_cat-starter-sets","8":"product_shipping_class-germany-only","10":"first","11":"outofstock","12":"taxable","13":"shipping-taxable","14":"purchasable","15":"product-type-simple"},"acf":[],"aioseo_notices":[],"jetpack_sharing_enabled":true,"_links":{"self":[{"href":"https:\/\/antcube.shop\/nb\/wp-json\/wp\/v2\/product\/8853","targetHints":{"allow":["GET"]}}],"collection":[{"href":"https:\/\/antcube.shop\/nb\/wp-json\/wp\/v2\/product"}],"about":[{"href":"https:\/\/antcube.shop\/nb\/wp-json\/wp\/v2\/types\/product"}],"replies":[{"embeddable":true,"href":"https:\/\/antcube.shop\/nb\/wp-json\/wp\/v2\/comments?post=8853"}],"wp:featuredmedia":[{"embeddable":true,"href":"https:\/\/antcube.shop\/nb\/wp-json\/wp\/v2\/media\/8855"}],"wp:attachment":[{"href":"https:\/\/antcube.shop\/nb\/wp-json\/wp\/v2\/media?parent=8853"}],"wp:term":[{"taxonomy":"product_brand","embeddable":true,"href":"https:\/\/antcube.shop\/nb\/wp-json\/wp\/v2\/product_brand?post=8853"},{"taxonomy":"product_cat","embeddable":true,"href":"https:\/\/antcube.shop\/nb\/wp-json\/wp\/v2\/product_cat?post=8853"},{"taxonomy":"product_tag","embeddable":true,"href":"https:\/\/antcube.shop\/nb\/wp-json\/wp\/v2\/product_tag?post=8853"}],"curies":[{"name":"wp","href":"https:\/\/api.w.org\/{rel}","templated":true}]}}