{"id":8718,"date":"2024-07-22T15:43:52","date_gmt":"2024-07-22T13:43:52","guid":{"rendered":"https:\/\/antcube.shop\/product\/bonsai-tree-deko\/"},"modified":"2026-01-20T18:00:36","modified_gmt":"2026-01-20T17:00:36","slug":"bonsai-tre-deko","status":"publish","type":"product","link":"https:\/\/antcube.shop\/nb\/produkt\/bonsai-tre-deko\/","title":{"rendered":"Bonsai-tre"},"content":{"rendered":"<p>St\u00f8rrelse \/ h\u00f8yde 20 cm til 28 cm<br \/>\nDiameter ~ 10 cm -20 cm, ideell for arenaer p\u00e5 30x30x30 cm og h\u00f8yere.<br \/>\nVekten varierer mellom 250 og 400 gram<\/p>\n<p>Bonsai-treet v\u00e5rt er en ideell dekorasjon til formicariumet ditt. Det kan brukes b\u00e5de frittst\u00e5ende i et fromicarium og i naturlig beplantede vivarier. Ettersom maur kan gjemme seg under eller i bonsaien, anbefaler vi at du f\u00f8rst bruker den n\u00e5r maurkolonien allerede har flyttet inn i reiret sitt. Ellers kan det hende at de foretrekker dette som reirplass, og du mister reiret av syne.<\/p>\n<p><strong>OBS!<\/strong> Vennligst ikke plasser i veldig fuktige formicaria (over 60% luftfuktighet). Bonsaien kan begynne \u00e5 mugne. Med veldig god ventilasjon kan bonsai ogs\u00e5 plasseres i mer fuktige formicaria.<\/p>\n<p><span data-text-color=\"alert\"><strong>VIKTIG MERKNAD OM ARTIKKELEN:<\/strong><\/span><br \/>\nSiden dette er et naturprodukt \/ unikt, er bildene her ikke helt identiske med varen du vil motta. Det vil v\u00e6re variasjoner i st\u00f8rrelse, form og farge p\u00e5 minitreet samt steinbruddets skiferplate. Vi garanterer bare den maksimale h\u00f8yden p\u00e5 varen.<\/p>\n<p>Ved \u00e5 bestille denne varen godtar du og samtykker til ovennevnte mulige variasjoner av produktet i st\u00f8rrelse, form og farge p\u00e5 kj\u00f8pstidspunktet.<\/p>","protected":false},"excerpt":{"rendered":"<p>Dimensjoner: 20-28 cm h\u00f8y<\/p>","protected":false},"featured_media":8721,"comment_status":"open","ping_status":"closed","template":"","meta":{"_acf_changed":false,"content-type":"","_monsterinsights_skip_tracking":false,"_monsterinsights_sitenote_active":false,"_monsterinsights_sitenote_note":"","_monsterinsights_sitenote_category":0},"product_brand":[],"product_cat":[95,98],"product_tag":[],"class_list":{"0":"post-8718","1":"product","2":"type-product","3":"status-publish","4":"has-post-thumbnail","6":"product_cat-accessories-for-ants","7":"product_cat-decoration","9":"first","10":"outofstock","11":"taxable","12":"shipping-taxable","13":"purchasable","14":"product-type-simple"},"acf":[],"aioseo_notices":[],"jetpack_sharing_enabled":true,"_links":{"self":[{"href":"https:\/\/antcube.shop\/nb\/wp-json\/wp\/v2\/product\/8718","targetHints":{"allow":["GET"]}}],"collection":[{"href":"https:\/\/antcube.shop\/nb\/wp-json\/wp\/v2\/product"}],"about":[{"href":"https:\/\/antcube.shop\/nb\/wp-json\/wp\/v2\/types\/product"}],"replies":[{"embeddable":true,"href":"https:\/\/antcube.shop\/nb\/wp-json\/wp\/v2\/comments?post=8718"}],"wp:featuredmedia":[{"embeddable":true,"href":"https:\/\/antcube.shop\/nb\/wp-json\/wp\/v2\/media\/8721"}],"wp:attachment":[{"href":"https:\/\/antcube.shop\/nb\/wp-json\/wp\/v2\/media?parent=8718"}],"wp:term":[{"taxonomy":"product_brand","embeddable":true,"href":"https:\/\/antcube.shop\/nb\/wp-json\/wp\/v2\/product_brand?post=8718"},{"taxonomy":"product_cat","embeddable":true,"href":"https:\/\/antcube.shop\/nb\/wp-json\/wp\/v2\/product_cat?post=8718"},{"taxonomy":"product_tag","embeddable":true,"href":"https:\/\/antcube.shop\/nb\/wp-json\/wp\/v2\/product_tag?post=8718"}],"curies":[{"name":"wp","href":"https:\/\/api.w.org\/{rel}","templated":true}]}}