{"id":8717,"date":"2024-07-22T15:37:55","date_gmt":"2024-07-22T13:37:55","guid":{"rendered":"https:\/\/antcube.shop\/product\/bundle-offer-harpegnathos-venator\/"},"modified":"2026-03-04T16:55:50","modified_gmt":"2026-03-04T15:55:50","slug":"pakketilbud-harpegnathos-venator","status":"publish","type":"product","link":"https:\/\/antcube.shop\/nb\/produkt\/pakketilbud-harpegnathos-venator\/","title":{"rendered":"Pakketilbud - Harpegnathos venator"},"content":{"rendered":"<p><span data-text-color=\"secondary\"><strong>Pakketilbud inkludert en Harpegnathos venator maurkoloni (dronning med 11-25 arbeidere + yngel)<\/strong><\/span><\/p>\n<p><span data-text-color=\"alert\"><strong>Bare s\u00e5 lenge lageret rekker. <\/strong><\/span><\/p>\n<p><span data-text-color=\"alert\"><strong>Frakt kun mulig via GO! i Tyskland.<\/strong><\/span><\/p>\n<p>1x Harpegnathos venator-dronning + 11-25 arbeidere + yngel<\/p>\n<p>1x Ytong-reir - 40\u00d720 med arena<br \/>\n1x glassbalje 40\u00d720<br \/>\n1x formicarium-pute - 40x20 cm<br \/>\n1x r\u00f8d dekkplate 20\u00d720 - horisontal<\/p>\n<p>1x Leirefarge - beige - 100ml<br \/>\n1x substrat - regnskog - 1 kg<br \/>\n1x Formicarium granulat 200 ml - svart<br \/>\n1x fotoryggpanel - regnskog - 20\u00d710<\/p>\n<p>2x Grid insert acrylic &#8211; 50 mm with sealing ring<br \/>\n1x Grid insert acrylic &#8211; 27 mm with sealing ring<\/p>\n<p>1x Cricket Jam 25g<br \/>\n1x Honeydew Mix (HT) - etterfyllingspakke 10 ml<\/p>\n<p>1x drinking clear 5ml &#8211; sponge<br \/>\n1x Feeding dish white rectangle &#8211; 3 compartments<br \/>\n1x Drinking trough 2ml &#8211; 360 Degrees<\/p>\n<p>1x Foil thermometer Display<\/p>\n<p>1x Maurbeskyttelsesolje 10 ml<br \/>\n1x Pincett av fj\u00e6rst\u00e5l - bred - myk<br \/>\n1x Pincett i gjennomsiktig plast<br \/>\n1x plastpipette 3 ml<br \/>\n1x h\u00e5ndlupe - 2x - 30 mm<br \/>\n1x skumvisker 150x18x2,5mm<\/p>\n<p><strong>Maurarten Harpegnathos venator:<\/strong><br \/>\nHarpegnathos venator er en sv\u00e6rt vakker og stor maurart fra S\u00f8r\u00f8st-Asia. De er hovedsakelig aktive om natten, men er ogs\u00e5 aktive om dagen p\u00e5 grunn av den vanligvis lavere lysintensiteten i hjemmet. Denne maurarten kan hoppe ca. 8 - 10 cm, g\u00e5 baklengs og har et meget godt syn. Sett i profil er underkjevene formet som sabeltann. De viser en interessant atferd n\u00e5r de jakter ved \u00e5 vrikke med gaster f\u00f8r de angriper.<\/p>\n<p>Du kan f\u00f4re dem med sukker-honningoppl\u00f8sning, honning og proteinf\u00f4r eller helst sm\u00e5 levende insekter som sirisser og bananfluer. Harpegnathos venator har en veldig utpreget jaktadferd og aksepterer derfor levende mat mye bedre.<\/p>\n<p>Luftfuktigheten og temperaturen i arenaen m\u00e5 h\u00f8yst \u00f8kes litt, men reiret skal alltid v\u00e6re fuktig. Dyrene foretrekker ulike fuktige omr\u00e5der i reiret.<\/p>\n<p>De prefabrikkerte kamrene og gangene kan brukes direkte av kolonien. Ytong-reiret kan enkelt fuktes ved hjelp av det medf\u00f8lgende brettet. Bare hell litt vann i brettet og vent til Ytong-steinen absorberer vannet av seg selv.<\/p>\n<p><strong>Informasjon om Ytong-reiret med arena:<\/strong><br \/>\nInneholder:<br \/>\nMateriale: porebetong, glass, PMMA-plast og PVC<\/p>\n<p><strong>Forbindelse:<\/strong> 1x 14 mm \u00e5pning; 1x 27 mm \u00e5pning<\/p>\n<p><strong>Innhold:<\/strong><br \/>\n1x luftbetongblokk 40x20x5 cm med 20 mm dype kamre.<br \/>\n1x glassplate 40\u00d720 cm med en 50 mm \u00e5pning og en arena 20\u00d720 cm<br \/>\n1x maur arena ramme 20\u00d720<br \/>\n1x maur arena deksel 20\u00d720<br \/>\n1x 50mm ring med 27mm \u00e5pning<br \/>\n1x formicarium plugg 13mm<br \/>\n2 x formicariumplugger 27 mm<br \/>\n2 x 50 mm formicariumplugger<\/p>\n<p>P\u00e5 grunn av de vannholdende egenskapene egner materialet seg godt til \u00e5 holde maur. Det kan brukes til \u00e5 holde et stort antall jordboende arter fra b\u00e5de t\u00f8rre og fuktige habitater. Avhengig av maurarten anbefales det \u00e5 dekke bunnen av kamrene med leiremaling og jordsubstrat. Noen arter trives bedre p\u00e5 denne m\u00e5ten, og for eksempel Ponerinae-artene trenger jord for at larvene deres skal kunne forpuppe seg skikkelig. Siden dette reiret allerede inneholder en arena, kan det brukes som et komplett formicariumsystem.<\/p>\n<p><strong>Merk:<\/strong><br \/>\nFor \u00e5 forhindre at vann lekker ut av Ytong etter \u00e5 ha fuktet reiromr\u00e5det og samler seg p\u00e5 overflaten av m\u00f8belet under, eller at det grove materialet skraper opp overflatene, anbefaler vi et av v\u00e5re matchende glassbrett til Ytong-reirene v\u00e5re. Disse er vanntette og beskytter overflatene under effektivt mot vann og riper.<\/p>\n<p><strong>Bruk:<\/strong><br \/>\nFor maurarter av st\u00f8rrelse M - L<br \/>\nPorebetong er et sv\u00e6rt spr\u00f8tt og skj\u00f8rt materiale. Det er derfor umulig \u00e5 forhindre at hj\u00f8rner og kanter brekker av og blir litt ujevne under produksjonen. Ytong-reirene egner seg derfor ikke for sv\u00e6rt sm\u00e5 maurarter i st\u00f8rrelse S, da disse artene lett kan bryte ut.<\/p>\n<p><span data-text-color=\"alert\"><strong>Viktig:<\/strong><\/span> Fukt gjerne substratet f\u00f8r bruk, slik at blandingen kan binde seg og f\u00e5 godt feste i maurtua. Hvis underlaget er for t\u00f8rt og st\u00f8vete, kan det ogs\u00e5 blokkere luftveiene til maurene og i verste fall f\u00f8re til at de kveles.<\/p>\n<p><strong>Anbefaling:<\/strong> Vi anbefaler et substratlag p\u00e5 2 mm h\u00f8yde, slik at dyrene ikke kan grave seg inn i arenaen og i stedet bruker g\u00e5rden som er beregnet til dette form\u00e5let. Vi anbefaler ogs\u00e5 at redematerialet i g\u00e5rden (sand\/leire, Digfix osv.) er lett prikket p\u00e5 ett sted for \u00e5 gj\u00f8re det lettere for dyrene \u00e5 grave.<\/p>\n<p><strong>Merknader om produksjon<\/strong><br \/>\nGlasset er tilsk\u00e5ret i henhold til DIN 1249 med en toleranse p\u00e5 +\/- 1 mm. Ekstra beskyttelse mot utbrudd er n\u00f8dvendig for ekstremt sm\u00e5 maurarter.<\/p>\n<p><strong>Legg merke til leiremaling:<\/strong><\/p>\n<p><strong>Beskrivelse:<\/strong> Blandingen er giftfri og relativt vannbestandig p\u00e5 gips og betong, men er ellers vannl\u00f8selig.<\/p>\n<p><strong>Bruksanvisning:<\/strong><br \/>\nDenne blandingen er klar til bruk og kan p\u00e5f\u00f8res umiddelbart p\u00e5 gips eller luftbetong med en pensel.<br \/>\n100 ml er tilstrekkelig for ca. 1\/4 m\u00b2 porebetong eller 1\/2 m\u00b2 gips.<br \/>\nN\u00e5r overflaten er v\u00e5t, kan den for eksempel str\u00f8s med sand for \u00e5 oppn\u00e5 et enda mer naturlig utseende.<\/p>","protected":false},"excerpt":{"rendered":"<p>Tilkobling: 1x14mm 1x27mm<br \/>\nSt\u00f8rrelse: <strong><span style=\"color: #339966;\">M<\/span><\/strong><strong> &#8211; <span style=\"color: #0000ff;\">L<\/span><\/strong><\/p>","protected":false},"featured_media":8720,"comment_status":"open","ping_status":"closed","template":"","meta":{"_acf_changed":false,"content-type":"","_monsterinsights_skip_tracking":false,"_monsterinsights_sitenote_active":false,"_monsterinsights_sitenote_note":"","_monsterinsights_sitenote_category":0},"product_brand":[],"product_cat":[355,73],"product_tag":[],"class_list":{"0":"post-8717","1":"product","2":"type-product","3":"status-publish","4":"has-post-thumbnail","6":"product_cat-bundle-offers","7":"product_cat-starter-sets","8":"product_shipping_class-germany-only","10":"first","11":"outofstock","12":"taxable","13":"shipping-taxable","14":"purchasable","15":"product-type-simple"},"acf":[],"aioseo_notices":[],"jetpack_sharing_enabled":true,"_links":{"self":[{"href":"https:\/\/antcube.shop\/nb\/wp-json\/wp\/v2\/product\/8717","targetHints":{"allow":["GET"]}}],"collection":[{"href":"https:\/\/antcube.shop\/nb\/wp-json\/wp\/v2\/product"}],"about":[{"href":"https:\/\/antcube.shop\/nb\/wp-json\/wp\/v2\/types\/product"}],"replies":[{"embeddable":true,"href":"https:\/\/antcube.shop\/nb\/wp-json\/wp\/v2\/comments?post=8717"}],"wp:featuredmedia":[{"embeddable":true,"href":"https:\/\/antcube.shop\/nb\/wp-json\/wp\/v2\/media\/8720"}],"wp:attachment":[{"href":"https:\/\/antcube.shop\/nb\/wp-json\/wp\/v2\/media?parent=8717"}],"wp:term":[{"taxonomy":"product_brand","embeddable":true,"href":"https:\/\/antcube.shop\/nb\/wp-json\/wp\/v2\/product_brand?post=8717"},{"taxonomy":"product_cat","embeddable":true,"href":"https:\/\/antcube.shop\/nb\/wp-json\/wp\/v2\/product_cat?post=8717"},{"taxonomy":"product_tag","embeddable":true,"href":"https:\/\/antcube.shop\/nb\/wp-json\/wp\/v2\/product_tag?post=8717"}],"curies":[{"name":"wp","href":"https:\/\/api.w.org\/{rel}","templated":true}]}}