{"id":8518,"date":"2024-06-10T10:41:37","date_gmt":"2024-06-10T08:41:37","guid":{"rendered":"https:\/\/antcube.shop\/product\/poster\/"},"modified":"2025-09-30T10:22:23","modified_gmt":"2025-09-30T08:22:23","slug":"plakat-anatomi","status":"publish","type":"product","link":"https:\/\/antcube.shop\/nb\/produkt\/plakat-anatomi\/","title":{"rendered":"Plakat Anatomi"},"content":{"rendered":"<p>Plakater i museumskvalitet laget p\u00e5 tykt, matt papir. Disse plakatene er et flott innslag p\u00e5 rommet eller kontoret ditt, og de vil garantert lyse opp ethvert milj\u00f8.<\/p>\n<p>- Papirtykkelse: 10,3 mil<br \/>\n- Papirvekt: 189 g\/m\u00b2<br \/>\n- Opasitet: 94%<br \/>\n- ISO-lysstyrke: 104%<br \/>\n- Papiret kommer fra Japan<\/p>\n<p>Dette produktet lages spesielt for deg s\u00e5 snart du legger inn en bestilling, og derfor tar det litt lenger tid \u00e5 levere det til deg. \u00c5 lage produkter p\u00e5 bestilling i stedet for i bulk bidrar til \u00e5 redusere overproduksjon, s\u00e5 takk for at du tar gjennomtenkte kj\u00f8psbeslutninger!<\/p>","protected":false},"excerpt":{"rendered":"<p>Plakater i museumskvalitet laget p\u00e5 tykt, matt papir. Disse plakatene er et flott innslag i rommet eller p\u00e5 kontoret, og de vil garantert lyse opp ethvert milj\u00f8. - Papirtykkelse: 10,3 mil - Papirvekt: 189 g\/m\u00b2 - Opasitet: 94% - ISO-lysstyrke: 104% - Papiret kommer fra Japan Dette produktet er laget spesielt for","protected":false},"featured_media":8523,"comment_status":"open","ping_status":"closed","template":"","meta":{"_acf_changed":false,"content-type":"","_monsterinsights_skip_tracking":false,"_monsterinsights_sitenote_active":false,"_monsterinsights_sitenote_note":"","_monsterinsights_sitenote_category":0},"product_brand":[],"product_cat":[245],"product_tag":[],"class_list":{"0":"post-8518","1":"product","2":"type-product","3":"status-publish","4":"has-post-thumbnail","6":"product_cat-merchandise","8":"first","9":"instock","10":"taxable","11":"shipping-taxable","12":"purchasable","13":"product-type-variable"},"acf":[],"aioseo_notices":[],"jetpack_sharing_enabled":true,"_links":{"self":[{"href":"https:\/\/antcube.shop\/nb\/wp-json\/wp\/v2\/product\/8518","targetHints":{"allow":["GET"]}}],"collection":[{"href":"https:\/\/antcube.shop\/nb\/wp-json\/wp\/v2\/product"}],"about":[{"href":"https:\/\/antcube.shop\/nb\/wp-json\/wp\/v2\/types\/product"}],"replies":[{"embeddable":true,"href":"https:\/\/antcube.shop\/nb\/wp-json\/wp\/v2\/comments?post=8518"}],"wp:featuredmedia":[{"embeddable":true,"href":"https:\/\/antcube.shop\/nb\/wp-json\/wp\/v2\/media\/8523"}],"wp:attachment":[{"href":"https:\/\/antcube.shop\/nb\/wp-json\/wp\/v2\/media?parent=8518"}],"wp:term":[{"taxonomy":"product_brand","embeddable":true,"href":"https:\/\/antcube.shop\/nb\/wp-json\/wp\/v2\/product_brand?post=8518"},{"taxonomy":"product_cat","embeddable":true,"href":"https:\/\/antcube.shop\/nb\/wp-json\/wp\/v2\/product_cat?post=8518"},{"taxonomy":"product_tag","embeddable":true,"href":"https:\/\/antcube.shop\/nb\/wp-json\/wp\/v2\/product_tag?post=8518"}],"curies":[{"name":"wp","href":"https:\/\/api.w.org\/{rel}","templated":true}]}}