{"id":8505,"date":"2024-06-10T10:40:55","date_gmt":"2024-06-10T08:40:55","guid":{"rendered":"https:\/\/antcube.shop\/product\/sports-water-bottle\/"},"modified":"2025-12-03T21:47:07","modified_gmt":"2025-12-03T20:47:07","slug":"sportsvannflaske","status":"publish","type":"product","link":"https:\/\/antcube.shop\/nb\/produkt\/sportsvannflaske\/","title":{"rendered":"Sportsvannflaske"},"content":{"rendered":"<p>F\u00e5 en personlig og sportslig vannflaske laget av 50% resirkulert plast for \u00e5 holde deg hydrert med stil. Den er motstandsdyktig mot flekker, knusing og lukt og holder drikken din frisk, og det s\u00f8lsikre lokket og biteventilen forhindrer lekkasjer. Flaskens ekstra store st\u00f8rrelse passer ogs\u00e5 til lange trenings\u00f8kter, jobb- eller studie\u00f8kter! - 25<\/p>\n<p>- 25 oz (739 ml) <br \/>\n- Dimensjoner: 10\u2033 \u00d7 3\u2033 (25,4 \u00d7 7,62 cm)<br \/>\n- BPA-fritt Eastman Tritan\u2122 Renew 50% resirkulert materiale <br \/>\n- Flekk-, splint- og luktbestandig<br \/>\n- S\u00f8lsikkert skruelokk med biteventil<br \/>\n- B\u00e6reh\u00e5ndtak med \u00e9n finger<\/p>","protected":false},"excerpt":{"rendered":"<p>F\u00e5 en personlig og sportslig vannflaske laget av 50% resirkulert plast for \u00e5 holde deg hydrert med stil. Den er motstandsdyktig mot flekker, knusing og lukt og holder drikken din frisk, og det s\u00f8lsikre lokket og biteventilen forhindrer lekkasjer. Flaskens ekstra store st\u00f8rrelse passer ogs\u00e5 til lange trenings\u00f8kter, jobb- eller studie\u00f8kter! - 25","protected":false},"featured_media":0,"comment_status":"open","ping_status":"closed","template":"","meta":{"_acf_changed":false,"content-type":"","_monsterinsights_skip_tracking":false,"_monsterinsights_sitenote_active":false,"_monsterinsights_sitenote_note":"","_monsterinsights_sitenote_category":0},"product_brand":[],"product_cat":[245],"product_tag":[],"class_list":{"0":"post-8505","1":"product","2":"type-product","3":"status-publish","5":"product_cat-merchandise","7":"first","8":"outofstock","9":"taxable","10":"shipping-taxable","11":"product-type-variable"},"acf":[],"aioseo_notices":[],"jetpack_sharing_enabled":true,"_links":{"self":[{"href":"https:\/\/antcube.shop\/nb\/wp-json\/wp\/v2\/product\/8505","targetHints":{"allow":["GET"]}}],"collection":[{"href":"https:\/\/antcube.shop\/nb\/wp-json\/wp\/v2\/product"}],"about":[{"href":"https:\/\/antcube.shop\/nb\/wp-json\/wp\/v2\/types\/product"}],"replies":[{"embeddable":true,"href":"https:\/\/antcube.shop\/nb\/wp-json\/wp\/v2\/comments?post=8505"}],"wp:attachment":[{"href":"https:\/\/antcube.shop\/nb\/wp-json\/wp\/v2\/media?parent=8505"}],"wp:term":[{"taxonomy":"product_brand","embeddable":true,"href":"https:\/\/antcube.shop\/nb\/wp-json\/wp\/v2\/product_brand?post=8505"},{"taxonomy":"product_cat","embeddable":true,"href":"https:\/\/antcube.shop\/nb\/wp-json\/wp\/v2\/product_cat?post=8505"},{"taxonomy":"product_tag","embeddable":true,"href":"https:\/\/antcube.shop\/nb\/wp-json\/wp\/v2\/product_tag?post=8505"}],"curies":[{"name":"wp","href":"https:\/\/api.w.org\/{rel}","templated":true}]}}