{"id":8503,"date":"2024-06-10T10:40:31","date_gmt":"2024-06-10T08:40:31","guid":{"rendered":"https:\/\/antcube.shop\/product\/stainless-steel-water-bottle-2\/"},"modified":"2024-12-12T11:07:50","modified_gmt":"2024-12-12T10:07:50","slug":"vannflaske-i-rustfritt-stal-2","status":"publish","type":"product","link":"https:\/\/antcube.shop\/nb\/produkt\/vannflaske-i-rustfritt-stal-2\/","title":{"rendered":"Vannflaske i rustfritt st\u00e5l"},"content":{"rendered":"<p>Denne 17-ounce, dobbeltveggede vannflasken i rustfritt st\u00e5l er perfekt for dine daglige utflukter. Den vil holde din favorittdrikk varm eller kald i timevis. Den har ogs\u00e5 et lukt- og lekkasjesikkert lokk. Kast den i bilens koppholder p\u00e5 vei til jobb, ta den med deg p\u00e5 tur, eller kast den i vesken n\u00e5r du blir t\u00f8rst.<\/p>\n<p>- Rustfritt st\u00e5l av h\u00f8y kvalitet<br \/>\n- 17 oz (500 ml)<br \/>\n- Dimensjoner: 10.5\u2033 \u00d7 2.85\u2033 (27 \u00d7 7 cm)<br \/>\n- Vakuumkolbe<br \/>\n- Konstruksjon med doble vegger<br \/>\n- Bowling pin form<br \/>\n- Glanset overflate<br \/>\n- Luktfri og lekkasjesikker hette<br \/>\n- Isolert for varme og kalde v\u00e6sker (holder v\u00e6sken varm eller kald i 6 timer)<br \/>\n- Patentert ORCA-belegg for levende farger<br \/>\n- Kun h\u00e5ndvask<br \/>\n- Blanke produkter fra Kina<\/p>\n<p>Ansvarsfraskrivelse: \u00c5 oppbevare vann i flasken i over 24 timer er uhygienisk og kan f\u00f8re til en ubehagelig lukt.<\/p>","protected":false},"excerpt":{"rendered":"<p>Denne vannflasken i rustfritt st\u00e5l med doble vegger er perfekt for de daglige utfluktene. Den holder drikken din varm eller kald i timevis. Den har ogs\u00e5 et lukt- og lekkasjesikkert lokk. Sett den i koppholderen i bilen p\u00e5 vei til jobb, ta den med deg p\u00e5 tur, eller kast den i [...].","protected":false},"featured_media":8504,"comment_status":"open","ping_status":"closed","template":"","meta":{"_acf_changed":false,"content-type":"","_monsterinsights_skip_tracking":false,"_monsterinsights_sitenote_active":false,"_monsterinsights_sitenote_note":"","_monsterinsights_sitenote_category":0},"product_brand":[],"product_cat":[245],"product_tag":[],"class_list":{"0":"post-8503","1":"product","2":"type-product","3":"status-publish","4":"has-post-thumbnail","6":"product_cat-merchandise","8":"first","9":"instock","10":"taxable","11":"shipping-taxable","12":"purchasable","13":"product-type-simple"},"acf":[],"aioseo_notices":[],"jetpack_sharing_enabled":true,"_links":{"self":[{"href":"https:\/\/antcube.shop\/nb\/wp-json\/wp\/v2\/product\/8503","targetHints":{"allow":["GET"]}}],"collection":[{"href":"https:\/\/antcube.shop\/nb\/wp-json\/wp\/v2\/product"}],"about":[{"href":"https:\/\/antcube.shop\/nb\/wp-json\/wp\/v2\/types\/product"}],"replies":[{"embeddable":true,"href":"https:\/\/antcube.shop\/nb\/wp-json\/wp\/v2\/comments?post=8503"}],"wp:featuredmedia":[{"embeddable":true,"href":"https:\/\/antcube.shop\/nb\/wp-json\/wp\/v2\/media\/8504"}],"wp:attachment":[{"href":"https:\/\/antcube.shop\/nb\/wp-json\/wp\/v2\/media?parent=8503"}],"wp:term":[{"taxonomy":"product_brand","embeddable":true,"href":"https:\/\/antcube.shop\/nb\/wp-json\/wp\/v2\/product_brand?post=8503"},{"taxonomy":"product_cat","embeddable":true,"href":"https:\/\/antcube.shop\/nb\/wp-json\/wp\/v2\/product_cat?post=8503"},{"taxonomy":"product_tag","embeddable":true,"href":"https:\/\/antcube.shop\/nb\/wp-json\/wp\/v2\/product_tag?post=8503"}],"curies":[{"name":"wp","href":"https:\/\/api.w.org\/{rel}","templated":true}]}}