{"id":8320,"date":"2024-06-10T10:36:48","date_gmt":"2024-06-10T08:36:48","guid":{"rendered":"https:\/\/antcube.shop\/product\/unisex-t-shirt-2\/"},"modified":"2024-12-12T11:08:12","modified_gmt":"2024-12-12T10:08:12","slug":"unisex-t-skjorte-2","status":"publish","type":"product","link":"https:\/\/antcube.shop\/nb\/produkt\/unisex-t-skjorte-2\/","title":{"rendered":"Unisex t-skjorte"},"content":{"rendered":"<p>Denne t-skjorten er alt du har dr\u00f8mt om og mer til. Den f\u00f8les myk og lett, med den rette mengden stretch. Den er behagelig og flatterende for alle. <\/p>\n<p>- 100% kjemmet og ringspunnet bomull (Heather-fargene inneholder polyester)<br \/>\n- Stoffvekt: 142 g\/m\u00b2 (4,2 oz.\/yd\u00b2)<br \/>\n- Forkrympet stoff<br \/>\n- Konstruksjon med sides\u00f8m<br \/>\n- Teiping fra skulder til skulder<br \/>\n- Blanke produkter fra Nicaragua, Mexico, Honduras eller USA<\/p>\n<p>Dette produktet lages spesielt for deg s\u00e5 snart du legger inn en bestilling, og derfor tar det litt lenger tid \u00e5 levere det til deg. \u00c5 lage produkter p\u00e5 bestilling i stedet for i bulk bidrar til \u00e5 redusere overproduksjon, s\u00e5 takk for at du tar gjennomtenkte kj\u00f8psbeslutninger!<\/p>","protected":false},"excerpt":{"rendered":"<p>Denne t-skjorten er alt du har dr\u00f8mt om og mer til. Den f\u00f8les myk og lett, med den rette mengden stretch. Den er behagelig og flatterende for alle. - 100% kjemmet og ringspunnet bomull (Heather-farger inneholder polyester) - Stoffvekt: 4,2 oz.\/yd.\u00b2 (142 g\/m\u00b2) - Forkrympet stoff - Sides\u00f8mskonstruksjon - Teiping fra skulder til skulder - Tomt produkt","protected":false},"featured_media":8423,"comment_status":"open","ping_status":"closed","template":"","meta":{"_acf_changed":false,"content-type":"","_monsterinsights_skip_tracking":false,"_monsterinsights_sitenote_active":false,"_monsterinsights_sitenote_note":"","_monsterinsights_sitenote_category":0},"product_brand":[],"product_cat":[245],"product_tag":[],"class_list":{"0":"post-8320","1":"product","2":"type-product","3":"status-publish","4":"has-post-thumbnail","6":"product_cat-merchandise","8":"first","9":"instock","10":"taxable","11":"shipping-taxable","12":"purchasable","13":"product-type-variable"},"acf":[],"aioseo_notices":[],"jetpack_sharing_enabled":true,"_links":{"self":[{"href":"https:\/\/antcube.shop\/nb\/wp-json\/wp\/v2\/product\/8320","targetHints":{"allow":["GET"]}}],"collection":[{"href":"https:\/\/antcube.shop\/nb\/wp-json\/wp\/v2\/product"}],"about":[{"href":"https:\/\/antcube.shop\/nb\/wp-json\/wp\/v2\/types\/product"}],"replies":[{"embeddable":true,"href":"https:\/\/antcube.shop\/nb\/wp-json\/wp\/v2\/comments?post=8320"}],"wp:featuredmedia":[{"embeddable":true,"href":"https:\/\/antcube.shop\/nb\/wp-json\/wp\/v2\/media\/8423"}],"wp:attachment":[{"href":"https:\/\/antcube.shop\/nb\/wp-json\/wp\/v2\/media?parent=8320"}],"wp:term":[{"taxonomy":"product_brand","embeddable":true,"href":"https:\/\/antcube.shop\/nb\/wp-json\/wp\/v2\/product_brand?post=8320"},{"taxonomy":"product_cat","embeddable":true,"href":"https:\/\/antcube.shop\/nb\/wp-json\/wp\/v2\/product_cat?post=8320"},{"taxonomy":"product_tag","embeddable":true,"href":"https:\/\/antcube.shop\/nb\/wp-json\/wp\/v2\/product_tag?post=8320"}],"curies":[{"name":"wp","href":"https:\/\/api.w.org\/{rel}","templated":true}]}}