{"id":8197,"date":"2024-06-10T10:30:29","date_gmt":"2024-06-10T08:30:29","guid":{"rendered":"https:\/\/antcube.shop\/product\/unisex-hoodie-2\/"},"modified":"2024-12-12T11:08:24","modified_gmt":"2024-12-12T10:08:24","slug":"unisex-hettegenser-2","status":"publish","type":"product","link":"https:\/\/antcube.shop\/nb\/produkt\/unisex-hettegenser-2\/","title":{"rendered":"Unisex hettegenser"},"content":{"rendered":"<p>Alle trenger en koselig hettegenser \u00e5 kose seg i, s\u00e5 g\u00e5 for en som er myk, glatt og stilig. Det er det perfekte valget for kj\u00f8ligere kvelder!<\/p>\n<p>- 50% forkrympet bomull, 50% polyester<br \/>\n- Stoffvekt: 271,25 g\/m\u00b2 (8,0 oz\/yd\u00b2)<br \/>\n- Luftspunnet garn med myk f\u00f8lelse og redusert pilling<br \/>\n- Dobbeltforet hette med matchende sn\u00f8ring<br \/>\n- Kvartdreid kropp for \u00e5 unng\u00e5 kr\u00f8ll p\u00e5 midten<br \/>\n- 1 \u00d7 1 sporty ribbestrikkede mansjetter og linning med spandex<br \/>\n- Lomme foran p\u00e5 vesken<br \/>\n- Dobbeltsydd krage, skuldre, ermhull, mansjetter og nederkant<br \/>\n- Tomme produkter fra Bangladesh, Nicaragua, Honduras eller El Salvador<\/p>\n<p>Dette produktet lages spesielt for deg s\u00e5 snart du legger inn en bestilling, og derfor tar det litt lenger tid \u00e5 levere det til deg. \u00c5 lage produkter p\u00e5 bestilling i stedet for i bulk bidrar til \u00e5 redusere overproduksjon, s\u00e5 takk for at du tar gjennomtenkte kj\u00f8psbeslutninger!<\/p>","protected":false},"excerpt":{"rendered":"<p>Alle trenger en koselig hettegenser \u00e5 kose seg i, s\u00e5 g\u00e5 for en som er myk, glatt og stilig. Det perfekte valget for kj\u00f8ligere kvelder! - 50% forkrympet bomull, 50% polyester - Stoffvekt: 271,25 g\/m\u00b2 (8,0 oz\/yd\u00b2) - Luftspunnet garn med en myk f\u00f8lelse og redusert pilling - Dobbeltforet hette med matchende","protected":false},"featured_media":8290,"comment_status":"open","ping_status":"closed","template":"","meta":{"_acf_changed":false,"content-type":"","_monsterinsights_skip_tracking":false,"_monsterinsights_sitenote_active":false,"_monsterinsights_sitenote_note":"","_monsterinsights_sitenote_category":0},"product_brand":[],"product_cat":[245],"product_tag":[],"class_list":{"0":"post-8197","1":"product","2":"type-product","3":"status-publish","4":"has-post-thumbnail","6":"product_cat-merchandise","8":"first","9":"instock","10":"taxable","11":"shipping-taxable","12":"purchasable","13":"product-type-variable"},"acf":[],"aioseo_notices":[],"jetpack_sharing_enabled":true,"_links":{"self":[{"href":"https:\/\/antcube.shop\/nb\/wp-json\/wp\/v2\/product\/8197","targetHints":{"allow":["GET"]}}],"collection":[{"href":"https:\/\/antcube.shop\/nb\/wp-json\/wp\/v2\/product"}],"about":[{"href":"https:\/\/antcube.shop\/nb\/wp-json\/wp\/v2\/types\/product"}],"replies":[{"embeddable":true,"href":"https:\/\/antcube.shop\/nb\/wp-json\/wp\/v2\/comments?post=8197"}],"wp:featuredmedia":[{"embeddable":true,"href":"https:\/\/antcube.shop\/nb\/wp-json\/wp\/v2\/media\/8290"}],"wp:attachment":[{"href":"https:\/\/antcube.shop\/nb\/wp-json\/wp\/v2\/media?parent=8197"}],"wp:term":[{"taxonomy":"product_brand","embeddable":true,"href":"https:\/\/antcube.shop\/nb\/wp-json\/wp\/v2\/product_brand?post=8197"},{"taxonomy":"product_cat","embeddable":true,"href":"https:\/\/antcube.shop\/nb\/wp-json\/wp\/v2\/product_cat?post=8197"},{"taxonomy":"product_tag","embeddable":true,"href":"https:\/\/antcube.shop\/nb\/wp-json\/wp\/v2\/product_tag?post=8197"}],"curies":[{"name":"wp","href":"https:\/\/api.w.org\/{rel}","templated":true}]}}