{"id":7942,"date":"2024-05-29T15:42:05","date_gmt":"2024-05-29T13:42:05","guid":{"rendered":"https:\/\/antcube.shop\/product\/rote-abdeckplatte-20x20-liegend\/"},"modified":"2026-04-05T10:26:16","modified_gmt":"2026-04-05T08:26:16","slug":"rod-dekkplate-20x20","status":"publish","type":"product","link":"https:\/\/antcube.shop\/nb\/produkt\/rod-dekkplate-20x20\/","title":{"rendered":"R\u00f8d dekkplate 20\u00d720 - horisontal"},"content":{"rendered":"<p><strong>Dimensjoner:<\/strong> 180 x 180 mm,<br \/>\n<strong>Tykkelse:<\/strong> 3 mm<br \/>\n56 mm ytre dimensjon p\u00e5 hullringen - 33 mm indre dimensjon p\u00e5 hullet<\/p>\n<p><strong>Materiell:<\/strong> PMMA<\/p>\n<p><strong>Farge:<\/strong> m\u00f8rker\u00f8d, gjennomsiktig<\/p>\n<p><strong>Innhold:<\/strong> 1 stk.<\/p>\n<p><strong>Beskrivelse:<\/strong> Den r\u00f8de, gjennomsiktige dekkplaten - horisontal - brukes for \u00e5 gi maurene en f\u00f8lelse av \u00e5 v\u00e6re under jorden. Vi anbefaler derfor \u00e5 bruke dette produktet i det minste delvis i reiromr\u00e5det. Du kan til og med se maurene i reiret gjennom tildekkingen.<\/p>","protected":false},"excerpt":{"rendered":"<p>Dimensjoner: 180 x 180 mm, Tykkelse: 3 mm 56 mm hullring ytre dimensjon - 33 mm hull indre dimensjon Materiale: PMMA Farge: m\u00f8rker\u00f8d, gjennomsiktig Innhold: 1 stk. Beskrivelse: Den r\u00f8de gjennomsiktige dekkplaten - horisontal, brukes for \u00e5 gi maurene en underjordisk f\u00f8lelse. Vi anbefaler derfor \u00e5 bruke dette produktet i det minste delvis i","protected":false},"featured_media":7945,"comment_status":"open","ping_status":"closed","template":"","meta":{"_acf_changed":false,"content-type":"","_monsterinsights_skip_tracking":false,"_monsterinsights_sitenote_active":false,"_monsterinsights_sitenote_note":"","_monsterinsights_sitenote_category":0},"product_brand":[],"product_cat":[119,239],"product_tag":[],"class_list":{"0":"post-7942","1":"product","2":"type-product","3":"status-publish","4":"has-post-thumbnail","6":"product_cat-formicarium-components","7":"product_cat-useful-additions","9":"first","10":"instock","11":"taxable","12":"shipping-taxable","13":"purchasable","14":"product-type-simple"},"acf":[],"aioseo_notices":[],"jetpack_sharing_enabled":true,"_links":{"self":[{"href":"https:\/\/antcube.shop\/nb\/wp-json\/wp\/v2\/product\/7942","targetHints":{"allow":["GET"]}}],"collection":[{"href":"https:\/\/antcube.shop\/nb\/wp-json\/wp\/v2\/product"}],"about":[{"href":"https:\/\/antcube.shop\/nb\/wp-json\/wp\/v2\/types\/product"}],"replies":[{"embeddable":true,"href":"https:\/\/antcube.shop\/nb\/wp-json\/wp\/v2\/comments?post=7942"}],"wp:featuredmedia":[{"embeddable":true,"href":"https:\/\/antcube.shop\/nb\/wp-json\/wp\/v2\/media\/7945"}],"wp:attachment":[{"href":"https:\/\/antcube.shop\/nb\/wp-json\/wp\/v2\/media?parent=7942"}],"wp:term":[{"taxonomy":"product_brand","embeddable":true,"href":"https:\/\/antcube.shop\/nb\/wp-json\/wp\/v2\/product_brand?post=7942"},{"taxonomy":"product_cat","embeddable":true,"href":"https:\/\/antcube.shop\/nb\/wp-json\/wp\/v2\/product_cat?post=7942"},{"taxonomy":"product_tag","embeddable":true,"href":"https:\/\/antcube.shop\/nb\/wp-json\/wp\/v2\/product_tag?post=7942"}],"curies":[{"name":"wp","href":"https:\/\/api.w.org\/{rel}","templated":true}]}}