{"id":7590,"date":"2024-04-04T16:24:13","date_gmt":"2024-04-04T14:24:13","guid":{"rendered":"https:\/\/antcube.shop\/product\/thermo-hygrometer-analog-display-43mm-hangend\/"},"modified":"2026-01-15T16:08:58","modified_gmt":"2026-01-15T15:08:58","slug":"termo-hygrometer-med-analogt-display-43-mm-opphengt","status":"publish","type":"product","link":"https:\/\/antcube.shop\/nb\/produkt\/termo-hygrometer-med-analogt-display-43-mm-opphengt\/","title":{"rendered":"Analogt termohygrometer - display - 43 mm - opphenging"},"content":{"rendered":"<p><strong>Dimensjoner:<\/strong> 73 mm x 63 mm, 20 mm dyp<\/p>\n<p><strong>Materiell:<\/strong> metall \/ akryl<\/p>\n<p><strong>Farge:<\/strong> metall, s\u00f8lv \/ gjennomsiktig<\/p>\n<p><strong>Innhold:<\/strong> 1x termohygrometer analogt metall - 43mm, 1x akrylglassholder med fordypning for m\u00e5leinstrumentet - 73x59mm, 1x akrylglassbunn - 73x20mm, 2x transparente klebeputer - 30x20mm<\/p>\n<p><strong>Beskrivelse:<\/strong><br \/>\nSettet best\u00e5r av et analogt termometer og hygrometer av metall (43 mm) som er satt inn i en akrylglassplate (73x59 mm). Displayet festes ved hjelp av to gjennomsiktige klebeputer som kan brukes til \u00e5 feste sokkelen (73x20 mm) p\u00e5 arenadeksler eller rammer.<\/p>\n<p><strong>Viktig:<\/strong><br \/>\nBaksiden av m\u00e5leren m\u00e5 holdes fri, ellers kan det oppst\u00e5 m\u00e5lefeil.<\/p>\n<p><strong>N\u00f8yaktighetstermometer:<\/strong> +\/- 2\u00b0C , +\/- 4\u00b0F<br \/>\n<strong>N\u00f8yaktighet hygrometer:<\/strong> +\/- 5%<\/p>","protected":false},"excerpt":{"rendered":"<p>Sett med termometer og hygrometer i metall (43 mm) satt inn i en akrylglassplate (73x63 mm).<\/p>","protected":false},"featured_media":7580,"comment_status":"open","ping_status":"closed","template":"","meta":{"_acf_changed":false,"content-type":"","_monsterinsights_skip_tracking":false,"_monsterinsights_sitenote_active":false,"_monsterinsights_sitenote_note":"","_monsterinsights_sitenote_category":0},"product_brand":[],"product_cat":[359,119],"product_tag":[],"class_list":{"0":"post-7590","1":"product","2":"type-product","3":"status-publish","4":"has-post-thumbnail","6":"product_cat-light-heat-humidity","7":"product_cat-formicarium-components","9":"first","10":"instock","11":"taxable","12":"shipping-taxable","13":"purchasable","14":"product-type-simple"},"acf":[],"aioseo_notices":[],"jetpack_sharing_enabled":true,"_links":{"self":[{"href":"https:\/\/antcube.shop\/nb\/wp-json\/wp\/v2\/product\/7590","targetHints":{"allow":["GET"]}}],"collection":[{"href":"https:\/\/antcube.shop\/nb\/wp-json\/wp\/v2\/product"}],"about":[{"href":"https:\/\/antcube.shop\/nb\/wp-json\/wp\/v2\/types\/product"}],"replies":[{"embeddable":true,"href":"https:\/\/antcube.shop\/nb\/wp-json\/wp\/v2\/comments?post=7590"}],"wp:featuredmedia":[{"embeddable":true,"href":"https:\/\/antcube.shop\/nb\/wp-json\/wp\/v2\/media\/7580"}],"wp:attachment":[{"href":"https:\/\/antcube.shop\/nb\/wp-json\/wp\/v2\/media?parent=7590"}],"wp:term":[{"taxonomy":"product_brand","embeddable":true,"href":"https:\/\/antcube.shop\/nb\/wp-json\/wp\/v2\/product_brand?post=7590"},{"taxonomy":"product_cat","embeddable":true,"href":"https:\/\/antcube.shop\/nb\/wp-json\/wp\/v2\/product_cat?post=7590"},{"taxonomy":"product_tag","embeddable":true,"href":"https:\/\/antcube.shop\/nb\/wp-json\/wp\/v2\/product_tag?post=7590"}],"curies":[{"name":"wp","href":"https:\/\/api.w.org\/{rel}","templated":true}]}}