{"id":7589,"date":"2024-04-04T16:24:06","date_gmt":"2024-04-04T14:24:06","guid":{"rendered":"https:\/\/antcube.shop\/product\/mini-thermo-hygrometer-analog-metall-43mm\/"},"modified":"2026-04-15T09:42:42","modified_gmt":"2026-04-15T07:42:42","slug":"mini-termohygrometer-analogt-av-metall-43-mm","status":"publish","type":"product","link":"https:\/\/antcube.shop\/nb\/produkt\/mini-termohygrometer-analogt-av-metall-43-mm\/","title":{"rendered":"Mini termohygrometer analogt i metall - 43 mm"},"content":{"rendered":"<p><strong>St\u00f8rrelse:<\/strong> 43 mm (for 40 mm hull)<\/p>\n<p><strong>Materiale\/farge:<\/strong> metall, s\u00f8lv<\/p>\n<p><strong>M\u00e5ling:<\/strong><\/p>\n<p><strong>Termometer:<\/strong> -20 til +50 \u00b0C \/ -10 til +130 \u00b0F<br \/>\n<strong>N\u00f8yaktighet:<\/strong> +\/- 2\u00b0C , +\/- 4\u00b0F<\/p>\n<p><strong>Hygrometer:<\/strong> 0 til 100%<br \/>\n<strong>N\u00f8yaktighet:<\/strong> +\/- 5%<\/p>\n<p><strong>Beskrivelse:<\/strong><br \/>\nAnalogt termo-\/hygrometer, som er spesielt godt egnet for sv\u00e6rt sm\u00e5 formicaria.<\/p>\n<p><strong>Merk:<\/strong><br \/>\nM\u00e5leinstrumentene p\u00e5 baksiden m\u00e5 v\u00e6re frie, ellers kan det oppst\u00e5 m\u00e5lefeil.<\/p>","protected":false},"excerpt":{"rendered":"<p>St\u00f8rrelse: 43 mm (for 40 mm hull) Materiale\/farge: metall, s\u00f8lv M\u00e5ling: Termometer: -20 til +50 \u00b0C \/ -10 til +130 \u00b0F N\u00f8yaktighet: +\/- 2\u00b0C , +\/- 4\u00b0F Hygrometer: 0 til 100% N\u00f8yaktighet: +\/- 5% Beskrivelse: Analogt termo-\/hygrometer som er spesielt egnet for sv\u00e6rt sm\u00e5 formikaria. Merk: M\u00e5leinstrumentene p\u00e5 baksiden m\u00e5 v\u00e6re frie, ellers kan m\u00e5lingene ikke utf\u00f8res.","protected":false},"featured_media":7581,"comment_status":"open","ping_status":"closed","template":"","meta":{"_acf_changed":false,"content-type":"","_monsterinsights_skip_tracking":false,"_monsterinsights_sitenote_active":false,"_monsterinsights_sitenote_note":"","_monsterinsights_sitenote_category":0},"product_brand":[],"product_cat":[359,119],"product_tag":[],"class_list":{"0":"post-7589","1":"product","2":"type-product","3":"status-publish","4":"has-post-thumbnail","6":"product_cat-light-heat-humidity","7":"product_cat-formicarium-components","9":"first","10":"instock","11":"taxable","12":"shipping-taxable","13":"purchasable","14":"product-type-simple"},"acf":[],"aioseo_notices":[],"jetpack_sharing_enabled":true,"_links":{"self":[{"href":"https:\/\/antcube.shop\/nb\/wp-json\/wp\/v2\/product\/7589","targetHints":{"allow":["GET"]}}],"collection":[{"href":"https:\/\/antcube.shop\/nb\/wp-json\/wp\/v2\/product"}],"about":[{"href":"https:\/\/antcube.shop\/nb\/wp-json\/wp\/v2\/types\/product"}],"replies":[{"embeddable":true,"href":"https:\/\/antcube.shop\/nb\/wp-json\/wp\/v2\/comments?post=7589"}],"wp:featuredmedia":[{"embeddable":true,"href":"https:\/\/antcube.shop\/nb\/wp-json\/wp\/v2\/media\/7581"}],"wp:attachment":[{"href":"https:\/\/antcube.shop\/nb\/wp-json\/wp\/v2\/media?parent=7589"}],"wp:term":[{"taxonomy":"product_brand","embeddable":true,"href":"https:\/\/antcube.shop\/nb\/wp-json\/wp\/v2\/product_brand?post=7589"},{"taxonomy":"product_cat","embeddable":true,"href":"https:\/\/antcube.shop\/nb\/wp-json\/wp\/v2\/product_cat?post=7589"},{"taxonomy":"product_tag","embeddable":true,"href":"https:\/\/antcube.shop\/nb\/wp-json\/wp\/v2\/product_tag?post=7589"}],"curies":[{"name":"wp","href":"https:\/\/api.w.org\/{rel}","templated":true}]}}