{"id":7501,"date":"2024-04-04T11:27:23","date_gmt":"2024-04-04T09:27:23","guid":{"rendered":"https:\/\/antcube.shop\/product\/ant-maze-20x20-l\/"},"modified":"2026-03-30T18:32:02","modified_gmt":"2026-03-30T16:32:02","slug":"maurlabyrint-20x20-l","status":"publish","type":"product","link":"https:\/\/antcube.shop\/nb\/produkt\/maurlabyrint-20x20-l\/","title":{"rendered":"Maurlabyrint 20\u00d720 - L"},"content":{"rendered":"<p><strong>Dimensjoner:<\/strong><br \/>\n190x250x36 mm <strong>baneh\u00f8yde:<\/strong> 20 mm <strong>banebredde:<\/strong> 10mm-15mm<\/p>\n<p><strong>Materiell:<\/strong> akrylglass<\/p>\n<p><strong>Farge:<\/strong> krystallklar, gjennomsiktig<\/p>\n<p><strong>Innhold:<\/strong><br \/>\n1x Ant Maze Maze L med 5x gjennomskyvbar regulator<\/p>\n<p><strong>Forbindelse:<\/strong> 2x koblingshylser 16 mm for slange 20\/16 mm<\/p>\n<p><strong>Beskrivelse:<\/strong> Myrelabyrint flatt formicarium laget av flere lagdelte paneler. Maurlabyrinten kan utvides via slanger eller kobles til en maurarena ved hjelp av de integrerte tilkoblingskontaktene. De fem innebygde glidebryterne gj\u00f8r det mulig for maurene \u00e5 \u00e5pne eller lukke ulike veier i labyrinten. Dette kan for eksempel brukes til eksperimenter i utdanningsinstitusjoner eller hjemme for \u00e5 observere hvordan maurene finner veien og tilpasser seg plutselig skiftende ruter, for eksempel til f\u00f4ringsomr\u00e5der.<\/p>\n<p><strong>Merk:<\/strong> Spalter p\u00e5 0,5 mm kan forekomme.<\/p>\n<p><strong>Merknad om tilkoblingskontaktene<\/strong><br \/>\nV\u00e6r oppmerksom p\u00e5 f\u00f8lgende n\u00e5r du monterer eller fjerner slanger:<br \/>\nHvis slangen er sv\u00e6rt vanskelig \u00e5 f\u00e5 p\u00e5 plass p\u00e5 tilkoblingsmuffen, b\u00f8r muffen gnides lett inn med en dr\u00e5pe av v\u00e5r olje eller pulver som beskytter mot utbrudd. Deretter skal slangen skyves p\u00e5 muffen ved hjelp av vridnings- eller skrubevegelser uten \u00e5 belaste muffen med opp- og nedbevegelser. Det samme gjelder n\u00e5r du fjerner slangene fra g\u00e5rdsstussen. Ikke bare dra den av!<\/p>","protected":false},"excerpt":{"rendered":"<p>Tilkobling: Sokkel 2x 16 mm<\/p>","protected":false},"featured_media":7603,"comment_status":"open","ping_status":"closed","template":"","meta":{"_acf_changed":false,"content-type":"","_monsterinsights_skip_tracking":false,"_monsterinsights_sitenote_active":false,"_monsterinsights_sitenote_note":"","_monsterinsights_sitenote_category":0},"product_brand":[],"product_cat":[257,119,239,91],"product_tag":[],"class_list":{"0":"post-7501","1":"product","2":"type-product","3":"status-publish","4":"has-post-thumbnail","6":"product_cat-new-innovatve-products","7":"product_cat-formicarium-components","8":"product_cat-useful-additions","9":"product_cat-formicarium-modules","11":"first","12":"instock","13":"taxable","14":"shipping-taxable","15":"purchasable","16":"product-type-simple"},"acf":[],"aioseo_notices":[],"jetpack_sharing_enabled":true,"_links":{"self":[{"href":"https:\/\/antcube.shop\/nb\/wp-json\/wp\/v2\/product\/7501","targetHints":{"allow":["GET"]}}],"collection":[{"href":"https:\/\/antcube.shop\/nb\/wp-json\/wp\/v2\/product"}],"about":[{"href":"https:\/\/antcube.shop\/nb\/wp-json\/wp\/v2\/types\/product"}],"replies":[{"embeddable":true,"href":"https:\/\/antcube.shop\/nb\/wp-json\/wp\/v2\/comments?post=7501"}],"wp:featuredmedia":[{"embeddable":true,"href":"https:\/\/antcube.shop\/nb\/wp-json\/wp\/v2\/media\/7603"}],"wp:attachment":[{"href":"https:\/\/antcube.shop\/nb\/wp-json\/wp\/v2\/media?parent=7501"}],"wp:term":[{"taxonomy":"product_brand","embeddable":true,"href":"https:\/\/antcube.shop\/nb\/wp-json\/wp\/v2\/product_brand?post=7501"},{"taxonomy":"product_cat","embeddable":true,"href":"https:\/\/antcube.shop\/nb\/wp-json\/wp\/v2\/product_cat?post=7501"},{"taxonomy":"product_tag","embeddable":true,"href":"https:\/\/antcube.shop\/nb\/wp-json\/wp\/v2\/product_tag?post=7501"}],"curies":[{"name":"wp","href":"https:\/\/api.w.org\/{rel}","templated":true}]}}