{"id":7497,"date":"2024-04-04T11:21:20","date_gmt":"2024-04-04T09:21:20","guid":{"rendered":"https:\/\/antcube.shop\/product\/beckenverbinder-1-1-2-zu-50mm-glasklar\/"},"modified":"2026-03-29T14:39:23","modified_gmt":"2026-03-29T12:39:23","slug":"kumkobling-1-1-2-til-50-mm-glass-klar","status":"publish","type":"product","link":"https:\/\/antcube.shop\/nb\/produkt\/kumkobling-1-1-2-til-50-mm-glass-klar\/","title":{"rendered":"Servantkobling 1 1\/2\u2033 til 50 mm - glassklart"},"content":{"rendered":"<p><span data-text-color=\"alert\"><strong>Oppmerksomhet:<\/strong> <\/span>mutteren som kreves for festing m\u00e5 bestilles separat<\/p>\n<p><strong>Mengde:<\/strong> 1 stk.<\/p>\n<p><strong>Farge:<\/strong> glassklar<\/p>\n<p><strong>Materiell:<\/strong> Plast<\/p>\n<p><strong>Beskrivelse:<\/strong> Denne kumr\u00f8rkoblingen 1 1\/2\" passer inn i et 50 mm hull og p\u00e5 et r\u00f8r med 50 mm utvendig diameter.<\/p>","protected":false},"excerpt":{"rendered":"<p>OBS: mutteren som kreves for festing m\u00e5 bestilles separat Antall: 1 stk Farge: glassklar Materiale: Plast Beskrivelse: Denne kumr\u00f8rkoblingen 1 1\/2 \"passer inn i et 50 mm hull og p\u00e5 et r\u00f8r med en utvendig diameter p\u00e5 50 mm.<\/p>","protected":false},"featured_media":7512,"comment_status":"open","ping_status":"closed","template":"","meta":{"_acf_changed":false,"content-type":"","_monsterinsights_skip_tracking":false,"_monsterinsights_sitenote_active":false,"_monsterinsights_sitenote_note":"","_monsterinsights_sitenote_category":0},"product_brand":[],"product_cat":[257,345,119,121],"product_tag":[],"class_list":{"0":"post-7497","1":"product","2":"type-product","3":"status-publish","4":"has-post-thumbnail","6":"product_cat-new-innovatve-products","7":"product_cat-pipe-connectors","8":"product_cat-formicarium-components","9":"product_cat-connectors","11":"first","12":"instock","13":"taxable","14":"shipping-taxable","15":"purchasable","16":"product-type-simple"},"acf":[],"aioseo_notices":[],"jetpack_sharing_enabled":true,"_links":{"self":[{"href":"https:\/\/antcube.shop\/nb\/wp-json\/wp\/v2\/product\/7497","targetHints":{"allow":["GET"]}}],"collection":[{"href":"https:\/\/antcube.shop\/nb\/wp-json\/wp\/v2\/product"}],"about":[{"href":"https:\/\/antcube.shop\/nb\/wp-json\/wp\/v2\/types\/product"}],"replies":[{"embeddable":true,"href":"https:\/\/antcube.shop\/nb\/wp-json\/wp\/v2\/comments?post=7497"}],"wp:featuredmedia":[{"embeddable":true,"href":"https:\/\/antcube.shop\/nb\/wp-json\/wp\/v2\/media\/7512"}],"wp:attachment":[{"href":"https:\/\/antcube.shop\/nb\/wp-json\/wp\/v2\/media?parent=7497"}],"wp:term":[{"taxonomy":"product_brand","embeddable":true,"href":"https:\/\/antcube.shop\/nb\/wp-json\/wp\/v2\/product_brand?post=7497"},{"taxonomy":"product_cat","embeddable":true,"href":"https:\/\/antcube.shop\/nb\/wp-json\/wp\/v2\/product_cat?post=7497"},{"taxonomy":"product_tag","embeddable":true,"href":"https:\/\/antcube.shop\/nb\/wp-json\/wp\/v2\/product_tag?post=7497"}],"curies":[{"name":"wp","href":"https:\/\/api.w.org\/{rel}","templated":true}]}}