{"id":7496,"date":"2024-04-04T11:21:13","date_gmt":"2024-04-04T09:21:13","guid":{"rendered":"https:\/\/antcube.shop\/product\/beckenverbinder-3-4-zu-32mm-glasklar\/"},"modified":"2026-04-01T12:30:05","modified_gmt":"2026-04-01T10:30:05","slug":"kumkobling-3-4-til-32-mm-glass-klart","status":"publish","type":"product","link":"https:\/\/antcube.shop\/nb\/produkt\/kumkobling-3-4-til-32-mm-glass-klart\/","title":{"rendered":"Servantkobling 3\/4\u2033 til 32 mm - glassklart"},"content":{"rendered":"<p><span data-text-color=\"alert\"><strong>Oppmerksomhet:<\/strong> <\/span>mutteren som kreves for festing m\u00e5 bestilles separat<\/p>\n<p><strong>Mengde:<\/strong> 1 stk.<\/p>\n<p><strong>Farge:<\/strong> glassclear<\/p>\n<p><strong>Materiell:<\/strong> Plast<\/p>\n<p><strong>Beskrivelse:<\/strong> Denne kumr\u00f8rkoblingen 3\/4\" passer i et 27 mm hull og p\u00e5 et r\u00f8r med 32 mm utvendig diameter.<\/p>","protected":false},"excerpt":{"rendered":"<p>OBS: mutteren som kreves for festing m\u00e5 bestilles separat Antall: 1 stk Farge: glassklar Materiale: Plast Beskrivelse: Denne kumr\u00f8rkoblingen 3\/4 \"passer inn i et 27 mm hull og p\u00e5 et r\u00f8r med en utvendig diameter p\u00e5 32 mm.<\/p>","protected":false},"featured_media":7511,"comment_status":"open","ping_status":"closed","template":"","meta":{"_acf_changed":false,"content-type":"","_monsterinsights_skip_tracking":false,"_monsterinsights_sitenote_active":false,"_monsterinsights_sitenote_note":"","_monsterinsights_sitenote_category":0},"product_brand":[],"product_cat":[257,345,119,121],"product_tag":[],"class_list":{"0":"post-7496","1":"product","2":"type-product","3":"status-publish","4":"has-post-thumbnail","6":"product_cat-new-innovatve-products","7":"product_cat-pipe-connectors","8":"product_cat-formicarium-components","9":"product_cat-connectors","11":"first","12":"instock","13":"taxable","14":"shipping-taxable","15":"purchasable","16":"product-type-simple"},"acf":[],"aioseo_notices":[],"jetpack_sharing_enabled":true,"_links":{"self":[{"href":"https:\/\/antcube.shop\/nb\/wp-json\/wp\/v2\/product\/7496","targetHints":{"allow":["GET"]}}],"collection":[{"href":"https:\/\/antcube.shop\/nb\/wp-json\/wp\/v2\/product"}],"about":[{"href":"https:\/\/antcube.shop\/nb\/wp-json\/wp\/v2\/types\/product"}],"replies":[{"embeddable":true,"href":"https:\/\/antcube.shop\/nb\/wp-json\/wp\/v2\/comments?post=7496"}],"wp:featuredmedia":[{"embeddable":true,"href":"https:\/\/antcube.shop\/nb\/wp-json\/wp\/v2\/media\/7511"}],"wp:attachment":[{"href":"https:\/\/antcube.shop\/nb\/wp-json\/wp\/v2\/media?parent=7496"}],"wp:term":[{"taxonomy":"product_brand","embeddable":true,"href":"https:\/\/antcube.shop\/nb\/wp-json\/wp\/v2\/product_brand?post=7496"},{"taxonomy":"product_cat","embeddable":true,"href":"https:\/\/antcube.shop\/nb\/wp-json\/wp\/v2\/product_cat?post=7496"},{"taxonomy":"product_tag","embeddable":true,"href":"https:\/\/antcube.shop\/nb\/wp-json\/wp\/v2\/product_tag?post=7496"}],"curies":[{"name":"wp","href":"https:\/\/api.w.org\/{rel}","templated":true}]}}