{"id":6739,"date":"2023-12-12T15:09:04","date_gmt":"2023-12-12T14:09:04","guid":{"rendered":"https:\/\/antcube.shop\/product\/ameisenarena-abdeckung-60x30\/"},"modified":"2026-04-13T10:48:44","modified_gmt":"2026-04-13T08:48:44","slug":"myrearena-som-dekker-60x30","status":"publish","type":"product","link":"https:\/\/antcube.shop\/nb\/produkt\/myrearena-som-dekker-60x30\/","title":{"rendered":"Myrearena som dekker 60\u00d730"},"content":{"rendered":"<p><strong>Dimensjoner (LxBxH):<\/strong> 60x30x0,4 cm<\/p>\n<p><strong>Materiell:<\/strong> Flytende glass<\/p>\n<p><strong>Farge:<\/strong> klar \/ gjennomsiktig<\/p>\n<p><strong>Innhold:<\/strong><br \/>\n1x deksel til maurarena<br \/>\n1x festepunkter 4 stk.<\/p>\n<p><strong>Beskrivelse:<\/strong><br \/>\nGlassdeksel for maurarenaen som r\u00f8mningsbeskyttelse<\/p>\n<p><strong>Slik bruker du den:<\/strong><br \/>\nMyretaket, som er laget av glass, kan plasseres p\u00e5 en myrearena som fluktbeskyttelse og for \u00e5 regulere klimaet.<br \/>\nUlike moduler for klimakontroll kan settes inn i \u00e5pningene p\u00e5 50 mm, f.eks. ventilasjonsgitter, belysning eller befuktning.<br \/>\nFor \u00e5 hindre at maurene slipper ut gjennom \u00e5pningene, b\u00f8r det p\u00e5f\u00f8res en utbrytningsbeskyttelse (olje, pulver eller lakk) p\u00e5 undersiden rundt hullene.<\/p>\n<p><strong>Merk:<\/strong><br \/>\nSiden artikkelen er laget av glass og derfor er skj\u00f8r, b\u00f8r den h\u00e5ndteres sv\u00e6rt forsiktig.<\/p>","protected":false},"excerpt":{"rendered":"<p>Glassdeksel\/lokk til maurarenaen som r\u00f8mningsbeskyttelse<\/p>","protected":false},"featured_media":6730,"comment_status":"open","ping_status":"closed","template":"","meta":{"_acf_changed":false,"content-type":"","_monsterinsights_skip_tracking":false,"_monsterinsights_sitenote_active":false,"_monsterinsights_sitenote_note":"","_monsterinsights_sitenote_category":0},"product_brand":[],"product_cat":[91,92],"product_tag":[],"class_list":{"0":"post-6739","1":"product","2":"type-product","3":"status-publish","4":"has-post-thumbnail","6":"product_cat-formicarium-modules","7":"product_cat-arena-cover","9":"first","10":"instock","11":"taxable","12":"shipping-taxable","13":"purchasable","14":"product-type-simple"},"acf":[],"aioseo_notices":[],"jetpack_sharing_enabled":true,"_links":{"self":[{"href":"https:\/\/antcube.shop\/nb\/wp-json\/wp\/v2\/product\/6739","targetHints":{"allow":["GET"]}}],"collection":[{"href":"https:\/\/antcube.shop\/nb\/wp-json\/wp\/v2\/product"}],"about":[{"href":"https:\/\/antcube.shop\/nb\/wp-json\/wp\/v2\/types\/product"}],"replies":[{"embeddable":true,"href":"https:\/\/antcube.shop\/nb\/wp-json\/wp\/v2\/comments?post=6739"}],"wp:featuredmedia":[{"embeddable":true,"href":"https:\/\/antcube.shop\/nb\/wp-json\/wp\/v2\/media\/6730"}],"wp:attachment":[{"href":"https:\/\/antcube.shop\/nb\/wp-json\/wp\/v2\/media?parent=6739"}],"wp:term":[{"taxonomy":"product_brand","embeddable":true,"href":"https:\/\/antcube.shop\/nb\/wp-json\/wp\/v2\/product_brand?post=6739"},{"taxonomy":"product_cat","embeddable":true,"href":"https:\/\/antcube.shop\/nb\/wp-json\/wp\/v2\/product_cat?post=6739"},{"taxonomy":"product_tag","embeddable":true,"href":"https:\/\/antcube.shop\/nb\/wp-json\/wp\/v2\/product_tag?post=6739"}],"curies":[{"name":"wp","href":"https:\/\/api.w.org\/{rel}","templated":true}]}}