{"id":6736,"date":"2023-12-12T15:03:19","date_gmt":"2023-12-12T14:03:19","guid":{"rendered":"https:\/\/antcube.shop\/product\/antcube-arena-30x30x60-mit-schiebetur\/"},"modified":"2026-03-17T08:11:00","modified_gmt":"2026-03-17T07:11:00","slug":"antcube-arena-30x30x60-med-skyvedor","status":"publish","type":"product","link":"https:\/\/antcube.shop\/nb\/produkt\/antcube-arena-30x30x60-med-skyvedor\/","title":{"rendered":"ANTCUBE Arena 30x30x60 med skyved\u00f8r"},"content":{"rendered":"<p><span data-text-color=\"alert\"><strong>Frakt kun mulig via spedisjon p\u00e5 palett.<\/strong><\/span><\/p>\n<p>ANTCUBE Arena 30x30x60 cm med skyved\u00f8r og 2x 50 mm hull.<\/p>\n<p><strong>Dimensjoner:<\/strong> 300 x 300 x 600 mm; 4 mm glasstykkelse.<br \/>\n<strong>Materiell:<\/strong> floatglass<br \/>\n<strong>Forbindelse:<\/strong> 2x hull 50 mm<\/p>\n<p><strong>\u00c5pning foran (skyved\u00f8r):<\/strong> 150\u00d7200 mm<\/p>\n<p><strong>Beskrivelse:<\/strong> V\u00e5r ANTCUBE Arena 30x30x60 med skyved\u00f8r er designet for \u00e5 fungere komfortabelt selv i fulle formicarier. De er spesielt nyttige som formicarium for vevermaur (Polyrhachis og Oeacophylla), ettersom de liker \u00e5 bygge seg opp h\u00f8yt, eller trenger en vertsplante. I v\u00e5re vanlige 30x30x60-arenaer kan det v\u00e6re vanskelig \u00e5 fjerne for eksempel avf\u00f8ring fra dyrene i bunnen av formikariet. I dette spesialtilpassede bassenget er dette ikke lenger noe problem. Ogs\u00e5 for f\u00f4ringsbassenger til bladskj\u00e6remyrene Acromyrmex eller Atta er skyved\u00f8ren sv\u00e6rt praktisk, fordi planterester og annet avfall kan kastes komfortabelt. I tillegg kan den separat tilgjengelige skyved\u00f8rsrammen (art. nr. 1005648) brukes for \u00e5 hindre at dyrene r\u00f8mmer under arbeidet. For den vanlige topp\u00e5pningen er det ogs\u00e5 mulig \u00e5 f\u00e5 kj\u00f8pt en utbruddssikringsramme 30\u00d730 og et arenadeksel 30\u00d730 separat.<\/p>\n<p><strong>Merk:<\/strong> Glasset er sk\u00e5ret i henhold til DIN 1249 med en toleranse p\u00e5 +\/- 1 mm. For ekstremt sm\u00e5 maurarter er en ekstra utbruddsbeskyttelse viktig.<\/p>","protected":false},"excerpt":{"rendered":"<p><strong>Forbindelse:<\/strong> 2x hull 50 mm<\/p>","protected":false},"featured_media":6727,"comment_status":"open","ping_status":"closed","template":"","meta":{"_acf_changed":false,"content-type":"","_monsterinsights_skip_tracking":false,"_monsterinsights_sitenote_active":false,"_monsterinsights_sitenote_note":"","_monsterinsights_sitenote_category":0},"product_brand":[],"product_cat":[85,86],"product_tag":[],"class_list":{"0":"post-6736","1":"product","2":"type-product","3":"status-publish","4":"has-post-thumbnail","6":"product_cat-ant-arenas","7":"product_cat-formicariums","8":"product_shipping_class-forwarding-on-pallet","10":"first","11":"instock","12":"taxable","13":"shipping-taxable","14":"purchasable","15":"product-type-simple"},"acf":[],"aioseo_notices":[],"jetpack_sharing_enabled":true,"_links":{"self":[{"href":"https:\/\/antcube.shop\/nb\/wp-json\/wp\/v2\/product\/6736","targetHints":{"allow":["GET"]}}],"collection":[{"href":"https:\/\/antcube.shop\/nb\/wp-json\/wp\/v2\/product"}],"about":[{"href":"https:\/\/antcube.shop\/nb\/wp-json\/wp\/v2\/types\/product"}],"replies":[{"embeddable":true,"href":"https:\/\/antcube.shop\/nb\/wp-json\/wp\/v2\/comments?post=6736"}],"wp:featuredmedia":[{"embeddable":true,"href":"https:\/\/antcube.shop\/nb\/wp-json\/wp\/v2\/media\/6727"}],"wp:attachment":[{"href":"https:\/\/antcube.shop\/nb\/wp-json\/wp\/v2\/media?parent=6736"}],"wp:term":[{"taxonomy":"product_brand","embeddable":true,"href":"https:\/\/antcube.shop\/nb\/wp-json\/wp\/v2\/product_brand?post=6736"},{"taxonomy":"product_cat","embeddable":true,"href":"https:\/\/antcube.shop\/nb\/wp-json\/wp\/v2\/product_cat?post=6736"},{"taxonomy":"product_tag","embeddable":true,"href":"https:\/\/antcube.shop\/nb\/wp-json\/wp\/v2\/product_tag?post=6736"}],"curies":[{"name":"wp","href":"https:\/\/api.w.org\/{rel}","templated":true}]}}