{"id":6735,"date":"2023-12-12T15:03:13","date_gmt":"2023-12-12T14:03:13","guid":{"rendered":"https:\/\/antcube.shop\/product\/antcube-vivarium-30x30x60-tower\/"},"modified":"2026-03-31T12:05:11","modified_gmt":"2026-03-31T10:05:11","slug":"plantcube-vivarium-30x30x60-konservatorium","status":"publish","type":"product","link":"https:\/\/antcube.shop\/nb\/produkt\/plantcube-vivarium-30x30x60-konservatorium\/","title":{"rendered":"PLANTCUBE - Vivarium 30x30x60 Konservatorium"},"content":{"rendered":"<p><span data-text-color=\"alert\"><strong>Frakt kun mulig via GO! i Tyskland eller via palett i Europa (ingen \u00f8yer)<\/strong><\/span><\/p>\n<p><strong>F\u00c5 ET STYKKE NATUR TIL HJEMMET DITT<\/strong><\/p>\n<p><strong>Innhold:<\/strong><br \/>\n1x PLANTCUBE Vivarium 30x30x60 Konservatorium<br \/>\n2x plugger for 10 mm hull<\/p>\n<p>Glasskube 30x30x60 cm med 2 x 50 mm hull p\u00e5 siden og 2 x 10 mm hull p\u00e5 siden<br \/>\nHullet p\u00e5 50 mm (midtpunktet) er i 15 cm h\u00f8yde. Hullets nedre kant er ca. 12,5 cm.<\/p>\n<p><strong>Dimensjoner:<\/strong> 300 x 300 x 600 mm; 4 mm glasstykkelse<\/p>\n<p><strong>Materiell:<\/strong> floatglass<\/p>\n<p><strong>Side\u00e5pninger:<\/strong><br \/>\n2x hull 50 mm<br \/>\n2x hull 10 mm<\/p>\n<p>Med v\u00e5re PLANTCUBE Vivariums kan du designe ditt eget levende kunstverk til stuen din. Du kan ogs\u00e5 holde sm\u00e5dyr i en PLANTCUBE, s\u00e5 det er ingen grenser for kreativiteten din.<\/p>\n<p><strong>Tilpass PLANTCUBE til dine egne eller dine planter og dyrs behov:<\/strong><br \/>\nDe to 10 mm hullene p\u00e5 siden, som er plassert i 2 cm h\u00f8yde (midt p\u00e5) fra bunnen, er til drenering av overfl\u00f8dig vann. Du kan for eksempel bruke v\u00e5r gjennomsiktige slange 10\/06 mm til \u00e5 drenere vannet. De to 50 mm hullene kan enten lukkes med de medf\u00f8lgende pluggene eller fungere som ekstra ventilasjon n\u00e5r de er utstyrt med gitterinnsatser. Du kan til og med koble sammen to oppsett her via et akrylr\u00f8r. P\u00e5 denne m\u00e5ten kan du ha dyr inne i vivariet ditt, og de kan vandre fritt fra ett oppsett til et annet.<\/p>\n<p><strong>Hvordan forvandle PLANTCUBE til et bioaktivt \u00f8kosystem?<\/strong><br \/>\n<strong>Lag et dreneringslag:<\/strong><br \/>\nFor \u00e5 st\u00f8tte plantene dine b\u00f8r du f\u00f8rst bygge et dreneringslag inne i Vivarium. Vi anbefaler at du bruker 2-3 cm leirgranulat (4-8 mm), da de er lette. S\u00f8rg for \u00e5 vaske dem under rennende vann f\u00f8r du legger dem inn for \u00e5 fjerne st\u00f8v.<\/p>\n<p>Du kan legge en dreneringsduk p\u00e5 toppen av leirgranulatet for \u00e5 skille dreneringen fra underlaget.<\/p>\n<p><strong>Hvilke planter og jord du skal bruke:<\/strong><br \/>\nAlt avhenger av hvilken type \"\u00f8kosystem\" du \u00f8nsker \u00e5 skape. Hvis du \u00f8nsker \u00e5 bygge et \u00f8rken- eller heller t\u00f8rt vivarium, trenger du planter som trives i det klimaet, og du m\u00e5 bruke passende jord som de liker \u00e5 vokse i. For tropiske Vivariums er det selvf\u00f8lgelig det samme. Pr\u00f8v \u00e5 bruke planter fra lignende regioner og\/eller klima, slik at de alle vil trives i samme type jord og klima. En god plantebutikk b\u00f8r alltid ha informasjon om hvilket klima og jordsmonn som passer til de plantene de selger.<\/p>\n<p><strong>Viktig:<\/strong> Hvis du vil holde planter og dyr sammen, b\u00f8r du aldri bruke planter der du ikke vet om de har v\u00e6rt i kontakt med gj\u00f8dsel eller spr\u00f8ytemidler. Bruk kun planter fra terrariebutikker eller lignende som er garantert helt fri for spr\u00f8ytemidler og kunstgj\u00f8dsel. Disse kan ellers f\u00f8re til at dyrene dine d\u00f8r.<\/p>\n<p><strong>Introduser et \"oppryddingsteam\" for \u00e5 gj\u00f8re vivariet ditt bioaktivt<\/strong><br \/>\n<strong>Hva er bioaktivt?<\/strong> Hva er bioaktivt? Dette er det n\u00e6rmeste du kommer et selvforsynt oppsett. Det handler om \u00e5 tilf\u00f8re en passende jordblanding og organisk materiale slik at mikrofloraen kan dannes, samt den n\u00f8dvendige mikrofaunaen for \u00e5 skape en n\u00e6ringssyklus i Vivariumet ditt.<\/p>\n<p>V\u00e5rt tips: Legg alltid til sm\u00e5dyr som spretthaler og isopoder. Disse er ikke bare en god \"uendelig\" matkilde i seg selv, hvis du \u00f8nsker \u00e5 holde andre dyr i vivariet. De lever spesielt av muggsopp som kan dannes p\u00e5 grunn av h\u00f8y luftfuktighet og beriker jorden med n\u00e6ringsstoffer, noe som igjen gj\u00f8r at plantene kan vokse sunt.<\/p>\n<p>Tilsett litt trekull i jorden som hjelper mikrober \u00e5 kolonisere den. Mose og korkbark eller hvitt, r\u00e5ttent trevirke i tillegg til l\u00f8vstr\u00f8 ser ikke bare naturlig ut i anlegget ditt, det gir ogs\u00e5 n\u00e6ring til \"oppryddingspersonalet\", skjulesteder og yngleplasser for dem, og er lett \u00e5 bryte ned til n\u00e6ringsstoffer for plantene dine.<\/p>\n<p><strong>I naturen handler alt om balanse<\/strong><br \/>\nDet er imidlertid ikke tilr\u00e5delig \u00e5 bruke visse arter av isopoder uten \u00e5 tilf\u00f8re noe som jakter p\u00e5 dem, siden en isopodepopulasjon uten predatorer som for eksempel maur gjerne tar overh\u00e5nd, og plantene i vivariet blir da fort en u\u00f8nsket matkilde. I naturen handler alt om balanse.<\/p>\n<p><strong>Ytterligere informasjon:<\/strong><br \/>\nGlasset er sk\u00e5ret i henhold til DIN 1249 med en toleranse p\u00e5 +\/- 1 mm. For ekstremt sm\u00e5 maurarter er en ekstra utbruddsbeskyttelse viktig.<\/p>\n<div class=\"row\"  id=\"row-207519816\">\n\n\t<div id=\"col-358147842\" class=\"col small-12 large-12\"  >\n\t\t\t\t<div class=\"col-inner\"  >\n\t\t\t\n\t\t\t\n\t<div id=\"text-1482938655\" class=\"text\">\n\t\t\n<h2>Nedenfor finner du noen butikker som vi kan anbefale og mer informasjon om hvordan du kan lage en unik og bioaktiv PLANTCUBE:<\/h2>\n\t\t\n<style>\n#text-1482938655 {\n  font-size: 1rem;\n  text-align: center;\n}\n<\/style>\n\t<\/div>\n\t\n\t<div id=\"gap-1754033701\" class=\"gap-element clearfix\" style=\"display:block; height:auto;\">\n\t\t\n<style>\n#gap-1754033701 {\n  padding-top: 40px;\n}\n<\/style>\n\t<\/div>\n\t\n\t\t<\/div>\n\t\t\t\t\n<style>\n#col-358147842 > .col-inner {\n  padding: 30px 0px 0px 0px;\n}\n<\/style>\n\t<\/div>\n\n\t\n\n\t<div id=\"col-1701650343\" class=\"col medium-6 small-12 large-6\"  >\n\t\t\t\t<div class=\"col-inner\"  >\n\t\t\t\n\t\t\t\n\n\t<section class=\"section\" id=\"section_952504425\">\n\t\t<div class=\"section-bg fill\" >\n\t\t\t<img data-recalc-dims=\"1\" loading=\"lazy\" decoding=\"async\" width=\"1020\" height=\"574\" src=\"https:\/\/i0.wp.com\/antcube.shop\/wp-content\/uploads\/2024\/10\/2560x1440_youtube-Banner-2.png?resize=1020%2C574&#038;ssl=1\" class=\"bg attachment- size-\" alt=\"\" \/>\t\t\t\t\t\t\n\t\t\t\n\n\t\t<\/div>\n\n\t\t\n\n\t\t<div class=\"section-content relative\">\n\t\t\t\n<div class=\"row align-center\"  id=\"row-2139423871\">\n\n\t<div id=\"col-28613420\" class=\"col medium-10 small-12 large-10\"  >\n\t\t\t\t<div class=\"col-inner text-center\"  >\n\t\t\t\n\t\t\t\n<h2 class=\"uppercase\">Trinn-for-trinn-veiledning p\u00e5 bloggen v\u00e5r<\/h2>\n<a href=\"https:\/\/antcube.shop\/en\/2024\/10\/22\/how-to-create-your-bioactive-vivarium\/\" class=\"button primary\" >\n\t\t<span>BLOGG<\/span>\n\t<\/a>\n\n\t\t<\/div>\n\t\t\t\t\n<style>\n#col-28613420 > .col-inner {\n  margin: -150px 0px 0px 0px;\n}\n@media (min-width:550px) {\n  #col-28613420 > .col-inner {\n    margin: -200px 0px 0px 0px;\n  }\n}\n<\/style>\n\t<\/div>\n\n\t\n<\/div>\n\t\t<\/div>\n\n\t\t\n<style>\n#section_952504425 {\n  padding-top: 60px;\n  padding-bottom: 60px;\n  min-height: 300px;\n  background-color: rgb(255,255,255);\n}\n#section_952504425 .section-bg img {\n  object-position: 50% 0%;\n}\n<\/style>\n\t<\/section>\n\t\n\t\t<\/div>\n\t\t\t\t\t<\/div>\n\n\t\n\n\t<div id=\"col-675463296\" class=\"col medium-6 small-12 large-6\"  >\n\t\t\t\t<div class=\"col-inner\"  >\n\t\t\t\n\t\t\t\n\n\t<section class=\"section\" id=\"section_1888331541\">\n\t\t<div class=\"section-bg fill\" >\n\t\t\t<img data-recalc-dims=\"1\" loading=\"lazy\" decoding=\"async\" width=\"1020\" height=\"680\" src=\"https:\/\/i0.wp.com\/antcube.shop\/wp-content\/uploads\/2024\/10\/Collage_FULL-HD_-2-scaled.jpg?resize=1020%2C680&#038;ssl=1\" class=\"bg attachment-original size-original\" alt=\"\" \/>\t\t\t\t\t\t\n\t\t\t\n\n\t\t<\/div>\n\n\t\t\n\n\t\t<div class=\"section-content relative\">\n\t\t\t\n<div class=\"row align-center\"  id=\"row-1163841927\">\n\n\t<div id=\"col-706229510\" class=\"col medium-10 small-12 large-10\"  >\n\t\t\t\t<div class=\"col-inner text-center\"  >\n\t\t\t\n\t\t\t\n<h2 class=\"uppercase\">Ytterligere informasjon OM plantcube<\/h2>\n<a href=\"https:\/\/antcube.shop\/en\/plantcube\/\" class=\"button primary\" >\n\t\t<span>Plantekube<\/span>\n\t<\/a>\n\n\t\t<\/div>\n\t\t\t\t\n<style>\n#col-706229510 > .col-inner {\n  margin: -150px 0px 0px 0px;\n}\n@media (min-width:550px) {\n  #col-706229510 > .col-inner {\n    margin: -200px 0px 0px 0px;\n  }\n}\n<\/style>\n\t<\/div>\n\n\t\n<\/div>\n\t\t<\/div>\n\n\t\t\n<style>\n#section_1888331541 {\n  padding-top: 60px;\n  padding-bottom: 60px;\n  min-height: 300px;\n}\n#section_1888331541 .section-bg img {\n  object-position: 51% 0%;\n}\n<\/style>\n\t<\/section>\n\t\n\t\t<\/div>\n\t\t\t\t\t<\/div>\n\n\t\n<\/div>","protected":false},"excerpt":{"rendered":"<p><b>Kun glassbasseng<\/b><\/p>","protected":false},"featured_media":9898,"comment_status":"open","ping_status":"closed","template":"","meta":{"_acf_changed":false,"content-type":"","_monsterinsights_skip_tracking":false,"_monsterinsights_sitenote_active":false,"_monsterinsights_sitenote_note":"","_monsterinsights_sitenote_category":0},"product_brand":[],"product_cat":[341],"product_tag":[],"class_list":{"0":"post-6735","1":"product","2":"type-product","3":"status-publish","4":"has-post-thumbnail","6":"product_cat-vivariums","8":"first","9":"instock","10":"taxable","11":"shipping-taxable","12":"purchasable","13":"product-type-simple"},"acf":[],"aioseo_notices":[],"jetpack_sharing_enabled":true,"_links":{"self":[{"href":"https:\/\/antcube.shop\/nb\/wp-json\/wp\/v2\/product\/6735","targetHints":{"allow":["GET"]}}],"collection":[{"href":"https:\/\/antcube.shop\/nb\/wp-json\/wp\/v2\/product"}],"about":[{"href":"https:\/\/antcube.shop\/nb\/wp-json\/wp\/v2\/types\/product"}],"replies":[{"embeddable":true,"href":"https:\/\/antcube.shop\/nb\/wp-json\/wp\/v2\/comments?post=6735"}],"wp:featuredmedia":[{"embeddable":true,"href":"https:\/\/antcube.shop\/nb\/wp-json\/wp\/v2\/media\/9898"}],"wp:attachment":[{"href":"https:\/\/antcube.shop\/nb\/wp-json\/wp\/v2\/media?parent=6735"}],"wp:term":[{"taxonomy":"product_brand","embeddable":true,"href":"https:\/\/antcube.shop\/nb\/wp-json\/wp\/v2\/product_brand?post=6735"},{"taxonomy":"product_cat","embeddable":true,"href":"https:\/\/antcube.shop\/nb\/wp-json\/wp\/v2\/product_cat?post=6735"},{"taxonomy":"product_tag","embeddable":true,"href":"https:\/\/antcube.shop\/nb\/wp-json\/wp\/v2\/product_tag?post=6735"}],"curies":[{"name":"wp","href":"https:\/\/api.w.org\/{rel}","templated":true}]}}