{"id":6668,"date":"2023-12-05T14:03:20","date_gmt":"2023-12-05T13:03:20","guid":{"rendered":"https:\/\/antcube.shop\/product\/arena-hochstand-20x20cm\/"},"modified":"2026-04-20T09:57:46","modified_gmt":"2026-04-20T07:57:46","slug":"arena-hoyt-stativ-20x20cm","status":"publish","type":"product","link":"https:\/\/antcube.shop\/nb\/produkt\/arena-hoyt-stativ-20x20cm\/","title":{"rendered":"Arena h\u00f8yt stativ 20x20cm"},"content":{"rendered":"<div class=\"tab-body active\">\n<p><strong>Dimensjoner:<\/strong> 20x20x10<\/p>\n<p><strong>Materiell: <\/strong>PMMA<\/p>\n<p><strong>Farge: <\/strong>krystallklar, gjennomskinnelig, gjennomsiktig<\/p>\n<p><strong>Innhold:<\/strong><br \/>\n4x h\u00f8y stativbase<br \/>\n2x for- og bakside med logo<br \/>\n2x sidedel uten logo<\/p>\n<p><strong>Merk:<\/strong> : Delene leveres som et sett eller plug-in-system. Ingen liming er n\u00f8dvendig.<\/p>\n<p><span data-text-color=\"alert\"><strong>OBS!<\/strong><\/span> Monter delene forsiktig, da noen av tilkoblingene er f\u00f8lsomme.<\/p>\n<p><strong>Beskrivelse:<\/strong> Det h\u00f8ye stativet er utviklet for \u00e5 gj\u00f8re det mulig \u00e5 plassere ANTCUBE-maurarenaene i en h\u00f8yde som samsvarer med tilkoblingsh\u00f8yden p\u00e5 myreg\u00e5rdene. Dette gj\u00f8r det mulig \u00e5 bruke et formicarium p\u00e5 en mye mer plassbesparende m\u00e5te med et kortere r\u00f8rstykke som forbindelse mellom myreg\u00e5rden og myrearenaen. Det gj\u00f8r det ogs\u00e5 mulig \u00e5 bruke v\u00e5re krystallklare maurr\u00f8r i akryl som forbindelse uten \u00e5 m\u00e5tte jobbe med b\u00f8yer.<\/p>\n<p><strong>Bruksomr\u00e5de:<\/strong> for maurarena med <strong>gulvareal 20x20cm<\/strong><\/p>\n<\/div>","protected":false},"excerpt":{"rendered":"<p>For myrearena med gulvareal 20x20 cm<\/p>","protected":false},"featured_media":6586,"comment_status":"open","ping_status":"closed","template":"","meta":{"_acf_changed":false,"content-type":"","_monsterinsights_skip_tracking":false,"_monsterinsights_sitenote_active":false,"_monsterinsights_sitenote_note":"","_monsterinsights_sitenote_category":0},"product_brand":[],"product_cat":[119,239],"product_tag":[],"class_list":{"0":"post-6668","1":"product","2":"type-product","3":"status-publish","4":"has-post-thumbnail","6":"product_cat-formicarium-components","7":"product_cat-useful-additions","9":"first","10":"instock","11":"taxable","12":"shipping-taxable","13":"purchasable","14":"product-type-simple"},"acf":[],"aioseo_notices":[],"jetpack_sharing_enabled":true,"_links":{"self":[{"href":"https:\/\/antcube.shop\/nb\/wp-json\/wp\/v2\/product\/6668","targetHints":{"allow":["GET"]}}],"collection":[{"href":"https:\/\/antcube.shop\/nb\/wp-json\/wp\/v2\/product"}],"about":[{"href":"https:\/\/antcube.shop\/nb\/wp-json\/wp\/v2\/types\/product"}],"replies":[{"embeddable":true,"href":"https:\/\/antcube.shop\/nb\/wp-json\/wp\/v2\/comments?post=6668"}],"wp:featuredmedia":[{"embeddable":true,"href":"https:\/\/antcube.shop\/nb\/wp-json\/wp\/v2\/media\/6586"}],"wp:attachment":[{"href":"https:\/\/antcube.shop\/nb\/wp-json\/wp\/v2\/media?parent=6668"}],"wp:term":[{"taxonomy":"product_brand","embeddable":true,"href":"https:\/\/antcube.shop\/nb\/wp-json\/wp\/v2\/product_brand?post=6668"},{"taxonomy":"product_cat","embeddable":true,"href":"https:\/\/antcube.shop\/nb\/wp-json\/wp\/v2\/product_cat?post=6668"},{"taxonomy":"product_tag","embeddable":true,"href":"https:\/\/antcube.shop\/nb\/wp-json\/wp\/v2\/product_tag?post=6668"}],"curies":[{"name":"wp","href":"https:\/\/api.w.org\/{rel}","templated":true}]}}