{"id":6631,"date":"2023-12-04T15:12:05","date_gmt":"2023-12-04T14:12:05","guid":{"rendered":"https:\/\/antcube.shop\/product\/klebeklammern-transparent-2-stk\/"},"modified":"2026-04-21T13:09:48","modified_gmt":"2026-04-21T11:09:48","slug":"selvklebende-klips-gjennomsiktig-2-stk","status":"publish","type":"product","link":"https:\/\/antcube.shop\/nb\/produkt\/selvklebende-klips-gjennomsiktig-2-stk\/","title":{"rendered":"Selvklebende klemmer - gjennomsiktige 2 stk."},"content":{"rendered":"<p><strong>Dimensjoner:<\/strong> 24 x 13 mm<br \/>\n<strong>Materiell:<\/strong> Akryl<br \/>\n<strong>Mengde:<\/strong> 2 stk.<\/p>\n<p><strong>Beskrivelse:<\/strong> Transparente plastklips med selvklebende overflate. Perfekt til \u00e5 feste v\u00e5re r\u00f8de folier og varmematter p\u00e5 forsiden eller baksiden av maurtuene v\u00e5re. Varmemattene trenger dermed ikke \u00e5 limes fast p\u00e5 baksiden av myreg\u00e5rden, men kan festes etter behov. P\u00e5 grunn av det gjennomsiktige materialet forstyrres ikke optikken.<\/p>\n<p><strong>Farge:<\/strong> gjennomsiktig<\/p>","protected":false},"excerpt":{"rendered":"<p>Dimensjoner: 24 x 13 mm Materiale: Akryl Antall: 2 stk Beskrivelse: Transparente plastklips med selvklebende overflate. Perfekt til \u00e5 feste v\u00e5re r\u00f8de folier og varmematter p\u00e5 forsiden eller baksiden av maurtunene v\u00e5re. Varmemattene trenger dermed ikke \u00e5 limes fast p\u00e5 baksiden av maurtunet, og de kan brukes","protected":false},"featured_media":6628,"comment_status":"open","ping_status":"closed","template":"","meta":{"_acf_changed":false,"content-type":"","_monsterinsights_skip_tracking":false,"_monsterinsights_sitenote_active":false,"_monsterinsights_sitenote_note":"","_monsterinsights_sitenote_category":0},"product_brand":[],"product_cat":[359,119,239],"product_tag":[],"class_list":{"0":"post-6631","1":"product","2":"type-product","3":"status-publish","4":"has-post-thumbnail","6":"product_cat-light-heat-humidity","7":"product_cat-formicarium-components","8":"product_cat-useful-additions","10":"first","11":"instock","12":"taxable","13":"shipping-taxable","14":"purchasable","15":"product-type-simple"},"acf":[],"aioseo_notices":[],"jetpack_sharing_enabled":true,"_links":{"self":[{"href":"https:\/\/antcube.shop\/nb\/wp-json\/wp\/v2\/product\/6631","targetHints":{"allow":["GET"]}}],"collection":[{"href":"https:\/\/antcube.shop\/nb\/wp-json\/wp\/v2\/product"}],"about":[{"href":"https:\/\/antcube.shop\/nb\/wp-json\/wp\/v2\/types\/product"}],"replies":[{"embeddable":true,"href":"https:\/\/antcube.shop\/nb\/wp-json\/wp\/v2\/comments?post=6631"}],"wp:featuredmedia":[{"embeddable":true,"href":"https:\/\/antcube.shop\/nb\/wp-json\/wp\/v2\/media\/6628"}],"wp:attachment":[{"href":"https:\/\/antcube.shop\/nb\/wp-json\/wp\/v2\/media?parent=6631"}],"wp:term":[{"taxonomy":"product_brand","embeddable":true,"href":"https:\/\/antcube.shop\/nb\/wp-json\/wp\/v2\/product_brand?post=6631"},{"taxonomy":"product_cat","embeddable":true,"href":"https:\/\/antcube.shop\/nb\/wp-json\/wp\/v2\/product_cat?post=6631"},{"taxonomy":"product_tag","embeddable":true,"href":"https:\/\/antcube.shop\/nb\/wp-json\/wp\/v2\/product_tag?post=6631"}],"curies":[{"name":"wp","href":"https:\/\/api.w.org\/{rel}","templated":true}]}}