{"id":6581,"date":"2023-12-04T13:54:37","date_gmt":"2023-12-04T12:54:37","guid":{"rendered":"https:\/\/antcube.shop\/product\/humidity-control-ii-timer\/"},"modified":"2026-04-02T12:12:11","modified_gmt":"2026-04-02T10:12:11","slug":"fuktighetskontroll-ii-timer","status":"publish","type":"product","link":"https:\/\/antcube.shop\/nb\/produkt\/fuktighetskontroll-ii-timer\/","title":{"rendered":"Fuktighetskontroll II + Timer"},"content":{"rendered":"<p><strong>Beskrivelse:<\/strong> Humidity Control 2 er en digital hygrostat som ikke etterlater noe \u00e5 \u00f8nske seg, til en enest\u00e5ende pris.<br \/>\nDen har to kretser som muliggj\u00f8r ulike innstillinger for dag og natt. En sanntidsklokke er integrert i enheten, slik at du fleksibelt kan veksle mellom dag og natt via klokkeslettet. En timer er ogs\u00e5 integrert, slik at du kan stille inn to P\u00c5\/AV-tider via klokken. Den minste tidsperioden er ett minutt.<br \/>\nAndre funksjoner omfatter en alarmfunksjon (visuell og akustisk), muligheten til \u00e5 bytte fra befuktermodus til avfuktermodus, f.eks. for bruk med vifter, og muligheten til \u00e5 p\u00e5virke hygrostatens koblingsmodus. Du kan definere avviket som hygrostaten skal skifte ved. Her kan du for eksempel velge en verdi p\u00e5 15, dvs. at luftfukteren bare sl\u00e5s p\u00e5 n\u00e5r den m\u00e5lte luftfuktigheten er 15% under settpunktet. Dette kan v\u00e6re nyttig for \u00e5 unng\u00e5 at luftfukteren sl\u00e5s av og p\u00e5 hele tiden, siden luftfuktigheten ogs\u00e5 svinger i naturen.<br \/>\nEnhetene kobles til via Schuko-koblinger. Maksimal koblingskapasitet er 1000 W. Displayet viser kontinuerlig den m\u00e5lte luftfuktigheten. Omr\u00e5det er 1 til 99%.<\/p>\n<p>- To kretser for ulike luftfuktighetsinnstillinger dag og natt<br \/>\n- Sanntidsklokke, tidspunkter p\u00e5 dagen defineres av klokkeslett<br \/>\n- Integrert tidsur<br \/>\n- Permanent visning av luftfuktighet<br \/>\n- Apparatet kan veksle mellom fukting og avfukting<br \/>\n- Alarmfunksjon ved avvik (justerbar mellom 1% og 50% relativ luftfuktighet)<br \/>\n- N\u00f8yaktig fjernsensor<br \/>\n- Jordede stikkontakter<br \/>\n- Koblingskapasitet p\u00e5 maks. 1000<\/p>","protected":false},"excerpt":{"rendered":"<p>Beskrivelse: Humidity Control 2 er en digital hygrostat som ikke etterlater noe \u00e5 utsette p\u00e5 prisen. Den har to kretser som muliggj\u00f8r ulike innstillinger for dag og natt. En sanntidsklokke er integrert i apparatet, slik at du fleksibelt kan veksle mellom dag og natt via klokkeslettet. En tidtaker er","protected":false},"featured_media":6602,"comment_status":"open","ping_status":"closed","template":"","meta":{"_acf_changed":false,"content-type":"","_monsterinsights_skip_tracking":false,"_monsterinsights_sitenote_active":false,"_monsterinsights_sitenote_note":"","_monsterinsights_sitenote_category":0},"product_brand":[],"product_cat":[359,119],"product_tag":[],"class_list":{"0":"post-6581","1":"product","2":"type-product","3":"status-publish","4":"has-post-thumbnail","6":"product_cat-light-heat-humidity","7":"product_cat-formicarium-components","9":"first","10":"instock","11":"taxable","12":"shipping-taxable","13":"purchasable","14":"product-type-simple"},"acf":[],"aioseo_notices":[],"jetpack_sharing_enabled":true,"_links":{"self":[{"href":"https:\/\/antcube.shop\/nb\/wp-json\/wp\/v2\/product\/6581","targetHints":{"allow":["GET"]}}],"collection":[{"href":"https:\/\/antcube.shop\/nb\/wp-json\/wp\/v2\/product"}],"about":[{"href":"https:\/\/antcube.shop\/nb\/wp-json\/wp\/v2\/types\/product"}],"replies":[{"embeddable":true,"href":"https:\/\/antcube.shop\/nb\/wp-json\/wp\/v2\/comments?post=6581"}],"wp:featuredmedia":[{"embeddable":true,"href":"https:\/\/antcube.shop\/nb\/wp-json\/wp\/v2\/media\/6602"}],"wp:attachment":[{"href":"https:\/\/antcube.shop\/nb\/wp-json\/wp\/v2\/media?parent=6581"}],"wp:term":[{"taxonomy":"product_brand","embeddable":true,"href":"https:\/\/antcube.shop\/nb\/wp-json\/wp\/v2\/product_brand?post=6581"},{"taxonomy":"product_cat","embeddable":true,"href":"https:\/\/antcube.shop\/nb\/wp-json\/wp\/v2\/product_cat?post=6581"},{"taxonomy":"product_tag","embeddable":true,"href":"https:\/\/antcube.shop\/nb\/wp-json\/wp\/v2\/product_tag?post=6581"}],"curies":[{"name":"wp","href":"https:\/\/api.w.org\/{rel}","templated":true}]}}