{"id":6580,"date":"2023-12-04T13:54:31","date_gmt":"2023-12-04T12:54:31","guid":{"rendered":"https:\/\/antcube.shop\/product\/thermo-control-pro-ii\/"},"modified":"2026-02-14T18:04:10","modified_gmt":"2026-02-14T17:04:10","slug":"termokontroll-pro-ii","status":"publish","type":"product","link":"https:\/\/antcube.shop\/nb\/produkt\/termokontroll-pro-ii\/","title":{"rendered":"Thermo Control Pro II"},"content":{"rendered":"<p><strong>Beskrivelse:<\/strong> Thermo Control PRO II er en videreutvikling av Thermo Control II. De viktigste forskjellene er en sanntidsklokke og to temperaturkretser, slik at det kan stilles inn ulike temperaturer for dag og natt. Vekslingen mellom dag- og nattdrift er tidsstyrt.<br \/>\nI motsetning til Thermo Control II kan tiden p\u00e5 denne modellen stilles inn i minutter. Det er to mulige P\u00c5\/AV-tider.<br \/>\nI tillegg kan apparatet veksle mellom varme- og kj\u00f8lemodus, f.eks. for drift av vifter. N\u00e5r den innstilte temperaturen er n\u00e5dd, sl\u00e5r termostaten seg p\u00e5 i stedet for av.<br \/>\nMaksimal koblingskapasitet er 1000 W. Temperaturomr\u00e5de fra 0-50 \u00b0C.<\/p>\n<p>- To koblingskretser for ulike dag- og nattinnstillinger<br \/>\n- Sanntidsklokke, tidspunkter p\u00e5 dagen defineres av klokkeslett<br \/>\n- Integrert tidsur<br \/>\n- Permanent temperaturvisning<br \/>\n- Kan veksle mellom varme- og kj\u00f8lemodus<br \/>\n- Alarmfunksjon ved avvik (justerbar mellom 1 \u00b0C og 15 \u00b0C)<br \/>\n- 2 m lang fjernkontrollsensor, ogs\u00e5 egnet for akvarier<br \/>\n- Jordede stikkontakter<br \/>\n- Koblingskapasitet p\u00e5 maks. 1000 watt<\/p>\n<p>- Anbefales til bruk sammen med varmematter, varmekabler, varmesteiner og keramiske varmestr\u00e5lere for \u00e5 forhindre overoppheting i terrariet.<\/p>\n<p><strong>Weblink:<\/strong> http:\/\/www.antstore.net\/viewtopic.php?f=18&amp;p=108893<\/p>","protected":false},"excerpt":{"rendered":"<p>Beskrivelse: Thermo Control PRO II er en videreutvikling av Thermo Control II. De viktigste forskjellene er en sanntidsklokke og to temperaturkretser, slik at det kan stilles inn ulike temperaturer for dag og natt. Vekslingen mellom dag- og nattdrift er tidsstyrt. I motsetning til Thermo Control II kan klokkeslettet stilles inn p\u00e5 en","protected":false},"featured_media":6600,"comment_status":"open","ping_status":"closed","template":"","meta":{"_acf_changed":false,"content-type":"","_monsterinsights_skip_tracking":false,"_monsterinsights_sitenote_active":false,"_monsterinsights_sitenote_note":"","_monsterinsights_sitenote_category":0},"product_brand":[],"product_cat":[359,119],"product_tag":[],"class_list":{"0":"post-6580","1":"product","2":"type-product","3":"status-publish","4":"has-post-thumbnail","6":"product_cat-light-heat-humidity","7":"product_cat-formicarium-components","9":"first","10":"outofstock","11":"taxable","12":"shipping-taxable","13":"purchasable","14":"product-type-simple"},"acf":[],"aioseo_notices":[],"jetpack_sharing_enabled":true,"_links":{"self":[{"href":"https:\/\/antcube.shop\/nb\/wp-json\/wp\/v2\/product\/6580","targetHints":{"allow":["GET"]}}],"collection":[{"href":"https:\/\/antcube.shop\/nb\/wp-json\/wp\/v2\/product"}],"about":[{"href":"https:\/\/antcube.shop\/nb\/wp-json\/wp\/v2\/types\/product"}],"replies":[{"embeddable":true,"href":"https:\/\/antcube.shop\/nb\/wp-json\/wp\/v2\/comments?post=6580"}],"wp:featuredmedia":[{"embeddable":true,"href":"https:\/\/antcube.shop\/nb\/wp-json\/wp\/v2\/media\/6600"}],"wp:attachment":[{"href":"https:\/\/antcube.shop\/nb\/wp-json\/wp\/v2\/media?parent=6580"}],"wp:term":[{"taxonomy":"product_brand","embeddable":true,"href":"https:\/\/antcube.shop\/nb\/wp-json\/wp\/v2\/product_brand?post=6580"},{"taxonomy":"product_cat","embeddable":true,"href":"https:\/\/antcube.shop\/nb\/wp-json\/wp\/v2\/product_cat?post=6580"},{"taxonomy":"product_tag","embeddable":true,"href":"https:\/\/antcube.shop\/nb\/wp-json\/wp\/v2\/product_tag?post=6580"}],"curies":[{"name":"wp","href":"https:\/\/api.w.org\/{rel}","templated":true}]}}