{"id":6579,"date":"2023-12-04T13:54:25","date_gmt":"2023-12-04T12:54:25","guid":{"rendered":"https:\/\/antcube.shop\/product\/thermo-control-ii-timer\/"},"modified":"2026-04-01T13:27:55","modified_gmt":"2026-04-01T11:27:55","slug":"thermo-control-ii-timer","status":"publish","type":"product","link":"https:\/\/antcube.shop\/nb\/produkt\/thermo-control-ii-timer\/","title":{"rendered":"Thermo Control II + Timer"},"content":{"rendered":"<p><strong>Beskrivelse:<\/strong> I etterf\u00f8lgeren til de popul\u00e6re Thermo Control-termostatene er det bare prisen som minner om en innstegsmodell.<br \/>\nThermo Control 2 er en digital termostat med et temperaturomr\u00e5de fra 0-50 \u00b0C. Takket v\u00e6re den konstante temperaturvisningen fungerer den ogs\u00e5 som termometer.<br \/>\nVia en Schuko-kobling kan du koble til varmeovner med en samlet effekt p\u00e5 opptil 1200 W. En annen Schuko-kobling styres via en integrert timerfunksjon som kan brukes til \u00e5 stille inn driftstider for f.eks. belysning eller vifter. Sensoren er egnet for m\u00e5linger i luft og vann og kobles til termostaten via en kabel, akkurat som koblingen og str\u00f8mforsyningsenheten.<br \/>\nI tillegg har Thermo Control 2 en alarmfunksjon som gir en visuell og akustisk advarsel hvis temperaturen over- eller underskrider \u00f8nsket temperatur (verdier kan stilles inn mellom 1 \u00b0C og 5 \u00b0C).<br \/>\nEt apparat som ingen terrarier b\u00f8r v\u00e6re foruten!<\/p>\n<p>- Med timer som kan brukes separat, f.eks. for belysning eller ventilasjon<br \/>\n- Alarmfunksjon ved temperaturavvik (justerbar mellom 1 \u00b0C og 5 \u00b0C)<br \/>\n- Visning av m\u00e5lt temperatur<br \/>\n- 2 m lang fjernkontrollsensor, ogs\u00e5 egnet for akvarier<br \/>\n- Jordede stikkontakter<br \/>\n- 1200 watt koblingskapasitet<\/p>\n<p>- Anbefales til bruk sammen med varmematter, varmekabler, varmesteiner og keramiske varmestr\u00e5lere for \u00e5 forhindre overoppheting i terrariet.<\/p>\n<p><strong>Weblink:<\/strong> http:\/\/www.antstore.net\/viewtopic.php?f=18&amp;p=108893<\/p>","protected":false},"excerpt":{"rendered":"<p>Beskrivelse: I etterf\u00f8lgeren til de popul\u00e6re Thermo Control-termostatene er det bare prisen som minner om en innstegsmodell. Thermo Control 2 er en digital termostat med et temperaturomr\u00e5de p\u00e5 0-50 \u00b0C. Takket v\u00e6re det konstante temperaturdisplayet fungerer den ogs\u00e5 som termometer. Varmeovner med en maksimal total effekt p\u00e5 1200W kan","protected":false},"featured_media":6598,"comment_status":"open","ping_status":"closed","template":"","meta":{"_acf_changed":false,"content-type":"","_monsterinsights_skip_tracking":false,"_monsterinsights_sitenote_active":false,"_monsterinsights_sitenote_note":"","_monsterinsights_sitenote_category":0},"product_brand":[],"product_cat":[359,119],"product_tag":[],"class_list":{"0":"post-6579","1":"product","2":"type-product","3":"status-publish","4":"has-post-thumbnail","6":"product_cat-light-heat-humidity","7":"product_cat-formicarium-components","9":"first","10":"instock","11":"taxable","12":"shipping-taxable","13":"purchasable","14":"product-type-simple"},"acf":[],"aioseo_notices":[],"jetpack_sharing_enabled":true,"_links":{"self":[{"href":"https:\/\/antcube.shop\/nb\/wp-json\/wp\/v2\/product\/6579","targetHints":{"allow":["GET"]}}],"collection":[{"href":"https:\/\/antcube.shop\/nb\/wp-json\/wp\/v2\/product"}],"about":[{"href":"https:\/\/antcube.shop\/nb\/wp-json\/wp\/v2\/types\/product"}],"replies":[{"embeddable":true,"href":"https:\/\/antcube.shop\/nb\/wp-json\/wp\/v2\/comments?post=6579"}],"wp:featuredmedia":[{"embeddable":true,"href":"https:\/\/antcube.shop\/nb\/wp-json\/wp\/v2\/media\/6598"}],"wp:attachment":[{"href":"https:\/\/antcube.shop\/nb\/wp-json\/wp\/v2\/media?parent=6579"}],"wp:term":[{"taxonomy":"product_brand","embeddable":true,"href":"https:\/\/antcube.shop\/nb\/wp-json\/wp\/v2\/product_brand?post=6579"},{"taxonomy":"product_cat","embeddable":true,"href":"https:\/\/antcube.shop\/nb\/wp-json\/wp\/v2\/product_cat?post=6579"},{"taxonomy":"product_tag","embeddable":true,"href":"https:\/\/antcube.shop\/nb\/wp-json\/wp\/v2\/product_tag?post=6579"}],"curies":[{"name":"wp","href":"https:\/\/api.w.org\/{rel}","templated":true}]}}