{"id":6578,"date":"2023-12-04T13:54:19","date_gmt":"2023-12-04T12:54:19","guid":{"rendered":"https:\/\/antcube.shop\/product\/mini-thermo-hygrometer-digital-weis-selbstklebend\/"},"modified":"2026-04-04T11:44:15","modified_gmt":"2026-04-04T09:44:15","slug":"mini-termohygrometer-digital-hvit-selvklebende","status":"publish","type":"product","link":"https:\/\/antcube.shop\/nb\/produkt\/mini-termohygrometer-digital-hvit-selvklebende\/","title":{"rendered":"Digitalt mini-termohygrometer - hvit - selvklebende"},"content":{"rendered":"<p><strong>M\u00e5leomr\u00e5de:<\/strong> -10 til +60 \u00b0C \/ 10% til 99%<\/p>\n<p><strong>Dimensjoner:<\/strong> 52 x39x15 mm<\/p>\n<p><strong>Beskrivelse:<\/strong><br \/>\nMed max\/mini-funksjon, med stativ, inkl. batteri LR 44 knappcelle.<\/p>\n<p><strong>Merk:<\/strong><br \/>\nFor \u00e5 oppn\u00e5 et mest mulig n\u00f8yaktig m\u00e5leresultat er det viktig at ventilasjons\u00e5pningene bak ikke blokkeres av monteringen!<br \/>\nN\u00e5r du fester enheten, m\u00e5 du s\u00f8rge for at dyrene ikke kan n\u00e5 enheten eller limfestet ved hjelp av en egnet r\u00f8mningsbeskyttelse.<br \/>\nHvis det likevel er fare for at dette kan skje, b\u00f8r v\u00e5re transparente limputer (art.nr. 1002314) brukes til feste.<\/p>\n<p><strong>WEEE Reg:<\/strong> DE 78184127<\/p>\n<p><strong>For avhending, se batteribestemmelsene:<\/strong><\/p>\n<p><a href=\"https:\/\/www.antstore.net\/shop\/de\/info\/Batterieverordnung.html\" target=\"_blank\" rel=\"noopener\">https:\/\/www.antstore.net\/shop\/de\/info\/Batterieverordnung.html<\/a><\/p>","protected":false},"excerpt":{"rendered":"<p>M\u00e5leomr\u00e5de: -10 til +60 \u00b0C \/ 10 til 99% , Dimensjoner: 52 x 39 x 15 mm<\/p>","protected":false},"featured_media":6620,"comment_status":"open","ping_status":"closed","template":"","meta":{"_acf_changed":false,"content-type":"","_monsterinsights_skip_tracking":false,"_monsterinsights_sitenote_active":false,"_monsterinsights_sitenote_note":"","_monsterinsights_sitenote_category":0},"product_brand":[],"product_cat":[359,119,239],"product_tag":[],"class_list":{"0":"post-6578","1":"product","2":"type-product","3":"status-publish","4":"has-post-thumbnail","6":"product_cat-light-heat-humidity","7":"product_cat-formicarium-components","8":"product_cat-useful-additions","10":"first","11":"instock","12":"taxable","13":"shipping-taxable","14":"purchasable","15":"product-type-simple"},"acf":[],"aioseo_notices":[],"jetpack_sharing_enabled":true,"_links":{"self":[{"href":"https:\/\/antcube.shop\/nb\/wp-json\/wp\/v2\/product\/6578","targetHints":{"allow":["GET"]}}],"collection":[{"href":"https:\/\/antcube.shop\/nb\/wp-json\/wp\/v2\/product"}],"about":[{"href":"https:\/\/antcube.shop\/nb\/wp-json\/wp\/v2\/types\/product"}],"replies":[{"embeddable":true,"href":"https:\/\/antcube.shop\/nb\/wp-json\/wp\/v2\/comments?post=6578"}],"wp:featuredmedia":[{"embeddable":true,"href":"https:\/\/antcube.shop\/nb\/wp-json\/wp\/v2\/media\/6620"}],"wp:attachment":[{"href":"https:\/\/antcube.shop\/nb\/wp-json\/wp\/v2\/media?parent=6578"}],"wp:term":[{"taxonomy":"product_brand","embeddable":true,"href":"https:\/\/antcube.shop\/nb\/wp-json\/wp\/v2\/product_brand?post=6578"},{"taxonomy":"product_cat","embeddable":true,"href":"https:\/\/antcube.shop\/nb\/wp-json\/wp\/v2\/product_cat?post=6578"},{"taxonomy":"product_tag","embeddable":true,"href":"https:\/\/antcube.shop\/nb\/wp-json\/wp\/v2\/product_tag?post=6578"}],"curies":[{"name":"wp","href":"https:\/\/api.w.org\/{rel}","templated":true}]}}