{"id":6576,"date":"2023-12-04T13:54:06","date_gmt":"2023-12-04T12:54:06","guid":{"rendered":"https:\/\/antcube.shop\/product\/ameisenarena-nebler-klein\/"},"modified":"2026-04-17T10:11:12","modified_gmt":"2026-04-17T08:11:12","slug":"ant-arena-fogger-small","status":"publish","type":"product","link":"https:\/\/antcube.shop\/nb\/produkt\/ant-arena-fogger-small\/","title":{"rendered":"Maurarena - t\u00e5ke - liten"},"content":{"rendered":"<p><strong>Innhold:<\/strong><br \/>\n- Fogger<br \/>\n- Matchende plugg med 22 mm hull for \u00e5 feste slangen til myrebanedekslet<br \/>\n- Forlengbar slange<\/p>\n<p><strong>Materiell:<\/strong> plast<\/p>\n<p><strong>Farge:<\/strong> svart\/hvit<\/p>\n<p><strong>Tekniske spesifikasjoner:<\/strong><br \/>\nSpenning: 230V<br \/>\nEffekt: 15 W (30 ml\/t)<br \/>\nKabellengde: 1,40 m<br \/>\nVanntankens kapasitet: 360 ml<br \/>\nTilkobling: Euro-plugg<br \/>\nSlangelengde: 60 cm -&gt; kan forlenges<\/p>\n<p><strong>Beskrivelse:<\/strong><br \/>\nFor \u00e5 fukte en maurarena kan denne t\u00e5keboksen settes direkte inn i maurarenaens deksel.<br \/>\nAmeisenarenas lille t\u00e5keapparat er utviklet for fukting av sm\u00e5 terrarier. I denne modellen er teknologien gjort mye enklere, noe som gir en mye mer problemfri drift. Vannet suges ut ved hjelp av kapill\u00e6rkraften til en filtpatron. Denne kan skiftes ut med noen f\u00e5 enkle h\u00e5ndgrep, noe som av hygieniske \u00e5rsaker b\u00f8r gj\u00f8res regelmessig. Den produserte t\u00e5ken ledes automatisk gjennom slangen ved hjelp av en genial dysedesign, uten behov for en ekstra vifte. Dette reduserer faren for feil betydelig. T\u00e5kekapasiteten er ca. 30 ml\/t. Tanken rommer maksimalt 360 ml. Super Fog Nano II kan styres via et tidsur eller en hygrostat. Takket v\u00e6re den bevegelige og uttrekkbare slangen kan Super Fog Nano II tilpasses ethvert terrarium. En nyhet er at membranen n\u00e5 kan skiftes ut av sluttbrukeren med noen f\u00e5 enkle grep. Alle andre deler er ogs\u00e5 tilgjengelige som reservedeler, noe som gj\u00f8r Super Fog Nano II til en b\u00e6rekraftig enhet.<\/p>\n<p><strong>Hack:<\/strong><br \/>\nHvis det er behov for en lengre slange, kan v\u00e5r 20\/16 mm slange (art. 1000107) festes til t\u00e5kemaskinen. Du trenger ogs\u00e5 formicariumplugger for 50 mm med 20 mm hull (art. 1005033 + 20 mm). V\u00e6r imidlertid oppmerksom p\u00e5 at jo lengre slangen er, desto mindre t\u00e5ke vil n\u00e5 formikariet.<\/p>\n<p>&nbsp;<\/p>","protected":false},"excerpt":{"rendered":"<p>Innhold: - Fogger - Matchende plugg med hull for \u00e5 feste slangen til maurtue-dekselet - Forlengbar slange Materiale: plast Farge: svart\/hvit Tekniske spesifikasjoner: Spenning: 230 V Effekt: 15 W (30 ml\/t) Kabellengde: 1,40 m Kapasitet vanntank: 360 ml Tilkobling: Euro-plugg Slangelengde: 60 cm -&gt; kan forlenges Beskrivelse: For \u00e5 fukte en maur [...]]","protected":false},"featured_media":6603,"comment_status":"open","ping_status":"closed","template":"","meta":{"_acf_changed":false,"content-type":"","_monsterinsights_skip_tracking":false,"_monsterinsights_sitenote_active":false,"_monsterinsights_sitenote_note":"","_monsterinsights_sitenote_category":0},"product_brand":[],"product_cat":[359,119],"product_tag":[],"class_list":{"0":"post-6576","1":"product","2":"type-product","3":"status-publish","4":"has-post-thumbnail","6":"product_cat-light-heat-humidity","7":"product_cat-formicarium-components","9":"first","10":"instock","11":"taxable","12":"shipping-taxable","13":"purchasable","14":"product-type-simple"},"acf":[],"aioseo_notices":[],"jetpack_sharing_enabled":true,"_links":{"self":[{"href":"https:\/\/antcube.shop\/nb\/wp-json\/wp\/v2\/product\/6576","targetHints":{"allow":["GET"]}}],"collection":[{"href":"https:\/\/antcube.shop\/nb\/wp-json\/wp\/v2\/product"}],"about":[{"href":"https:\/\/antcube.shop\/nb\/wp-json\/wp\/v2\/types\/product"}],"replies":[{"embeddable":true,"href":"https:\/\/antcube.shop\/nb\/wp-json\/wp\/v2\/comments?post=6576"}],"wp:featuredmedia":[{"embeddable":true,"href":"https:\/\/antcube.shop\/nb\/wp-json\/wp\/v2\/media\/6603"}],"wp:attachment":[{"href":"https:\/\/antcube.shop\/nb\/wp-json\/wp\/v2\/media?parent=6576"}],"wp:term":[{"taxonomy":"product_brand","embeddable":true,"href":"https:\/\/antcube.shop\/nb\/wp-json\/wp\/v2\/product_brand?post=6576"},{"taxonomy":"product_cat","embeddable":true,"href":"https:\/\/antcube.shop\/nb\/wp-json\/wp\/v2\/product_cat?post=6576"},{"taxonomy":"product_tag","embeddable":true,"href":"https:\/\/antcube.shop\/nb\/wp-json\/wp\/v2\/product_tag?post=6576"}],"curies":[{"name":"wp","href":"https:\/\/api.w.org\/{rel}","templated":true}]}}