{"id":6573,"date":"2023-12-04T11:34:55","date_gmt":"2023-12-04T10:34:55","guid":{"rendered":"https:\/\/antcube.shop\/product\/arena-vase-10x20cm-aus-glas\/"},"modified":"2026-04-13T18:24:05","modified_gmt":"2026-04-13T16:24:05","slug":"arena-vase-10x20cm-laget-av-glass","status":"publish","type":"product","link":"https:\/\/antcube.shop\/nb\/produkt\/arena-vase-10x20cm-laget-av-glass\/","title":{"rendered":"Arena-vase 10x20cm laget av glass"},"content":{"rendered":"<p><strong>Dimensjoner:<\/strong> 10\u00d720,4 cm<\/p>\n<p><strong>Materiell:<\/strong> glass, PMMA<\/p>\n<p><strong>Farge:<\/strong> krystallklar, gjennomskinnelig, gjennomsiktig<\/p>\n<p><strong>Innhold:<\/strong><br \/>\n1x glassvase 10x20cm<br \/>\n1x lokk 10\u00d70,4 cm<\/p>\n<p><strong>Beskrivelse:<\/strong> Arena-vasen er utviklet for f\u00f4ring av kolonier av bladskj\u00e6remyrer av slekten Atta eller Acromyrmex. Det avtakbare akryllokket med hull og spalter for plassering og oppbevaring av greiner av f\u00f4rplanter plasseres enkelt p\u00e5 vasen. Vasen bidrar til at f\u00f4rplantene holder seg ferske lenger, samtidig som den \u00f8ker luftfuktigheten i formikariet gjennom konstant fordampning av vannet i reservoaret.<\/p>","protected":false},"excerpt":{"rendered":"<p>Dimensjoner: 10x20,4cm Materiale: glass, PMMA Farge: krystallklar, gjennomsiktig, transparent Innhold: 1x glassvase 10x20cm 1x lokk 10x0,4cm Beskrivelse: Arena-vasen er utviklet for f\u00f4ring av kolonier av bladskj\u00e6remyrer av slekten Atta eller Acromyrmex. Det avtakbare akryllokket med hull og spalter til \u00e5 plassere og holde grenene til f\u00f4rplantene p\u00e5, settes ganske enkelt p\u00e5 vasen.","protected":false},"featured_media":6590,"comment_status":"open","ping_status":"closed","template":"","meta":{"_acf_changed":false,"content-type":"","_monsterinsights_skip_tracking":false,"_monsterinsights_sitenote_active":false,"_monsterinsights_sitenote_note":"","_monsterinsights_sitenote_category":0},"product_brand":[],"product_cat":[115,118],"product_tag":[],"class_list":{"0":"post-6573","1":"product","2":"type-product","3":"status-publish","4":"has-post-thumbnail","6":"product_cat-food-and-feeding","7":"product_cat-feeding-bowls","9":"first","10":"instock","11":"taxable","12":"shipping-taxable","13":"purchasable","14":"product-type-simple"},"acf":[],"aioseo_notices":[],"jetpack_sharing_enabled":true,"_links":{"self":[{"href":"https:\/\/antcube.shop\/nb\/wp-json\/wp\/v2\/product\/6573","targetHints":{"allow":["GET"]}}],"collection":[{"href":"https:\/\/antcube.shop\/nb\/wp-json\/wp\/v2\/product"}],"about":[{"href":"https:\/\/antcube.shop\/nb\/wp-json\/wp\/v2\/types\/product"}],"replies":[{"embeddable":true,"href":"https:\/\/antcube.shop\/nb\/wp-json\/wp\/v2\/comments?post=6573"}],"wp:featuredmedia":[{"embeddable":true,"href":"https:\/\/antcube.shop\/nb\/wp-json\/wp\/v2\/media\/6590"}],"wp:attachment":[{"href":"https:\/\/antcube.shop\/nb\/wp-json\/wp\/v2\/media?parent=6573"}],"wp:term":[{"taxonomy":"product_brand","embeddable":true,"href":"https:\/\/antcube.shop\/nb\/wp-json\/wp\/v2\/product_brand?post=6573"},{"taxonomy":"product_cat","embeddable":true,"href":"https:\/\/antcube.shop\/nb\/wp-json\/wp\/v2\/product_cat?post=6573"},{"taxonomy":"product_tag","embeddable":true,"href":"https:\/\/antcube.shop\/nb\/wp-json\/wp\/v2\/product_tag?post=6573"}],"curies":[{"name":"wp","href":"https:\/\/api.w.org\/{rel}","templated":true}]}}