{"id":6570,"date":"2023-12-04T11:34:35","date_gmt":"2023-12-04T10:34:35","guid":{"rendered":"https:\/\/antcube.shop\/product\/ameisen-treppenhaus-30cm\/"},"modified":"2026-03-16T11:29:00","modified_gmt":"2026-03-16T10:29:00","slug":"myretrapp-30-cm","status":"publish","type":"product","link":"https:\/\/antcube.shop\/nb\/produkt\/myretrapp-30-cm\/","title":{"rendered":"Maurtrapp 30 cm"},"content":{"rendered":"<p><strong>Dimensjoner:<\/strong> 5x5x30 cm<\/p>\n<p><strong>Materiell:<\/strong> PMMA<\/p>\n<p><strong>Farge:<\/strong> krystallklar, gjennomskinnelig, gjennomsiktig<\/p>\n<p><strong>Innhold:<\/strong><br \/>\n1x myretrapp 30 cm<br \/>\n2x akrylplate for valgfri veggmontering<\/p>\n<p>1x pute for myrtrapp<\/p>\n<p><strong>Merk: <\/strong>Delene leveres som et ferdig montert produkt. For \u00e5 montere veggmonteringen er det bare \u00e5 l\u00f8sne akrylskruene \u00f8verst og nederst og fjerne sokkelen. Fest de to akrylplatene igjen med skruene 1x \u00f8verst og 1x nederst.<\/p>\n<p><strong>Forbindelse:<\/strong> 2x slange 20\/16 mm (utvendig) eller slange 14\/10 mm (innvendig) eller 24\/20 (utvendig 2. tilkoblingstrinn)<\/p>\n<p><strong>Beskrivelse:<\/strong> Myrtrappen brukes til \u00e5 bygge bro over h\u00f8yden fra arenaen til maurtunet.<\/p>\n<p><strong>Bruksomr\u00e5de:<\/strong> for myreg\u00e5rder <strong>m\u00e5ler 30x30 cm eller 60x30 cm.<\/strong><\/p>\n<p><span data-text-color=\"alert\"><strong>Viktig for bruk med akrylr\u00f8r:<\/strong><\/span><br \/>\nH\u00f8yden er ikke egnet for v\u00e5re <strong>maurtuer i st\u00f8rrelse XL.<\/strong><br \/>\nFor<strong> brukes med akrylr\u00f8r<\/strong> (f.eks. myreslange - krystallklar 20 mm - 1 m art.nr. 1000320) i stedet for slanger, trenger du til sammen<strong> 3x \"R\u00f8rkobling krystallklar for 20 mm - I\"<\/strong> (art. nr. 1005624). 1 stk. til maurtunelluttaket og 2 stk. til de to trappeuttakene. For gamle maurtuer (alle kj\u00f8pt f\u00f8r 12\/2023) m\u00e5 det i tillegg skyves en \"gjennomsiktig fleksibel tetningsring\" (art.nr. 1001437) p\u00e5 maurtunellen. Ellers sitter \"R\u00f8rkobling krystallklar for 20 mm - I\" (art.-nr. 1005624) for l\u00f8st p\u00e5 myrstokkstussen. I tillegg, hvis en <strong>formicarium-pute <\/strong>brukes til maurtunellen eller -arenaen, b\u00f8r det ogs\u00e5 brukes en til trappen, da det ellers vil v\u00e6re en liten h\u00f8ydeforskjell mellom trappekontakten og tilkoblingene p\u00e5 maurtunellen og -arenaen.<\/p>","protected":false},"excerpt":{"rendered":"<p>For maurtuer som m\u00e5ler 30x30 cm eller 60x30 cm.<\/p>","protected":false},"featured_media":6585,"comment_status":"open","ping_status":"closed","template":"","meta":{"_acf_changed":false,"content-type":"","_monsterinsights_skip_tracking":false,"_monsterinsights_sitenote_active":false,"_monsterinsights_sitenote_note":"","_monsterinsights_sitenote_category":0},"product_brand":[],"product_cat":[345,119,121,120,239],"product_tag":[],"class_list":{"0":"post-6570","1":"product","2":"type-product","3":"status-publish","4":"has-post-thumbnail","6":"product_cat-pipe-connectors","7":"product_cat-formicarium-components","8":"product_cat-connectors","9":"product_cat-hoses","10":"product_cat-useful-additions","12":"first","13":"instock","14":"taxable","15":"shipping-taxable","16":"purchasable","17":"product-type-simple"},"acf":[],"aioseo_notices":[],"jetpack_sharing_enabled":true,"_links":{"self":[{"href":"https:\/\/antcube.shop\/nb\/wp-json\/wp\/v2\/product\/6570","targetHints":{"allow":["GET"]}}],"collection":[{"href":"https:\/\/antcube.shop\/nb\/wp-json\/wp\/v2\/product"}],"about":[{"href":"https:\/\/antcube.shop\/nb\/wp-json\/wp\/v2\/types\/product"}],"replies":[{"embeddable":true,"href":"https:\/\/antcube.shop\/nb\/wp-json\/wp\/v2\/comments?post=6570"}],"wp:featuredmedia":[{"embeddable":true,"href":"https:\/\/antcube.shop\/nb\/wp-json\/wp\/v2\/media\/6585"}],"wp:attachment":[{"href":"https:\/\/antcube.shop\/nb\/wp-json\/wp\/v2\/media?parent=6570"}],"wp:term":[{"taxonomy":"product_brand","embeddable":true,"href":"https:\/\/antcube.shop\/nb\/wp-json\/wp\/v2\/product_brand?post=6570"},{"taxonomy":"product_cat","embeddable":true,"href":"https:\/\/antcube.shop\/nb\/wp-json\/wp\/v2\/product_cat?post=6570"},{"taxonomy":"product_tag","embeddable":true,"href":"https:\/\/antcube.shop\/nb\/wp-json\/wp\/v2\/product_tag?post=6570"}],"curies":[{"name":"wp","href":"https:\/\/api.w.org\/{rel}","templated":true}]}}