{"id":6564,"date":"2023-12-04T11:33:56","date_gmt":"2023-12-04T10:33:56","guid":{"rendered":"https:\/\/antcube.shop\/product\/schraub-adapter-50-auf-27-mm-bohrung\/"},"modified":"2026-04-05T20:47:15","modified_gmt":"2026-04-05T18:47:15","slug":"skrueadapter-50-til-27-mm-boring","status":"publish","type":"product","link":"https:\/\/antcube.shop\/nb\/produkt\/skrueadapter-50-til-27-mm-boring\/","title":{"rendered":"Skrueadapter 50 til 27 mm boring"},"content":{"rendered":"<p><strong>Innhold:<\/strong><br \/>\n2 stk. akrylskive 59 x 2 mm med 32 mm hull<br \/>\n1x Akrylskive 49 x 4 mm med 27 mm hull<br \/>\n2x gjennomsiktig plastskrue M4<br \/>\n2x gjennomsiktig mutter M4<\/p>\n<p><strong>Produktets dimensjoner:<\/strong> 59 x 8 mm<\/p>\n<p><strong>Materiell:<\/strong> PMMA<\/p>\n<p><strong>Farge:<\/strong> gjennomsiktig \/ krystallklar<\/p>\n<p><span data-text-color=\"alert\"><strong>OBS!<\/strong><\/span> kun for v\u00e5re slangekoblinger 27 mm - 14, 20, 24 mm - transparent<\/p>\n<p><strong>Beskrivelse:<\/strong> Adapter for feste av elementer med 27 mm diameter i 50 mm hull. V\u00e5re 27 mm plugger passer ogs\u00e5 i adapteren.<\/p>\n<p>Gj\u00f8r det mulig \u00e5 feste 32 mm r\u00f8r, slanger eller andre tilkoblingselementer p\u00e5 en sikker, solid og visuelt tiltalende m\u00e5te.<\/p>\n<p><strong>Merk:<\/strong> Leveres i enkeltdeler og m\u00e5 festes med stjerneskrutrekker.<\/p>","protected":false},"excerpt":{"rendered":"<p>Innhold: 2x akrylskive 59 x 2 mm med 32 mm hull 1x akrylskive 49 x 4 mm med 27 mm hull 2x gjennomsiktig plastskrue M4 2x gjennomsiktig mutter M4 Produktm\u00e5l: 59 x 8 mm Materiale: PMMA Farge: gjennomsiktig \/ krystallklar OBS: kun for v\u00e5re bassengslangekoblinger 27mm - 14, 20, 24mm","protected":false},"featured_media":6593,"comment_status":"open","ping_status":"closed","template":"","meta":{"_acf_changed":false,"content-type":"","_monsterinsights_skip_tracking":false,"_monsterinsights_sitenote_active":false,"_monsterinsights_sitenote_note":"","_monsterinsights_sitenote_category":0},"product_brand":[],"product_cat":[345,119,121,120],"product_tag":[],"class_list":{"0":"post-6564","1":"product","2":"type-product","3":"status-publish","4":"has-post-thumbnail","6":"product_cat-pipe-connectors","7":"product_cat-formicarium-components","8":"product_cat-connectors","9":"product_cat-hoses","11":"first","12":"instock","13":"taxable","14":"shipping-taxable","15":"purchasable","16":"product-type-simple"},"acf":[],"aioseo_notices":[],"jetpack_sharing_enabled":true,"_links":{"self":[{"href":"https:\/\/antcube.shop\/nb\/wp-json\/wp\/v2\/product\/6564","targetHints":{"allow":["GET"]}}],"collection":[{"href":"https:\/\/antcube.shop\/nb\/wp-json\/wp\/v2\/product"}],"about":[{"href":"https:\/\/antcube.shop\/nb\/wp-json\/wp\/v2\/types\/product"}],"replies":[{"embeddable":true,"href":"https:\/\/antcube.shop\/nb\/wp-json\/wp\/v2\/comments?post=6564"}],"wp:featuredmedia":[{"embeddable":true,"href":"https:\/\/antcube.shop\/nb\/wp-json\/wp\/v2\/media\/6593"}],"wp:attachment":[{"href":"https:\/\/antcube.shop\/nb\/wp-json\/wp\/v2\/media?parent=6564"}],"wp:term":[{"taxonomy":"product_brand","embeddable":true,"href":"https:\/\/antcube.shop\/nb\/wp-json\/wp\/v2\/product_brand?post=6564"},{"taxonomy":"product_cat","embeddable":true,"href":"https:\/\/antcube.shop\/nb\/wp-json\/wp\/v2\/product_cat?post=6564"},{"taxonomy":"product_tag","embeddable":true,"href":"https:\/\/antcube.shop\/nb\/wp-json\/wp\/v2\/product_tag?post=6564"}],"curies":[{"name":"wp","href":"https:\/\/api.w.org\/{rel}","templated":true}]}}