{"id":6562,"date":"2023-12-04T11:33:43","date_gmt":"2023-12-04T10:33:43","guid":{"rendered":"https:\/\/antcube.shop\/product\/bundle-offer-messor-structor\/"},"modified":"2026-03-04T17:11:29","modified_gmt":"2026-03-04T16:11:29","slug":"pakke-tilbud-messor-structor","status":"publish","type":"product","link":"https:\/\/antcube.shop\/nb\/produkt\/pakke-tilbud-messor-structor\/","title":{"rendered":"Pakketilbud - Messor structor"},"content":{"rendered":"<p><span data-text-color=\"secondary\"><strong>Pakketilbud som inkluderer en Messor structor maurkoloni (dronning med 11-25 arbeidere + yngel), et startsett Habitat Desert M med en annen maurfarm 20 \u00d7 20 M, 3x formicariumputer og en krukke med v\u00e5re spesielle hele blancherte sirisser 10 g (fuktig protein).<\/strong><\/span><\/p>\n<p><span data-text-color=\"alert\"><strong>Bare s\u00e5 lenge lageret rekker.<\/strong><\/span><\/p>\n<p><strong>Alt du trenger til en Messor structor-maurkoloni<\/strong><br \/>\nDenne pakken inneholder alt du trenger for \u00e5 f\u00e5 en Messor structor-koloni gjennom de f\u00f8rste m\u00e5nedene. Den kan utvides fleksibelt og er spesielt egnet for nybegynnere i maurhold.<\/p>\n<p><strong>Messor structor maurarter<\/strong><br \/>\nMessor structor er en kornspisende maurart. Den finnes hovedsakelig i S\u00f8r-Europa og Middelhavsomr\u00e5det, men ogs\u00e5 i Sentral-Europa, og utbredelsesomr\u00e5det strekker seg helt til Iran og S\u00f8r-Russland. Det er ogs\u00e5 den eneste Messor-arten som finnes i Tyskland. Arbeiderne er litt mindre enn hos Messor barbarus, men Messor structor produserer s\u00e5kalte major-arbeidere (den st\u00f8rste arbeiderkasten) tidligere.<\/p>\n<p>Selv om Messor structor hovedsakelig finnes p\u00e5 stepper, finnes det bestander i enkelte land som trives bedre i fjellomr\u00e5der eller til og med i blandingsskog. Dette viser hvor tilpasningsdyktig denne arten er. Messor structor danner vanligvis polygyne kolonier (flere dronninger i \u00e9n koloni), men den forekommer ogs\u00e5 monogynt (bare \u00e9n dronning per koloni).<\/p>\n<p>Forskere har i lengre tid fors\u00f8kt \u00e5 finne ut om Messor structor kan ha utviklet flere underarter som forekommer i forskjellige regioner, ved \u00e5 analysere det genetiske materialet fra ulike kolonier. Dette er imidlertid enn\u00e5 ikke endelig avklart.<\/p>\n<p><strong>Nest for Messor structor<\/strong><br \/>\nMessor structor foretrekker \u00e5 hekke i sandholdig jord. I motsetning til de fleste andre Messor-arter er den imidlertid relativt fleksibel og kan av og til hekke under steiner eller p\u00e5 skyggefulle steder i jordsmonn.<\/p>\n<p><strong>Mat til Messor structor<\/strong><br \/>\nI likhet med alle Messor-artene lever Messor structor hovedsakelig av fr\u00f8 som samles inn, lagres og bearbeides til s\u00e5kalt maurbr\u00f8d, som dermed f\u00e5r lengre holdbarhet og hjelper koloniene gjennom perioder der det er f\u00e6rre fr\u00f8 \u00e5 finne i naturen. Protein aksepteres b\u00e5de d\u00f8dt og levende. I naturen dreper de sm\u00e5 insekter og bruker dem til \u00e5 mate yngelen. Sukkeroppl\u00f8sning eller honning aksepteres bare hvis kolonien ikke har nok ferskvann tilgjengelig til \u00e5 dekke fuktighetsbehovet.<\/p>\n<p><strong>De optimale klimatiske forholdene for Messor structor er som f\u00f8lger:<\/strong><br \/>\n<strong>Luftfuktighet:<\/strong><br \/>\nArena: 30 - 50% Reiromr\u00e5de: 50 - 70%<br \/>\n<strong>Temperatur:<\/strong><br \/>\nArena: 22 - 30 \u00b0C Reiromr\u00e5de: 21- 27\u00b0C<\/p>\n<p><strong>Innhold:<\/strong><\/p>\n<p>1x Messor structor maur-koloni (dronning + 11-25 arbeidere + yngel)<br \/>\n1x Cricket Jam 25g<br \/>\n1x kornf\u00f4r minor 100g<br \/>\n1x Formicarium pute - 20x20cm<br \/>\n2x Formicarium pute - 20x6cm<\/p>\n<p>1x ANTCUBE - arena 20x20x10 - flatt<br \/>\n1x maur arena ramme 20\u00d720<br \/>\n1x maur arena deksel 20\u00d720<br \/>\n4x festepunkt for arenadekke<br \/>\nANTCUBE - maurfarm - L - 20\u00d720 - st\u00e5ende<\/p>\n<p>1x 1m r\u00f8r gjennomsiktig 14\/10 mm<br \/>\n2x ANTCUBE - r\u00f8d folie 20\u00d720 - filter<br \/>\n2x selvklebende klemmer - gjennomsiktige 2 stk.<br \/>\n1x underlag - \u00f8rken - 1 kg<br \/>\n1x Formicarium granulater 200ml - beige<\/p>\n<p>1x Grid cap &#8211; 10mm &#8211; stainless steel<br \/>\n2x Grid insert acrylic &#8211; 50 mm with sealing ring<br \/>\n1x Grid insert acrylic &#8211; 27 mm with sealing ring<\/p>\n<p>1x kobling for tankslange 27-14,16,20 mm - transparent<br \/>\n2x Foil thermometer &#8211; farm<br \/>\n1x Foil thermometer Display<br \/>\n1x drinking clear 5ml &#8211; sponge<br \/>\n1x Feeding dish white rectangle &#8211; 3 compartments<br \/>\n1x Maur fluktbeskyttelse olje 10ml<br \/>\n1x Pincett av fj\u00e6rst\u00e5l - bred - myk<br \/>\n1x Pincett i gjennomsiktig plast<br \/>\n1x plastpipette 3 ml<br \/>\n1x h\u00e5ndlupe - 2x - 30 mm<br \/>\n1x skumvisker 150x18x2,5mm<br \/>\n1x fotobakside - \u00f8rken - 20\u00d710<\/p>\n<p>&nbsp;<\/p>\n<p><strong>Beskrivelse:<\/strong><br \/>\nDette startsettet Desert passer for alle arter av slekten Messor som lever i \u00f8rkener, stepper eller middelhavsklima. Den ene av de to g\u00e5rdene er beregnet p\u00e5 oppbevaring av fr\u00f8 og maurbr\u00f8d og b\u00f8r derfor holdes helt t\u00f8rr for \u00e5 hindre at fr\u00f8ene\/kornene som maurene oppbevarer der, spirer eller mugner.<\/p>\n<p>I det helt gjennomsiktige anlegget (nest) brukes \"substrat - \u00f8rken\" til \u00e5 fylle anlegget. Ved behov kan flere moduler kobles til via de 50 mm store hullene i dekselet, f.eks. de separat tilgjengelige t\u00e5kerne, viftene eller lysene. Alternativt f\u00f8lger det med passende formicariumplugger for \u00e5 lukke \u00e5pningene. Om \u00f8nskelig kan formikariet ogs\u00e5 brukes \u00e5pent ved \u00e5 plassere den avtakbare rammen p\u00e5 toppen og p\u00e5f\u00f8re maurfluktbeskyttelsesolje p\u00e5 kanten. Det \"klare 20 ml drikkekaret - svamp\" er beregnet p\u00e5 vann, \"2 ml f\u00f4rdispenser - dos\u00e9rbar\" p\u00e5 kornf\u00f4r.<\/p>\n<p><strong>Viktig:<\/strong> Fukt substratet f\u00f8r bruk, slik at blandingen kan binde seg og f\u00e5 godt feste i maurtua. Hvis substratet er for t\u00f8rt og st\u00f8vete, kan maurenes luftveier blokkeres, og i verste fall kan dyrene kveles.<\/p>\n<p><strong>Anbefaling:<\/strong> Vi anbefaler et substratlag p\u00e5 2 mm h\u00f8yde, slik at dyrene ikke kan grave seg inn i arenaen og i stedet bruker g\u00e5rden som er beregnet til dette form\u00e5let. Vi anbefaler ogs\u00e5 at redematerialet i g\u00e5rden (sand\/leire, Digfix osv.) er lett prikket p\u00e5 ett sted for \u00e5 gj\u00f8re det lettere for dyrene \u00e5 grave.<\/p>\n<p><strong>Merknader om produksjon<\/strong><br \/>\nGlasset skj\u00e6res til i henhold til DIN 1249 med en toleranse p\u00e5 +\/- 1 mm. For ekstremt sm\u00e5 maurarter er det n\u00f8dvendig med ekstra beskyttelse mot utbrudd.<\/p>\n<p><strong>Merknader om g\u00e5rden<\/strong><br \/>\nV\u00e6r oppmerksom p\u00e5 f\u00f8lgende n\u00e5r du monterer eller fjerner slanger:<br \/>\nHvis slangen er sv\u00e6rt vanskelig \u00e5 f\u00e5 p\u00e5 plass p\u00e5 tilkoblingsmuffen, b\u00f8r muffen gnides lett inn med en dr\u00e5pe av v\u00e5r olje eller pulver som beskytter mot utbrudd. Deretter skal slangen skyves p\u00e5 muffen ved hjelp av vridnings- eller skrubevegelser uten \u00e5 belaste muffen med opp- og nedbevegelser. Det samme gjelder n\u00e5r du fjerner slangene fra g\u00e5rdsstussen. Ikke bare dra den av!<\/p>\n<p><strong>Notater om Cricket Jam:<\/strong><br \/>\nV\u00e5re blancherte sirisser er en enkel m\u00e5te \u00e5 gi maurene dine nykonserverte proteiner uten \u00e5 m\u00e5tte f\u00f4re med levende insekter. De inneholdte sirissene (Acheta domesticus) er sk\u00e5nsomt blancherte for \u00e5 sikre at n\u00e6ringsverdier, smak og aroma beholdes. I tillegg mykgj\u00f8res insektenes kitinskall p\u00e5 denne m\u00e5ten, slik at det blir lettere \u00e5 ford\u00f8ye. Bindingene i kollagenproteinene brytes ned slik at maurene kan utnytte dem bedre. Acheta domesticus p\u00e5 boks har samme n\u00e6ringsverdi som levende sirisser, men er lettere \u00e5 ford\u00f8ye.<\/p>\n<p>Cricket Jam er ikke egnet til jakt p\u00e5 maurarter som krever levende f\u00f8de (f.eks. poneriner (stormaur) som Harpegnathos eller Odontomachus).<\/p>\n<p><strong>Ytterligere fordeler:<\/strong><br \/>\nGarantert fri for midd<br \/>\nKan porsjoneres og fortynnes med vann<br \/>\nSterilisert og vakuumpakket<br \/>\nUten tilsetningsstoffer<br \/>\nF\u00e5rekyllinger fra b\u00e6rekraftig, rent \u00f8kologisk oppdrett, f\u00f4ret med organisk avfall.<\/p>\n<p><strong>Merk:<\/strong><br \/>\nKan oppbevares i kj\u00f8leskapet i ca. fire dager etter \u00e5pning. Lengre holdbarhet hvis den fryses.<br \/>\nV\u00e6r oppmerksom: F\u00f8rst porsjonere, deretter fryse.<\/p>","protected":false},"excerpt":{"rendered":"<p>Settet best\u00e5r av 38 deler<\/p>\n<p>St\u00f8rrelse: <strong>M<\/strong><\/p>","protected":false},"featured_media":7134,"comment_status":"open","ping_status":"closed","template":"","meta":{"_acf_changed":false,"content-type":"","_monsterinsights_skip_tracking":false,"_monsterinsights_sitenote_active":false,"_monsterinsights_sitenote_note":"","_monsterinsights_sitenote_category":0},"product_brand":[],"product_cat":[355,353,73],"product_tag":[],"class_list":{"0":"post-6562","1":"product","2":"type-product","3":"status-publish","4":"has-post-thumbnail","6":"product_cat-bundle-offers","7":"product_cat-starter-sets-for-harvester-ants","8":"product_cat-starter-sets","10":"first","11":"instock","12":"taxable","13":"shipping-taxable","14":"purchasable","15":"product-type-simple"},"acf":[],"aioseo_notices":[],"jetpack_sharing_enabled":true,"_links":{"self":[{"href":"https:\/\/antcube.shop\/nb\/wp-json\/wp\/v2\/product\/6562","targetHints":{"allow":["GET"]}}],"collection":[{"href":"https:\/\/antcube.shop\/nb\/wp-json\/wp\/v2\/product"}],"about":[{"href":"https:\/\/antcube.shop\/nb\/wp-json\/wp\/v2\/types\/product"}],"replies":[{"embeddable":true,"href":"https:\/\/antcube.shop\/nb\/wp-json\/wp\/v2\/comments?post=6562"}],"wp:featuredmedia":[{"embeddable":true,"href":"https:\/\/antcube.shop\/nb\/wp-json\/wp\/v2\/media\/7134"}],"wp:attachment":[{"href":"https:\/\/antcube.shop\/nb\/wp-json\/wp\/v2\/media?parent=6562"}],"wp:term":[{"taxonomy":"product_brand","embeddable":true,"href":"https:\/\/antcube.shop\/nb\/wp-json\/wp\/v2\/product_brand?post=6562"},{"taxonomy":"product_cat","embeddable":true,"href":"https:\/\/antcube.shop\/nb\/wp-json\/wp\/v2\/product_cat?post=6562"},{"taxonomy":"product_tag","embeddable":true,"href":"https:\/\/antcube.shop\/nb\/wp-json\/wp\/v2\/product_tag?post=6562"}],"curies":[{"name":"wp","href":"https:\/\/api.w.org\/{rel}","templated":true}]}}