{"id":6561,"date":"2023-12-04T11:33:36","date_gmt":"2023-12-04T10:33:36","guid":{"rendered":"https:\/\/antcube.shop\/product\/bundle-offer-camponotus-barbaricus\/"},"modified":"2026-03-30T10:28:01","modified_gmt":"2026-03-30T08:28:01","slug":"pakke-tilbud-camponotus-barbaricus","status":"publish","type":"product","link":"https:\/\/antcube.shop\/nb\/produkt\/pakke-tilbud-camponotus-barbaricus\/","title":{"rendered":"Pakke med tilbud - Camponotus barbaricus"},"content":{"rendered":"<p><span data-text-color=\"secondary\"><strong>Pakketilbud som inkluderer en Camponotus barbaricus-maurkoloni (dronning med 5-10 arbeidere + yngel), et startsett Habitat Desert L med 2x formicariumputer, en krukke med v\u00e5re spesielle hele blancherte sirisser (fuktig protein) og en p\u00e5fyllingspakke med honningduggblanding p\u00e5 10 ml.<\/strong><\/span><\/p>\n<p><span data-text-color=\"alert\"><strong>Bare s\u00e5 lenge lageret rekker.<\/strong><\/span><\/p>\n<p><strong>Alt du trenger til en Camponotus barbaricus-maurkoloni<\/strong><br \/>\nDenne pakken inneholder alt du trenger for \u00e5 f\u00e5 en Camponotus barbaricus-koloni gjennom de f\u00f8rste m\u00e5nedene. Den kan utvides fleksibelt og er spesielt egnet for nybegynnere i maurhold.<\/p>\n<p><strong>Maurarten Camponotus barbaricus<\/strong><br \/>\nCamponotus barbaricus er en av de st\u00f8rste maurartene i Europa. Den finnes i Portugal, Spania, Sicilia og utenfor Europa i Marokko, Algerie, Tunisia og Libya. Koloniene er monogyne (bare \u00e9n dronning per koloni), og i likhet med de fleste Camponotus-arter er den en sv\u00e6rt polymorf maurart (den danner s\u00e5kalte kaster, dvs. mindre og st\u00f8rre arbeidere).<\/p>\n<p>I naturen kan de danne kolonier p\u00e5 flere 10 000 individer. Camponotus barbaricus forsvarer reiret og jaktomr\u00e5det sitt aggressivt, og p\u00e5 grunn av sin st\u00f8rrelse lykkes den sv\u00e6rt godt med dette. Majorene (den st\u00f8rste arbeiderkasten) n\u00e5r en st\u00f8rrelse p\u00e5 rundt 17 mm.<\/p>\n<p><strong>Reir for Camponotus barbaricus<\/strong><br \/>\nCamponotus barbaricus foretrekker \u00e5 hekke i sandholdig jord. I motsetning til de fleste Camponotus-arter finner man dem sjelden i r\u00e5ttent trevirke. Desert Starter Set som er inkludert i pakken, er derfor perfekt tilpasset denne artens behov.<\/p>\n<p><strong>Mat for Camponotus barbaricus<\/strong><br \/>\nI naturen lever Camponotus barbaricus hovedsakelig av insekter og honningdugg. Derfor har vi inkludert b\u00e5de v\u00e5re blancherte sirisser som proteinf\u00f4r og v\u00e5r honningduggblanding i denne pakken, slik at du kan tilby maurene dine et kosthold som er s\u00e5 artstilpasset som mulig.<\/p>\n<p><strong>De optimale klimatiske forholdene for Camponotus barbaricus er som f\u00f8lger:<\/strong><br \/>\n<strong>Luftfuktighet:<\/strong><br \/>\nArena: 30 - 50% Reiromr\u00e5de: 50 - 60%<br \/>\n<strong>Temperatur:<\/strong><br \/>\nArena: 18 - 28 \u00b0C Reiromr\u00e5de: 21 - 26\u00b0C<\/p>\n<p><strong>Innhold:<\/strong><\/p>\n<p>1x Camponotus barbaricus (dronning med 1-4 arbeidere + yngel)<br \/>\n1x Cricket Jam 25g<br \/>\n1x Honeydew mix (HT) - p\u00e5fyllingspakke 10 ml<br \/>\n1x Formicarium-sokkel - 20x20 cm<br \/>\n1x Formicarium-base - 20x6cm<\/p>\n<p>1x ANTCUBE - arena 20x20x10 - flatt<br \/>\n1x maur arena ramme 20\u00d720<br \/>\n1x maur arena deksel 20\u00d720<br \/>\n4x festepunkt for arenadekke<br \/>\n1x ANTCUBE - Myretue - L - 20\u00d720 - st\u00e5ende<\/p>\n<p>1x 0,5m r\u00f8r gjennomsiktig 20\/16 mm<br \/>\n2x ANTCUBE - r\u00f8d folie 20\u00d720 - filter<br \/>\n1x selvklebende klips - gjennomsiktig 2 stk.<br \/>\n1x underlag - \u00f8rken - 1 kg<br \/>\n1x Formicarium granulater 200ml - beige<\/p>\n<p>2x Grid insert acrylic &#8211; 50 mm with sealing ring<br \/>\n1x Grid insert acrylic &#8211; 27 mm with sealing ring<br \/>\n1x gitterhette - 16mm - rustfritt st\u00e5l<\/p>\n<p>1x kobling for tankslange 27-14,16,20 mm - transparent<br \/>\n1x Foil thermometer &#8211; farm<br \/>\n1x Foil thermometer Display<br \/>\n1x drinking clear 5ml &#8211; sponge<br \/>\n1x Feeding dish white rectangle &#8211; 3 compartments<br \/>\n1x Drinking trough 2ml &#8211; 360 Degrees<br \/>\n1x Maur fluktbeskyttelse olje 10ml<br \/>\n1x Pincett av fj\u00e6rst\u00e5l - bred - myk<br \/>\n1x Pincett i gjennomsiktig plast<br \/>\n1x plastpipette 3 ml<br \/>\n1x h\u00e5ndlupe - 2x - 30 mm<br \/>\n1x skumvisker 150x18x2,5mm<br \/>\n1x fotobakside - \u00f8rken - 20\u00d710<\/p>\n<p><strong>Beskrivelse:<\/strong><br \/>\nDette startsettet \u00f8rken er egnet for alle maurarter som lever i \u00f8rkener, stepper eller middelhavsklima.<\/p>\n<p>I det helt gjennomsiktige anlegget (nest) brukes \"Soil - Desert\" til \u00e5 fylle anlegget. Ved behov kan ytterligere moduler kobles til via de 50 mm store hullene i dekselet, f.eks. separat tilgjengelige t\u00e5kere, vifter eller lys. Alternativt f\u00f8lger det med passende formicariumplugger for \u00e5 lukke \u00e5pningene. Om \u00f8nskelig kan formikariet ogs\u00e5 brukes \u00e5pent ved ganske enkelt \u00e5 feste den avtakbare rammen og p\u00e5f\u00f8re maurfluktbeskyttelsesolje p\u00e5 kanten. \"Drikkedunk 2 ml - 360 grader\" er beregnet p\u00e5 honningduggblandingen, \"Drikkedunk klar 20 ml - svamp\" til vann og \"Sk\u00e5l klar 1\u00d720 - svamp\" til proteinf\u00f4r. \"Mini thermo-hygrometer analog - display - hengende\" kan festes til rammen eller lokket og viser klimaverdiene.<\/p>\n<p><strong>Viktig:<\/strong> Fukt substratet f\u00f8r bruk, slik at blandingen kan binde seg og f\u00e5 godt feste i maurtua. Hvis substratet er for t\u00f8rt og st\u00f8vete, kan maurenes luftveier blokkeres, og i verste fall kan dyrene kveles.<\/p>\n<p><strong>Anbefaling:<\/strong> Vi anbefaler et substratlag p\u00e5 2 mm h\u00f8yde, slik at dyrene ikke kan grave seg inn i arenaen og i stedet bruker g\u00e5rden som er beregnet til dette form\u00e5let. Vi anbefaler ogs\u00e5 at redematerialet i g\u00e5rden (sand\/leire, Digfix osv.) er lett prikket p\u00e5 ett sted for \u00e5 gj\u00f8re det lettere for dyrene \u00e5 grave.<\/p>\n<p><strong>Merknader om produksjon<\/strong><br \/>\nGlasset skj\u00e6res til i henhold til DIN 1249 med en toleranse p\u00e5 +\/- 1 mm. For ekstremt sm\u00e5 maurarter er det n\u00f8dvendig med ekstra beskyttelse mot utbrudd.<\/p>\n<p><strong>Merknader om g\u00e5rden<\/strong><br \/>\nV\u00e6r oppmerksom p\u00e5 f\u00f8lgende n\u00e5r du monterer eller fjerner slanger:<br \/>\nHvis slangen er sv\u00e6rt vanskelig \u00e5 f\u00e5 p\u00e5 plass p\u00e5 tilkoblingsmuffen, b\u00f8r muffen gnides lett inn med en dr\u00e5pe av v\u00e5r olje eller pulver som beskytter mot utbrudd. Deretter skal slangen skyves p\u00e5 muffen ved hjelp av vridnings- eller skrubevegelser uten \u00e5 belaste muffen med opp- og nedbevegelser. Det samme gjelder n\u00e5r du fjerner slangene fra g\u00e5rdsstussen. Ikke bare dra den av!<\/p>\n<p><strong>Instruksjoner:<\/strong> (Versjon 2023, den oppdaterte versjonen for 2024 vil v\u00e6re tilgjengelig senest 04\/2024)<\/p>\n<p>- DE <a href=\"https:\/\/www.antstore.net\/shop\/images\/info\/de\/Gebrauchsanweisung%20Starter%20Set%20Habitat.pdf\">Gebrauchsanweisung Startsett Habitat<\/a> (PDF 3,21 MB)<\/p>\n<p>- DA <a href=\"https:\/\/www.antstore.net\/shop\/images\/info\/en\/Instructions%20for%20use%20-%20Starter%20Set%20Habitat.pdf\">Bruksanvisning - Startpakke Habitat<\/a> (PDF 3,21 MB)<\/p>\n<p>- ES <a href=\"https:\/\/www.antstore.net\/shop\/images\/info\/es\/Manual%20de%20instrucciones%20-%20Set%20de%20inicio%20H%C3%A1bitat.pdf\">Manual de instrucciones - Set de inicio H\u00e1bitat (engelsk)<\/a> (PDF 3,21 MB)<\/p>\n<p>- FR <a href=\"https:\/\/www.antstore.net\/shop\/images\/info\/fr\/Manuel%20d'instruction%20-%20Kit%20de%20d%C3%A9marrage%20Habitat.pdf\">Manual d'instruction - Kit de d\u00e9marrage Habitat<\/a> (PDF 3,21 MB)<\/p>\n<p><strong>Merknad om honningdugg:<\/strong><br \/>\nInnhold: 10 ml<br \/>\nDette er et naturlig produkt, som vi har raffinert etter omfattende testing i laboratoriet v\u00e5rt og utviklet til en mat som maurene aksepterer sv\u00e6rt godt. \u00c5rsaken er at ubehandlet honningdugghonning i sin konsentrerte opprinnelige form ikke aksepteres godt av maur og deres metabolisme.<br \/>\nHonningduggen v\u00e5r ble samlet i de uforurensede, ville fjellskogene i Bulgaria. Honningdugg produseres bare i en sv\u00e6rt begrenset periode, omtrent to m\u00e5neder om sommeren. Den er derfor sv\u00e6rt sjelden. P\u00e5 grunn av skogens spesielle jordsmonn og klimaet lagres viktige n\u00e6ringsstoffer i tr\u00e6rnes blader, som absorberes av bladlusene. Det er dette som gj\u00f8r denne honningduggblandingen s\u00e5 ettertraktet for maur.<\/p>\n<p><strong>Bruksomr\u00e5de:<\/strong><br \/>\nMengden mat b\u00f8r konsumeres innen ca. 3 dager.<\/p>\n<p><strong>Beskrivelse:<\/strong><br \/>\nI motsetning til blomsterhonning utvinnes honningdugg av sekreter fra insekter som suger p\u00e5 planter, for eksempel bladlus. Honningdugg er en popul\u00e6r matkilde for mange insekter som maur, bier og humler. Bier og humler slikker honningdugg fra bladene eller n\u00e5lene p\u00e5 ulike tr\u00e6r. Maur som Lasius niger holder bokstavelig talt bladlusene i live. De forsvarer dem til og med mot rovdyr og b\u00e6rer dem til nye skudd.<\/p>\n<p>Honningdugg er spesielt popul\u00e6rt blant maur p\u00e5 grunn av sine noe annerledes bestanddeler. De viktigste sukkerartene i honningdugg er sukrose og fruktose, men det finnes ogs\u00e5 mindre mengder maltose, trehalose, melezitose, raffinose og andre oligosakkarider. I tillegg til sukker og vann inneholder honningdugg ogs\u00e5 essensielle aminosyrer, mineraler, sporstoffer, adenosiner, fosfater og andre ingredienser som vitaminer.<\/p>\n<p><strong>Bruk:<\/strong><br \/>\nFor honningspisende maurarter (Meliphagidae)<br \/>\nDette er et tilleggsf\u00f4r<br \/>\nDet kan tilbys dyrene etter hvert som de f\u00e5r det. Ettersom sukkerkonsentrasjonen reduseres p\u00e5 grunn av fuktigheten og en gj\u00e6ringsprosess starter, b\u00f8r f\u00f4ret skiftes ut hver 3. dag. Rengj\u00f8r f\u00f4rsk\u00e5len\/r\u00f8ret grundig f\u00f8r det brukes p\u00e5 nytt.<br \/>\nN\u00e5r pakningen er \u00e5pnet, skal den oppbevares tett lukket frem til utl\u00f8psdatoen.<\/p>\n<p><strong>N\u00e6ringsinnhold per 100 g:<\/strong><br \/>\nca. 2,7 % fettstoffer<br \/>\nhvorav mettet ca. 0,45 %<br \/>\nca. 95 % karbohydrater<br \/>\nhvorav sukker ca. 71<br \/>\nca. 2,85%-protein<br \/>\nMineraler (kalium, kalsium, kobber, jern, natrium, magnesium, fosfor, sink og andre sporstoffer) Aminosyrer (prolin, leucin, fenylalanin, alanin, histidin, isoleucin, glutaminsyre, arginin, asparaginsyre, etc.) Organiske syrer Enzymer (fermenter)Smaksstoffer Inhibiner (antibakterielle stoffer) Blomster Pollen<\/p>\n<p><strong>Lagring:<\/strong><br \/>\nFor \u00e5 sikre kvaliteten p\u00e5 f\u00f4ret b\u00f8r det oppbevares m\u00f8rkt og t\u00f8rt.<\/p>\n<p><strong>Merk:<\/strong><br \/>\nInformasjon om bruk av f\u00f4rslanger finner du her: Lenke<br \/>\nTilleggsf\u00f4r for honningspisende maur.<br \/>\nSe pakningsvedlegget for sammensetning, analytiske ingredienser, holdbarhetsdato og batchnummer.<\/p>\n<p>Informasjonstelefon +49 30 439703870<\/p>\n<p>Ansvarlig veterin\u00e6r- og mattilsyn:<br \/>\nSteglitz veterin\u00e6rkontor<br \/>\nK\u00f6nigin-Luise-Str. 92<br \/>\n14195 Berlin<\/p>\n<p><strong>Merknad om de blancherte sirissene:<\/strong><br \/>\nV\u00e5re blancherte sirisser er en enkel m\u00e5te \u00e5 gi maurene dine nykonserverte proteiner uten \u00e5 m\u00e5tte f\u00f4re med levende insekter. De inneholdte sirissene (Acheta domesticus) er sk\u00e5nsomt blancherte for \u00e5 sikre at n\u00e6ringsverdier, smak og aroma beholdes. I tillegg mykgj\u00f8res insektenes kitinskall p\u00e5 denne m\u00e5ten, slik at det blir lettere \u00e5 ford\u00f8ye. Bindingene i kollagenproteinene brytes ned slik at maurene kan utnytte dem bedre. Acheta domesticus p\u00e5 boks har samme n\u00e6ringsverdi som levende sirisser, men er lettere \u00e5 ford\u00f8ye.<\/p>\n<p>De blancherte sirissene egner seg ikke til jakt p\u00e5 maurarter som krever levende f\u00f8de (f.eks. poneriner (stormaur) som Harpegnathos eller Odontomachus).<\/p>\n<p><strong>Ytterligere fordeler:<\/strong><br \/>\nGarantert fri for midd<br \/>\nKan porsjoneres<br \/>\nSterilisert og st\u00f8vsugd<br \/>\nUten tilsetningsstoffer<br \/>\nF\u00e5rekyllinger fra b\u00e6rekraftig, rent \u00f8kologisk oppdrett, f\u00f4ret med organisk avfall.<\/p>\n<p><strong>V\u00e6r oppmerksom p\u00e5 dette:<\/strong><br \/>\nKan oppbevares i kj\u00f8leskapet i ca. fire dager etter \u00e5pning. Lengre holdbarhet hvis den fryses.<\/p>","protected":false},"excerpt":{"rendered":"<p>Settet best\u00e5r av 34 deler<\/p>\n<p>St\u00f8rrelse: <span style=\"color: #0000ff;\"><strong>L<\/strong><\/span><\/p>","protected":false},"featured_media":7132,"comment_status":"open","ping_status":"closed","template":"","meta":{"_acf_changed":false,"content-type":"","_monsterinsights_skip_tracking":false,"_monsterinsights_sitenote_active":false,"_monsterinsights_sitenote_note":"","_monsterinsights_sitenote_category":0},"product_brand":[],"product_cat":[355,73,74],"product_tag":[],"class_list":{"0":"post-6561","1":"product","2":"type-product","3":"status-publish","4":"has-post-thumbnail","6":"product_cat-bundle-offers","7":"product_cat-starter-sets","8":"product_cat-starter-sets-habitat","10":"first","11":"instock","12":"taxable","13":"shipping-taxable","14":"purchasable","15":"product-type-simple"},"acf":[],"aioseo_notices":[],"jetpack_sharing_enabled":true,"_links":{"self":[{"href":"https:\/\/antcube.shop\/nb\/wp-json\/wp\/v2\/product\/6561","targetHints":{"allow":["GET"]}}],"collection":[{"href":"https:\/\/antcube.shop\/nb\/wp-json\/wp\/v2\/product"}],"about":[{"href":"https:\/\/antcube.shop\/nb\/wp-json\/wp\/v2\/types\/product"}],"replies":[{"embeddable":true,"href":"https:\/\/antcube.shop\/nb\/wp-json\/wp\/v2\/comments?post=6561"}],"wp:featuredmedia":[{"embeddable":true,"href":"https:\/\/antcube.shop\/nb\/wp-json\/wp\/v2\/media\/7132"}],"wp:attachment":[{"href":"https:\/\/antcube.shop\/nb\/wp-json\/wp\/v2\/media?parent=6561"}],"wp:term":[{"taxonomy":"product_brand","embeddable":true,"href":"https:\/\/antcube.shop\/nb\/wp-json\/wp\/v2\/product_brand?post=6561"},{"taxonomy":"product_cat","embeddable":true,"href":"https:\/\/antcube.shop\/nb\/wp-json\/wp\/v2\/product_cat?post=6561"},{"taxonomy":"product_tag","embeddable":true,"href":"https:\/\/antcube.shop\/nb\/wp-json\/wp\/v2\/product_tag?post=6561"}],"curies":[{"name":"wp","href":"https:\/\/api.w.org\/{rel}","templated":true}]}}