{"id":6559,"date":"2023-12-04T11:33:22","date_gmt":"2023-12-04T10:33:22","guid":{"rendered":"https:\/\/antcube.shop\/product\/heizmatte-26x28cm-14w\/"},"modified":"2026-03-30T10:31:01","modified_gmt":"2026-03-30T08:31:01","slug":"varmematte-26x28cm-14w","status":"publish","type":"product","link":"https:\/\/antcube.shop\/nb\/produkt\/varmematte-26x28cm-14w\/","title":{"rendered":"Varmematte 26x28cm - 14W"},"content":{"rendered":"<p><strong>Dimensjoner:<\/strong> 26 x 28 cm<\/p>\n<p><strong>Kraft:<\/strong> 14 watt<\/p>\n<p><strong>Overflatetemperatur:<\/strong> 28-32 \u00b0C<\/p>\n<p><strong>Beskrivelse:<\/strong> Varmematte for formicarium - spesielt egnet for arter fra varmere land. Varmemattene avgir infrar\u00f8d str\u00e5levarme, i likhet med keramiske varmestr\u00e5lere. Str\u00e5lene varmer opp gjenstander og dyr uten \u00e5 \u00f8ke lufttemperaturen nevneverdig. De egner seg derfor utmerket som \"solingsplasser\". En eventuell temperaturgradient i formikariet kan dermed oppn\u00e5s og kontrolleres bedre. Varmemattene er selvklebende og kan derfor enkelt festes til formikariet.<\/p>\n<p><strong>Merk:<\/strong> Plasser aldri varmeelementer direkte under et formicarium, det m\u00e5 alltid s\u00f8rges for at varmen kan ledes bort for \u00e5 unng\u00e5 varmeutvikling eller skader p\u00e5 formicariet.<\/p>","protected":false},"excerpt":{"rendered":"<p><strong>Dimensjoner:<\/strong> 26 x 28 cm \/ Euro-kontakt for 230 volt<\/p>","protected":false},"featured_media":6619,"comment_status":"open","ping_status":"closed","template":"","meta":{"_acf_changed":false,"content-type":"","_monsterinsights_skip_tracking":false,"_monsterinsights_sitenote_active":false,"_monsterinsights_sitenote_note":"","_monsterinsights_sitenote_category":0},"product_brand":[],"product_cat":[359,119],"product_tag":[],"class_list":{"0":"post-6559","1":"product","2":"type-product","3":"status-publish","4":"has-post-thumbnail","6":"product_cat-light-heat-humidity","7":"product_cat-formicarium-components","9":"first","10":"instock","11":"taxable","12":"shipping-taxable","13":"purchasable","14":"product-type-simple"},"acf":[],"aioseo_notices":[],"jetpack_sharing_enabled":true,"_links":{"self":[{"href":"https:\/\/antcube.shop\/nb\/wp-json\/wp\/v2\/product\/6559","targetHints":{"allow":["GET"]}}],"collection":[{"href":"https:\/\/antcube.shop\/nb\/wp-json\/wp\/v2\/product"}],"about":[{"href":"https:\/\/antcube.shop\/nb\/wp-json\/wp\/v2\/types\/product"}],"replies":[{"embeddable":true,"href":"https:\/\/antcube.shop\/nb\/wp-json\/wp\/v2\/comments?post=6559"}],"wp:featuredmedia":[{"embeddable":true,"href":"https:\/\/antcube.shop\/nb\/wp-json\/wp\/v2\/media\/6619"}],"wp:attachment":[{"href":"https:\/\/antcube.shop\/nb\/wp-json\/wp\/v2\/media?parent=6559"}],"wp:term":[{"taxonomy":"product_brand","embeddable":true,"href":"https:\/\/antcube.shop\/nb\/wp-json\/wp\/v2\/product_brand?post=6559"},{"taxonomy":"product_cat","embeddable":true,"href":"https:\/\/antcube.shop\/nb\/wp-json\/wp\/v2\/product_cat?post=6559"},{"taxonomy":"product_tag","embeddable":true,"href":"https:\/\/antcube.shop\/nb\/wp-json\/wp\/v2\/product_tag?post=6559"}],"curies":[{"name":"wp","href":"https:\/\/api.w.org\/{rel}","templated":true}]}}