{"id":6555,"date":"2023-12-04T11:27:26","date_gmt":"2023-12-04T10:27:26","guid":{"rendered":"https:\/\/antcube.shop\/product\/ameisenarena-lampenfassung-e27\/"},"modified":"2026-03-31T09:51:44","modified_gmt":"2026-03-31T07:51:44","slug":"ant-arena-lampesokkel-e27","status":"publish","type":"product","link":"https:\/\/antcube.shop\/nb\/produkt\/ant-arena-lampesokkel-e27\/","title":{"rendered":"Ant Arena - Lampesokkel - E27"},"content":{"rendered":"<p><strong>Innhold:<\/strong><br \/>\n- E27-lampeholder i plast med str\u00f8mkabel og bryter<br \/>\n- gjennomsiktig akrylring for montering i 50 mm-hull<\/p>\n<p><strong>Materiell:<\/strong> stikkontakt (plast); holder (plast); kabel (kobber med plastkappe); PMMA-ring (for feste i 50 mm hull)<\/p>\n<p><strong>Farge:<\/strong> lysegr\u00e5<\/p>\n<p><strong>Tekniske spesifikasjoner:<\/strong><br \/>\nDimensjoner p\u00e5 stikkontakten: 4,5\u00d74,5\u00d76 cm<br \/>\nKabellengde: 3,5 m<br \/>\nEffekt: maks. 60 W<br \/>\nStikkontakt: E27<\/p>\n<p><strong>OBS! <\/strong>N\u00e5r den brukes sammen med v\u00e5re hybriddeksler og de 5 cm brede Arena-rammene, passer ikke denne lampeholderen. For et Hybrid-deksel trenger du en 3 cm bred ramme.<\/p>\n<p><strong>Beskrivelse:<\/strong><br \/>\nFor \u00e5 belyse en maurarena kan denne kontakten plugges direkte inn i dekselet til maurarenaen.<\/p>\n<p>&nbsp;<\/p>","protected":false},"excerpt":{"rendered":"<p>Innhold: - E27-lampeholder i plast med nettkabel og bryter - gjennomsiktig akrylring for feste i 50 mm hull Materiale: fatning (plast); holder (plast); kabel (kobber med plastkappe); PMMA-ring (for feste i 50 mm hull) Farge: lys gr\u00e5 Tekniske spesifikasjoner: Dimensjoner p\u00e5 stikkontakt: 4,5\u00d74,5\u00d76 cm Kabellengde: 3,5 m Effekt: maks. 60 W [...]","protected":false},"featured_media":7574,"comment_status":"open","ping_status":"closed","template":"","meta":{"_acf_changed":false,"content-type":"","_monsterinsights_skip_tracking":false,"_monsterinsights_sitenote_active":false,"_monsterinsights_sitenote_note":"","_monsterinsights_sitenote_category":0},"product_brand":[],"product_cat":[359,119],"product_tag":[],"class_list":{"0":"post-6555","1":"product","2":"type-product","3":"status-publish","4":"has-post-thumbnail","6":"product_cat-light-heat-humidity","7":"product_cat-formicarium-components","9":"first","10":"instock","11":"taxable","12":"shipping-taxable","13":"purchasable","14":"product-type-simple"},"acf":[],"aioseo_notices":[],"jetpack_sharing_enabled":true,"_links":{"self":[{"href":"https:\/\/antcube.shop\/nb\/wp-json\/wp\/v2\/product\/6555","targetHints":{"allow":["GET"]}}],"collection":[{"href":"https:\/\/antcube.shop\/nb\/wp-json\/wp\/v2\/product"}],"about":[{"href":"https:\/\/antcube.shop\/nb\/wp-json\/wp\/v2\/types\/product"}],"replies":[{"embeddable":true,"href":"https:\/\/antcube.shop\/nb\/wp-json\/wp\/v2\/comments?post=6555"}],"wp:featuredmedia":[{"embeddable":true,"href":"https:\/\/antcube.shop\/nb\/wp-json\/wp\/v2\/media\/7574"}],"wp:attachment":[{"href":"https:\/\/antcube.shop\/nb\/wp-json\/wp\/v2\/media?parent=6555"}],"wp:term":[{"taxonomy":"product_brand","embeddable":true,"href":"https:\/\/antcube.shop\/nb\/wp-json\/wp\/v2\/product_brand?post=6555"},{"taxonomy":"product_cat","embeddable":true,"href":"https:\/\/antcube.shop\/nb\/wp-json\/wp\/v2\/product_cat?post=6555"},{"taxonomy":"product_tag","embeddable":true,"href":"https:\/\/antcube.shop\/nb\/wp-json\/wp\/v2\/product_tag?post=6555"}],"curies":[{"name":"wp","href":"https:\/\/api.w.org\/{rel}","templated":true}]}}