{"id":6377,"date":"2023-10-06T18:09:26","date_gmt":"2023-10-06T16:09:26","guid":{"rendered":"https:\/\/antcube.shop\/product\/bundle-offer-polyrhachis-dives\/"},"modified":"2026-03-27T18:08:09","modified_gmt":"2026-03-27T17:08:09","slug":"pakke-tilbud-polyrhachis-dykkere","status":"publish","type":"product","link":"https:\/\/antcube.shop\/nb\/produkt\/pakke-tilbud-polyrhachis-dykkere\/","title":{"rendered":"Pakketilbud - Polyrhachis-dykkere"},"content":{"rendered":"<p dir=\"ltr\"><span data-text-color=\"alert\"><strong><span data-text-color=\"secondary\">Pakketilbudet inkluderer en Polyrhachis dykkmaur-koloni (dronning med 26-50 arbeidere + yngel), et startsett for vevermaur med 1x formicariumbase, 1x prydbusk og 1x reirkule som reirplass og 1x magnetisk plattform for enklere f\u00f4ring.<\/span><br \/>\n<\/strong><\/span><\/p>\n<p><span data-text-color=\"alert\"><strong>Bare s\u00e5 lenge lageret rekker.<\/strong><\/span><\/p>\n<p><strong>Alt du trenger til en Polyrhachis dives-maurkoloni<\/strong><br \/>\nDenne pakken inneholder alt du trenger for \u00e5 f\u00e5 en Polyrhachis dives-koloni gjennom de f\u00f8rste m\u00e5nedene. Den kan utvides fleksibelt og er spesielt egnet for nybegynnere innen maurhold.<\/p>\n<p><strong>Maurarten Polyrhachis dives:<\/strong><br \/>\nPolyrhachis dives kommer fra Asia og Australia og har et litt st\u00f8rre utbredelsesomr\u00e5de. Karakteristisk for denne arten er den s\u00f8lvfargede til gylne fargen p\u00e5 dyrenes ellers svartbrune kropp. De er noe mindre enn Oecophylla, lever ofte n\u00e6r bakken og bygger gjerne reir p\u00e5 steiner eller trebark. De bruker larvene sine til \u00e5 spinne reiret, men fra et vitenskapelig synspunkt tilh\u00f8rer de ikke de \"ekte vevermaurene\" som Oecophylla, selv om de i utgangspunktet bruker nesten samme veveteknikk. Arter i Polyrhachis-slekten har noen ganger ganske sm\u00e5 kolonier p\u00e5 noen f\u00e5 tusen dyr p\u00e5 det meste. If\u00f8lge rapporter kan Polyrhachis dives til og med danne kolonier med flere hundre dronninger og opptil flere hundre tusen arbeidere under perfekte forhold. Dette vil imidlertid ikke v\u00e6re tilfelle n\u00e5r de holdes hjemme.<\/p>\n<p>Polyrhachis dives er polygyn, noe som betyr at den kan ha flere dronninger samtidig. Det betyr at kolonist\u00f8rrelsen kan vokse sv\u00e6rt raskt, og den trenger mye mat og plass. Formikariet b\u00f8r derfor ogs\u00e5 kunne utvides. P\u00e5 grunn av kolonist\u00f8rrelsen er den ganske smidig og en ekte fluktspesialist. Det er derfor viktig \u00e5 s\u00f8rge for god beskyttelse mot flukt.<\/p>\n<p><strong>Reir for Polyrhachis dives<\/strong><br \/>\nI formicariumet tar Polyrhachis dives imot nesten hvilket som helst byggemateriale du tilbyr dem. Alt fra sand, sm\u00e5 dyreekskrementer og l\u00f8v til kork, trebiter og sm\u00e5 steiner - de bygger reir av alt som naturen rundt hjemmet deres byr p\u00e5. Vi har holdt v\u00e5re Polyrhachis-kolonier i mange \u00e5r med s\u00e5kalte reirkuler. I dette settet har vi ogs\u00e5 inkludert en prydbusk slik at reirkulen kan plasseres litt over bakken, slik det er vanlig i naturen.<\/p>\n<p><strong>Mat for Polyrhachis dykkere<\/strong><br \/>\nSom mat har vi inkludert hele blancherte sirisser og honningdugg i dette settet. Begge deler aksepteres sv\u00e6rt godt av Polyrhachis dives og bidrar til en naturlig og positiv utvikling av kolonien p\u00e5 grunn av n\u00e6ringsstoffene.<\/p>\n<p><strong>De optimale klimatiske forholdene for Polyrhachis-dykk er som f\u00f8lger:<\/strong><br \/>\nLuftfuktighet:<br \/>\nArena: 50 - 70% Reiromr\u00e5de: 60 - 80%<br \/>\nTemperatur:<br \/>\nArena: Om dagen: 28 - 30 \u00b0C Om natten: 24 - 28 \u00b0C Reiromr\u00e5de: 28- 30\u00b0C<\/p>\n<p><strong>Innhold:<\/strong><\/p>\n<p>1x Polyrhachis dives (2 queens + 26-50 workers + brood)<br \/>\n1x redekule naturlig 10 cm - grov<br \/>\n1x ANTCUBE-hj\u00f8rneplattform 8\u00d78 - magnet<br \/>\n1x Dekorativ \u00f8rkenbusk 30x15cm - m\u00f8rkebrun<br \/>\n1x honningduggblanding p\u00e5fyllingspakke 10 ml<br \/>\n1x Cricket Jam 25g<br \/>\n1x Formicarium base 20\u00d720<\/p>\n<p>1x ANTCUBE - Arena 20x20x40 - H\u00f8yt<br \/>\n1x maur arena ramme 20\u00d720<br \/>\n1x maur arena deksel 20\u00d720<br \/>\n4x festepunkt for arenadekke<\/p>\n<p>1x substrat - regnskog - 1 kg<br \/>\n1x fotoryggvegg - regnskog - 20\u00d740 - h\u00f8y<br \/>\nSprayflaske sprayer 0,5 liter - messingdyse<\/p>\n<p>2x Grid insert acrylic &#8211; 50 mm with sealing ring<br \/>\n2x Grid insert acrylic &#8211; 27 mm with sealing ring<\/p>\n<p>1x fj\u00e6rst\u00e5l pinsett bred - myk<br \/>\n1x plastpincett standard<br \/>\n1x plastpipette 3 ml<br \/>\n1x Olje for beskyttelse mot maurutbrudd 10 ml<br \/>\n1x drinking clear 5ml &#8211; sponge<br \/>\n1x Feeding dish white rectangle &#8211; 3 compartments<br \/>\n1x Drinking trough 2ml &#8211; 360 Degrees<br \/>\n1x h\u00e5ndlupe - 2x - 30 mm<br \/>\n1x skumvisker 150x18x2,5mm<\/p>\n<p>&nbsp;<\/p>\n<p><strong>Beskrivelse Startsett med vevermaur:<\/strong><br \/>\nDette utvidbare startsettet for ulike vevmaurarter som Polyrhachis spec. eller Oecophylla spec. inneholder ikke bare det optimalt tilpassede formicariumet, men ogs\u00e5 passende tilbeh\u00f8r for hold av disse maurartene. Egnet for kolonier p\u00e5 opptil ca. 500-1000 dyr. For st\u00f8rre kolonier anbefaler vi et 30x30x60 cm formicarium. Drikkedunken \"klar 20 ml - svamp\" er beregnet for vann, drikkedunken \"2 ml - 360 grader\" for honningduggblandingen.<\/p>\n<p><strong>Viktig:<\/strong> Fukt substratet f\u00f8r bruk, slik at blandingen kan binde seg og utvikle et fast grep i maurfarmen. I tillegg kan et t\u00f8rt og st\u00f8vete substrat f\u00f8re til at maurens luftveier blokkeres og i verste fall f\u00f8re til at dyrene kveles.<\/p>\n<p><strong>Merknader om produksjon<\/strong><br \/>\nGlasset er tilsk\u00e5ret i henhold til DIN 1249 med en toleranse p\u00e5 +\/- 1 mm. Ekstra beskyttelse mot utbrudd er n\u00f8dvendig for ekstremt sm\u00e5 maurarter.<\/p>\n<p><strong>Merknad om de blancherte sirissene:<\/strong><br \/>\nV\u00e5re blancherte sirisser er en enkel m\u00e5te \u00e5 gi maurene dine nykonserverte proteiner uten \u00e5 m\u00e5tte f\u00f4re med levende insekter. De inneholdte sirissene (Acheta domesticus) er sk\u00e5nsomt blancherte for \u00e5 sikre at n\u00e6ringsverdier, smak og aroma beholdes. I tillegg mykgj\u00f8res insektenes kitinskall p\u00e5 denne m\u00e5ten, slik at det blir lettere \u00e5 ford\u00f8ye. Bindingene i kollagenproteinene brytes ned slik at maurene kan utnytte dem bedre. Acheta domesticus p\u00e5 boks har samme n\u00e6ringsverdi som levende sirisser, men er lettere \u00e5 ford\u00f8ye.<\/p>\n<p>De blancherte sirissene egner seg ikke til jakt p\u00e5 maurarter som krever levende f\u00f8de (f.eks. poneriner (stormaur) som Harpegnathos eller Odontomachus).<\/p>\n<p>Ytterligere fordeler:<br \/>\nGarantert fri for midd<br \/>\nKan porsjoneres<br \/>\nSterilisert og st\u00f8vsugd<br \/>\nUten tilsetningsstoffer<br \/>\nF\u00e5rekyllinger fra b\u00e6rekraftig, rent \u00f8kologisk oppdrett, f\u00f4ret med organisk avfall.<\/p>\n<p><strong>V\u00e6r oppmerksom p\u00e5 dette:<\/strong><br \/>\nKan oppbevares i kj\u00f8leskapet i ca. fire dager etter \u00e5pning. Lengre holdbarhet hvis den fryses.<\/p>\n<p><strong>Merknad om honningdugg:<\/strong><br \/>\nInnhold: 10 ml<br \/>\nDette er et naturlig produkt, som vi har raffinert etter omfattende testing i laboratoriet v\u00e5rt og utviklet til en mat som maurene aksepterer sv\u00e6rt godt. \u00c5rsaken er at ubehandlet honningdugghonning i sin konsentrerte opprinnelige form ikke aksepteres godt av maur og deres metabolisme.<br \/>\nHonningduggen v\u00e5r ble samlet i de uforurensede, ville fjellskogene i Bulgaria. Honningdugg produseres bare i en sv\u00e6rt begrenset periode, omtrent to m\u00e5neder om sommeren. Den er derfor sv\u00e6rt sjelden. P\u00e5 grunn av skogens spesielle jordsmonn og klimaet lagres viktige n\u00e6ringsstoffer i tr\u00e6rnes blader, som absorberes av bladlusene. Det er dette som gj\u00f8r denne honningduggblandingen s\u00e5 ettertraktet for maur.<\/p>\n<p><strong>Bruksomr\u00e5de:<\/strong><br \/>\nMengden mat b\u00f8r konsumeres innen ca. 3 dager.<\/p>\n<p><strong>Beskrivelse:<\/strong><br \/>\nI motsetning til blomsterhonning utvinnes honningdugg av sekreter fra insekter som suger p\u00e5 planter, for eksempel bladlus. Honningdugg er en popul\u00e6r matkilde for mange insekter som maur, bier og humler. Bier og humler slikker honningdugg fra bladene eller n\u00e5lene p\u00e5 ulike tr\u00e6r. Maur som Lasius niger holder bokstavelig talt bladlusene i live. De forsvarer dem til og med mot rovdyr og b\u00e6rer dem til nye skudd.<\/p>\n<p>Honningdugg er spesielt popul\u00e6rt blant maur p\u00e5 grunn av sine noe annerledes bestanddeler. De viktigste sukkerartene i honningdugg er sukrose og fruktose, men det finnes ogs\u00e5 mindre mengder maltose, trehalose, melezitose, raffinose og andre oligosakkarider. I tillegg til sukker og vann inneholder honningdugg ogs\u00e5 essensielle aminosyrer, mineraler, sporstoffer, adenosiner, fosfater og andre ingredienser som vitaminer.<\/p>\n<p><strong>Bruk:<\/strong><br \/>\nFor honningspisende maurarter (Meliphagidae)<br \/>\nDette er et tilleggsf\u00f4r<br \/>\nDet kan tilbys dyrene etter hvert som de f\u00e5r det. Ettersom sukkerkonsentrasjonen reduseres p\u00e5 grunn av fuktigheten og en gj\u00e6ringsprosess starter, b\u00f8r f\u00f4ret skiftes ut hver 3. dag. Rengj\u00f8r f\u00f4rsk\u00e5len\/r\u00f8ret grundig f\u00f8r det brukes p\u00e5 nytt.<br \/>\nN\u00e5r en pakning er \u00e5pnet, skal den oppbevares tett lukket frem til utl\u00f8psdatoen.<br \/>\nN\u00e6ringsinnhold per 100 g:<br \/>\nca. 2,7 % fettstoffer<br \/>\nhvorav mettet ca. 0,45 %<br \/>\nca. 95 % karbohydrater<br \/>\nhvorav sukker ca. 71<br \/>\nca. 2,85%-protein<\/p>\n<p>Mineraler (kalium, kalsium, kobber, jern, natrium, magnesium, fosfor, sink og andre sporstoffer) Aminosyrer (prolin, leucin, fenylalanin, alanin, histidin, isoleucin, glutaminsyre, arginin, asparaginsyre, etc.) Organiske syrer Enzymer (fermenter)Smaksstoffer Inhibiner (antibakterielle stoffer) Blomster Pollen<\/p>\n<p><strong>Lagring:<\/strong><br \/>\nFor \u00e5 sikre kvaliteten p\u00e5 f\u00f4ret b\u00f8r det oppbevares m\u00f8rkt og t\u00f8rt.<\/p>\n<p><strong>Merk:<\/strong><br \/>\nInformasjon om bruk av f\u00f4rslanger finner du her: Lenke<br \/>\nTilleggsf\u00f4r for honningspisende maur.<br \/>\nSe pakningsvedlegget for sammensetning, analytiske ingredienser, holdbarhetsdato og batchnummer.<\/p>\n<p>Informasjonstelefon +49 30 439703870<\/p>\n<p>Ansvarlig veterin\u00e6r- og mattilsyn:<br \/>\nSteglitz veterin\u00e6rkontor<br \/>\nK\u00f6nigin-Luise-Str. 92<br \/>\n14195 Berlin<\/p>\n<p><strong>Beskrivelse Prydbusk<\/strong><\/p>\n<p>St\u00f8rrelse \/ h\u00f8yde 17 cm til 19 cm, diameter ~ 10 cm -12 cm, ideell for arenaer p\u00e5 30x30x30 cm og h\u00f8yere.<br \/>\nVekten varierer mellom 50 og 80 gram<\/p>\n<p>Dekorativ gjenstand som best\u00e5r av en naturlig t\u00f8rket trebusk og en base av kunstharpiks (bunnplate).<br \/>\nDenne prydbusken er h\u00e5ndlaget i Tyskland og er derfor preget av b\u00e6rekraft.<\/p>\n<p><strong>OBS!<\/strong> Ikke plasser busken i sv\u00e6rt fuktige omgivelser (over 60% luftfuktighet). Busken kan begynne \u00e5 mugne. Med sv\u00e6rt god ventilasjon kan busken ogs\u00e5 plasseres i fuktigere formicaria.<\/p>\n<p>Noen prydbusker st\u00e5r ikke av seg selv i formicariumet p\u00e5 grunn av h\u00f8yden. I slike tilfeller kan det hjelpe \u00e5 dekke basen litt med substrat eller \u00e5 plassere produktet n\u00e6r de ytre rutene.<\/p>\n<p><span data-text-color=\"alert\"><strong>VIKTIG MERKNAD TIL ARTIKKELEN:<\/strong><\/span><br \/>\nEttersom dette er et naturprodukt\/unik vare, er illustrasjonene her ikke helt identiske med varen du mottar. Det kan forekomme avvik i st\u00f8rrelse, form og farge p\u00e5 minitreet og steinbruddsskiferplaten. Vi garanterer kun varens maksimale h\u00f8yde.<\/p>\n<p>Ved \u00e5 bestille denne varen godtar og samtykker du til ovennevnte mulige avvik p\u00e5 produktet i st\u00f8rrelse, form og farge p\u00e5 kj\u00f8pstidspunktet.<\/p>","protected":false},"excerpt":{"rendered":"<p>Settet best\u00e5r av 31 deler.<br \/>\nSt\u00f8rrelse: <strong>XL<\/strong><\/p>","protected":false},"featured_media":7116,"comment_status":"open","ping_status":"closed","template":"","meta":{"_acf_changed":false,"content-type":"","_monsterinsights_skip_tracking":false,"_monsterinsights_sitenote_active":false,"_monsterinsights_sitenote_note":"","_monsterinsights_sitenote_category":0},"product_brand":[],"product_cat":[355,354,73],"product_tag":[],"class_list":{"0":"post-6377","1":"product","2":"type-product","3":"status-publish","4":"has-post-thumbnail","6":"product_cat-bundle-offers","7":"product_cat-starter-sets-for-weaver-ants","8":"product_cat-starter-sets","10":"first","11":"instock","12":"taxable","13":"shipping-taxable","14":"purchasable","15":"product-type-simple"},"acf":[],"aioseo_notices":[],"jetpack_sharing_enabled":true,"_links":{"self":[{"href":"https:\/\/antcube.shop\/nb\/wp-json\/wp\/v2\/product\/6377","targetHints":{"allow":["GET"]}}],"collection":[{"href":"https:\/\/antcube.shop\/nb\/wp-json\/wp\/v2\/product"}],"about":[{"href":"https:\/\/antcube.shop\/nb\/wp-json\/wp\/v2\/types\/product"}],"replies":[{"embeddable":true,"href":"https:\/\/antcube.shop\/nb\/wp-json\/wp\/v2\/comments?post=6377"}],"wp:featuredmedia":[{"embeddable":true,"href":"https:\/\/antcube.shop\/nb\/wp-json\/wp\/v2\/media\/7116"}],"wp:attachment":[{"href":"https:\/\/antcube.shop\/nb\/wp-json\/wp\/v2\/media?parent=6377"}],"wp:term":[{"taxonomy":"product_brand","embeddable":true,"href":"https:\/\/antcube.shop\/nb\/wp-json\/wp\/v2\/product_brand?post=6377"},{"taxonomy":"product_cat","embeddable":true,"href":"https:\/\/antcube.shop\/nb\/wp-json\/wp\/v2\/product_cat?post=6377"},{"taxonomy":"product_tag","embeddable":true,"href":"https:\/\/antcube.shop\/nb\/wp-json\/wp\/v2\/product_tag?post=6377"}],"curies":[{"name":"wp","href":"https:\/\/api.w.org\/{rel}","templated":true}]}}