{"id":5935,"date":"2023-06-24T12:30:33","date_gmt":"2023-06-24T10:30:33","guid":{"rendered":"https:\/\/antcube.shop\/product\/bundle-offer-messor-angularis\/"},"modified":"2025-10-19T06:01:04","modified_gmt":"2025-10-19T04:01:04","slug":"pakke-tilbud-messor-angularis","status":"publish","type":"product","link":"https:\/\/antcube.shop\/nb\/produkt\/pakke-tilbud-messor-angularis\/","title":{"rendered":"Pakketilbud - Messor arenarius"},"content":{"rendered":"<div class=\"tab-body active\">\n<p><span data-text-color=\"secondary\"><strong>Pakketilbud som inkluderer en maurkoloni Messor angularis (dronning + yngel), et startsett for h\u00f8stmaur L Popcorn med 3x Formicarium-pads og et glass med v\u00e5re spesielle blancherte sirisser (Moist Protein).<\/strong><\/span><\/p>\n<p><span data-text-color=\"alert\"><strong>Bare s\u00e5 lenge lageret rekker.<\/strong><\/span><\/p>\n<p><strong>Alt du trenger for \u00e5 lykkes med \u00e5 holde Messor arenarius<\/strong><br \/>\nDenne pakken inneholder alt du trenger for \u00e5 lykkes med \u00e5 holde en koloni av Messor arenarius de f\u00f8rste m\u00e5nedene. Den kan utvides fleksibelt og er ideell for \u00e5 komme i gang med maurhold.<\/p>\n<p><strong>Maurarten: Messor arenarius<\/strong><br \/>\nMessor arenarius, ogs\u00e5 kjent som \"sanddynemyren\", er en sv\u00e6rt stor, kornspisende maurart sammenlignet med andre Messor-arter, og den finnes hovedsakelig i t\u00f8rre og varme omr\u00e5der i Nord-Afrika. De st\u00f8rste arbeiderne kan n\u00e5 en forbl\u00f8ffende st\u00f8rrelse p\u00e5 18 mm. Den er kjent for sin tilpasningsevne til t\u00f8rre habitater og tilh\u00f8rer de s\u00e5kalte h\u00f8stmaurene, som er kjent for sitt interessante levesett og sine imponerende reirstrukturer.<\/p>\n<p>Visuelt skiller Messor arenarius seg ut med sin skinnende svarte kropp og de kraftig bygde store arbeidermaurene, som er spesielt imponerende. P\u00e5 grunn av sin robuste natur og enkle krav til hold er den en ideell art for nybegynnere, men p\u00e5 grunn av sin imponerende st\u00f8rrelse er den ogs\u00e5 interessant for avanserte maurholdere.<\/p>\n<p><strong>Mat til Messor arenarius<\/strong><br \/>\nMessor arenarius lever hovedsakelig av korn, som den bruker til \u00e5 lage s\u00e5kalt \"maurbr\u00f8d\". I tillegg tar kolonien ogs\u00e5 imot s\u00f8t frukt, sm\u00e5 insekter og proteinholdig mat. St\u00f8rstedelen av fuktighetsbehovet dekkes av korn, mens resten dekkes av insekter og eventuelle v\u00e6sker som tilbys, for eksempel honningvann.<\/p>\n<p><strong>F\u00f8lgende f\u00f4r b\u00f8r gis i formicariumet:<\/strong><br \/>\nKornblandinger<br \/>\nSm\u00e5 insekter (f.eks. bananfluer)<br \/>\nS\u00f8rg alltid for friskt vann<br \/>\nHonningvann om n\u00f8dvendig (merk: dekk alltid til \u00e5pne v\u00e6sker for \u00e5 forhindre at maurene faller ned i dem).<\/p>\n<p><strong>Det riktige formicariumet for Messor arenarius<\/strong><br \/>\nSom alle h\u00f8stmaur trenger ogs\u00e5 Messor arenarius et reir som har b\u00e5de t\u00f8rre og litt fuktige omr\u00e5der. Det fuktige omr\u00e5det er til yngelpleie, mens den t\u00f8rre delen er ideell til oppbevaring av korn for \u00e5 forhindre muggvekst. Startsettet v\u00e5rt inneholder derfor to maurfarmer (reir), som er tilstrekkelig de f\u00f8rste 1-2 \u00e5rene. Etter det b\u00f8r formicariumet utvides for \u00e5 skape plass til at kolonien kan vokse.<\/p>\n<p><strong>De optimale klimaforholdene for Messor arenarius:<\/strong><br \/>\n<strong>Luftfuktighet:<\/strong><br \/>\nArena: 30-50 %<br \/>\nReiromr\u00e5de: 50-70 %<\/p>\n<p><strong>Temperatur:<\/strong><br \/>\nArena: 25-30 \u00b0C<br \/>\nReiromr\u00e5de: 22-28 \u00b0C<\/p>\n<p><strong>Hekkemateriale for Messor arenarius<\/strong><br \/>\nDigfix er spesielt godt egnet for hold av Messor arenarius. Det er motstandsdyktig mot fuktighet og gj\u00f8r det mulig \u00e5 se reirstrukturene uten at rester av substratet forstyrrer utsikten, slik tilfellet er med sand\/leire-blandinger.<\/p>\n<p>Ettersom Major-arbeiderne over tid ogs\u00e5 kan gnage p\u00e5 hardere materialer som Ytong, anbefaler vi glassreir med Digfix-innlegg. Denne kombinasjonen gir ikke bare lang levetid, men ogs\u00e5 optimale forhold for \u00e5 observere og ta vare p\u00e5 kolonien.<\/p>\n<p>Med dette oppsettet skaper du et ideelt grunnlag for \u00e5 holde Messor arenarius og kan observere og ta vare p\u00e5 disse fascinerende maurene i mange \u00e5r fremover.<\/p>\n<p><strong>Innhold:<\/strong><br \/>\n1x Messor arenarius (dronning + 1-4 arbeidere + yngel)<br \/>\n1x blancherte gresshopper 10g<br \/>\n1x kornf\u00f4r minor 100g<br \/>\n1x formicarium-pute - 20x20 cm<br \/>\n2 x formicarium-pute - 20x6 cm<\/p>\n<p>1x ANTCUBE - arena 20x20x10 - flatt<br \/>\n1x maur arena ramme 20\u00d720<br \/>\n1x maur arena deksel 20\u00d720<br \/>\n1x festepunkter for arenadeksel 4 stk.<br \/>\n2x ANTCUBE - Myretue - L - 20\u00d720 - st\u00e5ende<\/p>\n<p>2x ANTCUBE - Digfix Terra nidum 20\u00d720 - L - beige<br \/>\n1x Popcorn-reir 20\u00d720 - L<br \/>\n1x 1m r\u00f8r gjennomsiktig 20\/16 mm<br \/>\n2x ANTCUBE - r\u00f8d folie 20\u00d720 - filter<br \/>\n2x selvklebende klemmer - gjennomsiktige 2 stk.<br \/>\n1x underlag - \u00f8rken - 1 kg<\/p>\n<p>2x gitterinnsats - 50mm - rustfritt st\u00e5l<br \/>\n1x gitterinnsats - 27mm - rustfritt st\u00e5l<br \/>\n1x gitterhette - 16mm - rustfritt st\u00e5l<\/p>\n<p>1x kobling for tankslange 27-14,16,20 mm - transparent<br \/>\n1x f\u00f4r dispenser 2ml - dos\u00e9rbar<br \/>\n1x drikketr\u00e5kk klart 20 ml - svamp<br \/>\n1x bolle klar 1\u00d720 - svamp<br \/>\n1x Mini termohygrometer analog - display - hengende<br \/>\n1x Maur fluktbeskyttelse olje 10ml<br \/>\n1x Pincett av fj\u00e6rst\u00e5l - bred - myk<br \/>\n1x Pincett i gjennomsiktig plast<br \/>\n1x plastpipette 3 ml<br \/>\n1x h\u00e5ndlupe - 2x - 30 mm<br \/>\n1x skumvisker 150x18x2,5mm<br \/>\n1x fotobakside - \u00f8rken - 20\u00d710<\/p>\n<p><strong>Beskrivelse Startsett:<\/strong><br \/>\nDette startsettet er spesielt egnet for kornsamlende maurarter av slekten Messor eller Pogonomyrmex. G\u00e5rden med popcorntallerkenen er beregnet p\u00e5 oppbevaring av fr\u00f8 og maurbr\u00f8d og b\u00f8r derfor v\u00e6re helt t\u00f8rr for \u00e5 hindre at fr\u00f8ene\/kornene som maurene oppbevarer der, spirer eller mugner.<br \/>\nDen andre g\u00e5rden med \"Terra nidum\"-platen er ment som hekke- og yngleomr\u00e5de for maurkolonien. Denne skal alltid holdes litt fuktig.<br \/>\nFor \u00e5 gi deg mer fleksibilitet n\u00e5r du setter opp formicariumet ditt, har vi inkludert en ekstra \"Terra nidum\"-plate som du kan bruke i stedet for popcornreiret.<\/p>\n<p><strong>Beskrivelse av Terra nidum-platen:<\/strong> Terra nidum-platen (latin for jordreir) er laget av gravedyktig materiale og passer perfekt til v\u00e5re ANTCUBE maurtuer. Den kan brukes b\u00e5de t\u00f8rt og v\u00e5tt. Den er ogs\u00e5 egnet for mange maurarter, spesielt arter som bygger reir i sand og (d\u00f8dt) treverk. Det kan brukes i stedet for sand\/leire-blandinger eller korkbolinnlegg. Fordelen med dette bolet er at det er lettere \u00e5 kontrollere fuktingen av platen p\u00e5 grunn av en godt synlig misfarging, og fargen p\u00e5 platen gir en super kontrast til de vanligvis m\u00f8rkere maurartene. I tillegg kan de indre rutene i maurtuen ikke tilsmusses med substrat, slik tilfellet er med for eksempel sand\/leire-blandinger, noe som gir perfekt innsyn til reiret. V\u00e5rt reirmateriale har ogs\u00e5 en mye fastere struktur, slik at tunneler og kamre som maurene graver, ikke kollapser.<\/p>\n<p><strong>Beskrivelse av popcornreiret:<\/strong> Dette popcornboet med prefabrikkerte ganger og kamre passer perfekt som kornkammer for for eksempel Messor-maur, men ogs\u00e5 for andre kornsamlende maurarter. Det har et hull for tilgang til boet. Popcornboet absorberer fuktighet og kan derfor utvide seg, s\u00e5 det b\u00f8r alltid holdes t\u00f8rt. Messor barbarus aksepterer ANTCUBE-popcornbolet v\u00e5rt veldig godt som kornkammer. Etter hvert begynner maurene \u00e5 utvide popcornreiret og spise seg gjennom reirmaterialet. Det lukter karamellisert honning og er derfor veldig attraktivt.<\/p>\n<p>Popcornreiret b\u00f8r bare brukes til maurarter som krever sv\u00e6rt lite eller ingen fuktighet i reiromr\u00e5det.<\/p>\n<p><strong>Viktig:<\/strong> Fukt substratet f\u00f8r bruk, slik at blandingen kan binde seg og utvikle et fast grep i maurfarmen. I tillegg kan et t\u00f8rt og st\u00f8vete substrat f\u00f8re til at maurens luftveier blokkeres og i verste fall f\u00f8re til at dyrene kveles.<\/p>\n<p><strong>Anbefaling:<\/strong> Vi anbefaler et substratlag p\u00e5 2 mm h\u00f8yde, slik at dyrene ikke kan grave seg inn i arenaen og i stedet bruker g\u00e5rden som er beregnet til dette form\u00e5let. Vi anbefaler ogs\u00e5 at redematerialet i g\u00e5rden (sand\/leire, Digfix osv.) er lett prikket p\u00e5 ett sted for \u00e5 gj\u00f8re det lettere for dyrene \u00e5 grave.<\/p>\n<p><strong>Merknader om produksjon<\/strong><br \/>\nGlasset er sk\u00e5ret i henhold til DIN 1249 med en toleranse p\u00e5 +\/- 1 mm. For ekstremt sm\u00e5 maurarter er ekstra r\u00f8mningsbeskyttelse viktig.<\/p>\n<p><strong>Merknader om g\u00e5rden<\/strong><br \/>\nV\u00e6r oppmerksom p\u00e5 f\u00f8lgende n\u00e5r du monterer eller fjerner slanger:<br \/>\nHvis slangen er sv\u00e6rt vanskelig \u00e5 f\u00e5 p\u00e5 plass p\u00e5 tilkoblingsmuffen, b\u00f8r muffen gnides lett inn med en dr\u00e5pe av v\u00e5r olje eller pulver som beskytter mot utbrudd. Deretter skal slangen skyves p\u00e5 muffen ved hjelp av vridnings- eller skrubevegelser uten \u00e5 belaste muffen med opp- og nedbevegelser. Det samme gjelder n\u00e5r du fjerner slangene fra g\u00e5rdsstussen. Ikke bare dra den av!<\/p>\n<p><strong>Merknad om Terra nidum:<\/strong> Den naturlige fargen kan variere mellom beige\/sandfarget og lysebrun. Fargen har ingen innvirkning p\u00e5 kvaliteten.<br \/>\nP\u00e5 grunn av produksjonsprosessen kan dimensjonene variere med +\/- 1 mm.<\/p>\n<p><strong>Merknad om de blancherte sirissene:<\/strong><br \/>\nV\u00e5re blancherte sirisser er en enkel m\u00e5te \u00e5 gi maurene dine nykonserverte proteiner uten \u00e5 m\u00e5tte f\u00f4re med levende insekter. De inneholdte sirissene (Acheta domesticus) er sk\u00e5nsomt blancherte for \u00e5 sikre at n\u00e6ringsverdier, smak og aroma beholdes. I tillegg mykgj\u00f8res insektenes kitinskall p\u00e5 denne m\u00e5ten, slik at det blir lettere \u00e5 ford\u00f8ye. Bindingene i kollagenproteinene brytes ned slik at maurene kan utnytte dem bedre. Acheta domesticus p\u00e5 boks har samme n\u00e6ringsverdi som levende sirisser, men er lettere \u00e5 ford\u00f8ye.<\/p>\n<p>De blancherte sirissene egner seg ikke til jakt p\u00e5 maurarter som krever levende mat (f.eks. poneriner som Harpegnathos eller Odontomachus).<\/p>\n<p><strong>Ytterligere fordeler:<\/strong><br \/>\nGarantert fri for midd<br \/>\nKan porsjoneres<br \/>\nSterilisert og st\u00f8vsugd<br \/>\nUten tilsetningsstoffer<br \/>\nF\u00e5rekyllinger fra b\u00e6rekraftig, rent \u00f8kologisk oppdrett, f\u00f4ret med organisk avfall.<\/p>\n<p><strong>V\u00e6r oppmerksom p\u00e5 dette:<\/strong><br \/>\nKan oppbevares i kj\u00f8leskapet i ca. fire dager etter \u00e5pning. Lengre holdbarhet hvis den fryses.<\/p>\n<\/div>","protected":false},"excerpt":{"rendered":"<p>Pakketilbud som inkluderer en Messor arenarius maurkoloni (dronning + 5-10 arbeidere + yngel), et startsett for h\u00f8stmaur L Popcorn med 3 x formicariumputer og et glass med v\u00e5re spesielle blancherte sirisser (fuktig protein). Kun s\u00e5 lenge lageret rekker. Alt du trenger for \u00e5 lykkes med \u00e5 holde Messor arenarius Denne pakken inneholder alt du trenger for \u00e5","protected":false},"featured_media":10873,"comment_status":"open","ping_status":"closed","template":"","meta":{"_acf_changed":false,"content-type":"","_monsterinsights_skip_tracking":false,"_monsterinsights_sitenote_active":false,"_monsterinsights_sitenote_note":"","_monsterinsights_sitenote_category":0},"product_brand":[],"product_cat":[355,344,353,73],"product_tag":[],"class_list":{"0":"post-5935","1":"product","2":"type-product","3":"status-publish","4":"has-post-thumbnail","6":"product_cat-bundle-offers","7":"product_cat-popcorn","8":"product_cat-starter-sets-for-harvester-ants","9":"product_cat-starter-sets","11":"first","12":"outofstock","13":"taxable","14":"shipping-taxable","15":"purchasable","16":"product-type-simple"},"acf":[],"aioseo_notices":[],"jetpack_sharing_enabled":true,"_links":{"self":[{"href":"https:\/\/antcube.shop\/nb\/wp-json\/wp\/v2\/product\/5935","targetHints":{"allow":["GET"]}}],"collection":[{"href":"https:\/\/antcube.shop\/nb\/wp-json\/wp\/v2\/product"}],"about":[{"href":"https:\/\/antcube.shop\/nb\/wp-json\/wp\/v2\/types\/product"}],"replies":[{"embeddable":true,"href":"https:\/\/antcube.shop\/nb\/wp-json\/wp\/v2\/comments?post=5935"}],"wp:featuredmedia":[{"embeddable":true,"href":"https:\/\/antcube.shop\/nb\/wp-json\/wp\/v2\/media\/10873"}],"wp:attachment":[{"href":"https:\/\/antcube.shop\/nb\/wp-json\/wp\/v2\/media?parent=5935"}],"wp:term":[{"taxonomy":"product_brand","embeddable":true,"href":"https:\/\/antcube.shop\/nb\/wp-json\/wp\/v2\/product_brand?post=5935"},{"taxonomy":"product_cat","embeddable":true,"href":"https:\/\/antcube.shop\/nb\/wp-json\/wp\/v2\/product_cat?post=5935"},{"taxonomy":"product_tag","embeddable":true,"href":"https:\/\/antcube.shop\/nb\/wp-json\/wp\/v2\/product_tag?post=5935"}],"curies":[{"name":"wp","href":"https:\/\/api.w.org\/{rel}","templated":true}]}}